{"id":10,"date":"2023-09-05T07:56:56","date_gmt":"2023-09-05T10:56:56","guid":{"rendered":"https:\/\/departamentos.uepb.edu.br\/ads\/?page_id=10"},"modified":"2024-01-30T12:28:48","modified_gmt":"2024-01-30T15:28:48","slug":"contato","status":"publish","type":"page","link":"https:\/\/departamentos.uepb.edu.br\/ads\/contato\/","title":{"rendered":"Contato"},"content":{"rendered":"<p><strong>E-mail:<\/strong> <a href=\"mailto:coord.ads.ccbsa@setor.uepb.edu.br\">coord.ads.ccbsa@setor.uepb.edu.br<\/a><\/p>\n<p><strong>Localiza\u00e7\u00e3o:<\/strong><br \/>\nRua Hor\u00e1cio Trajano de Oliveira, S\/N, Cristo Redentor, Cep 58071-160 &#8211; Jo\u00e3o Pessoa &#8211; Para\u00edba<\/p>\n<p><strong>Hor\u00e1rio de Atendimento ao P\u00fablico:<\/strong><br \/>\nde seg. \u00e0 sex.: 08:00h \u00e0s 12:00h e 13:00h \u00e0s 17:00<\/p>\n<p><strong>\u00a0<\/strong><\/p>\n<p>&nbsp;<\/p>\n<p>&nbsp;<\/p>\n","protected":false},"excerpt":{"rendered":"<p>E-mail: coord.ads.ccbsa@setor.uepb.edu.br Localiza\u00e7\u00e3o: Rua Hor\u00e1cio Trajano de Oliveira, S\/N, Cristo Redentor, Cep 58071-160 &#8211; Jo\u00e3o Pessoa &#8211; Para\u00edba Hor\u00e1rio de Atendimento ao P\u00fablico: de seg. \u00e0 sex.: 08:00h \u00e0s 12:00h e 13:00h \u00e0s 17:00 \u00a0 &nbsp; &nbsp;<\/p>\n","protected":false},"author":16,"featured_media":0,"parent":0,"menu_order":0,"comment_status":"closed","ping_status":"closed","template":"","meta":{"footnotes":""},"class_list":["post-10","page","type-page","status-publish","hentry"],"_links":{"self":[{"href":"https:\/\/departamentos.uepb.edu.br\/ads\/wp-json\/wp\/v2\/pages\/10","targetHints":{"allow":["GET"]}}],"collection":[{"href":"https:\/\/departamentos.uepb.edu.br\/ads\/wp-json\/wp\/v2\/pages"}],"about":[{"href":"https:\/\/departamentos.uepb.edu.br\/ads\/wp-json\/wp\/v2\/types\/page"}],"author":[{"embeddable":true,"href":"https:\/\/departamentos.uepb.edu.br\/ads\/wp-json\/wp\/v2\/users\/16"}],"replies":[{"embeddable":true,"href":"https:\/\/departamentos.uepb.edu.br\/ads\/wp-json\/wp\/v2\/comments?post=10"}],"version-history":[{"count":4,"href":"https:\/\/departamentos.uepb.edu.br\/ads\/wp-json\/wp\/v2\/pages\/10\/revisions"}],"predecessor-version":[{"id":85,"href":"https:\/\/departamentos.uepb.edu.br\/ads\/wp-json\/wp\/v2\/pages\/10\/revisions\/85"}],"wp:attachment":[{"href":"https:\/\/departamentos.uepb.edu.br\/ads\/wp-json\/wp\/v2\/media?parent=10"}],"curies":[{"name":"wp","href":"https:\/\/api.w.org\/{rel}","templated":true}]}}