{"id":136,"date":"2024-08-16T07:41:10","date_gmt":"2024-08-16T10:41:10","guid":{"rendered":"https:\/\/departamentos.uepb.edu.br\/ads\/?page_id=136"},"modified":"2025-02-18T10:15:50","modified_gmt":"2025-02-18T13:15:50","slug":"turmas","status":"publish","type":"page","link":"https:\/\/departamentos.uepb.edu.br\/ads\/turmas\/","title":{"rendered":"Turmas"},"content":{"rendered":"<p><em>2\u00ba Per\u00edodo<\/em><br \/>\n<a href=\"https:\/\/docs.google.com\/spreadsheets\/d\/1_snbCqwb0iklBdwgf4btAEGBLgwso81BFeBFZ5deVe8\/edit?usp=sharing\" target=\"_blank\" rel=\"noopener\">Turma 1 &#8211; Manh\u00e3<\/a><br \/>\n<a href=\"https:\/\/docs.google.com\/spreadsheets\/d\/1ktGcIPgdj-uAkbRy-7V3WDNgSxAMJhsPet6yCy-evAk\/edit?usp=sharing\" target=\"_blank\" rel=\"noopener\">Turma 2 &#8211; Manh\u00e3<\/a><br \/>\n<a href=\"https:\/\/docs.google.com\/spreadsheets\/d\/1zQZg8AdnRE1FRrkP5H8P2NvVSceXkndjQXldnT69mXY\/edit?usp=sharing\" target=\"_blank\" rel=\"noopener\">Turma 3 &#8211; Tarde<\/a><br \/>\n<a href=\"https:\/\/docs.google.com\/spreadsheets\/d\/1PWDeoysU3bHd3L-s7x3vsV7AzLBgxOBTcfgX4GXUkhs\/edit?usp=sharing\" target=\"_blank\" rel=\"noopener\">Turma 4 &#8211; Tarde<\/a><\/p>\n<p><em>3\u00ba Per\u00edodo<\/em><br \/>\n<a href=\"https:\/\/docs.google.com\/spreadsheets\/d\/1rXaiH2WfV2H19HBBjdeRjEMsczg65rEBQpD4wfr50e4\/edit?usp=sharing\" target=\"_blank\" rel=\"noopener\">Turma 1 &#8211; Tarde<\/a><br \/>\n<a href=\"https:\/\/docs.google.com\/spreadsheets\/d\/1gSvMVPxC-Hp4rFG31EQs6fDB_daJdNML8OLr0wu1Qw8\/edit?usp=sharing\" target=\"_blank\" rel=\"noopener\">Turma 2 &#8211; Tarde<\/a><\/p>\n<p><em>4\u00ba Per\u00edodo<\/em><br \/>\n<a href=\"https:\/\/docs.google.com\/spreadsheets\/d\/1v69Owp_AHwNFzJq7qoVOajrber4KnFcwi41GJcixJSI\/edit?usp=sharing\" target=\"_blank\" rel=\"noopener\">Turma 1 &#8211; Manh\u00e3<\/a><br \/>\n<a href=\"https:\/\/docs.google.com\/spreadsheets\/d\/17Wr9htNRBFxuTb2wB518DGOulZ0DA-9OjBmvD4xz07Q\/edit?usp=sharing\" target=\"_blank\" rel=\"noopener\">Turma 2 &#8211; Tarde<\/a><\/p>\n","protected":false},"excerpt":{"rendered":"<p>2\u00ba Per\u00edodo Turma 1 &#8211; Manh\u00e3 Turma 2 &#8211; Manh\u00e3 Turma 3 &#8211; Tarde Turma 4 &#8211; Tarde 3\u00ba Per\u00edodo Turma 1 &#8211; Tarde Turma 2 &#8211; Tarde 4\u00ba Per\u00edodo Turma 1 &#8211; Manh\u00e3 Turma 2 &#8211; Tarde<\/p>\n","protected":false},"author":23,"featured_media":0,"parent":0,"menu_order":0,"comment_status":"closed","ping_status":"closed","template":"","meta":{"footnotes":""},"class_list":["post-136","page","type-page","status-publish","hentry"],"_links":{"self":[{"href":"https:\/\/departamentos.uepb.edu.br\/ads\/wp-json\/wp\/v2\/pages\/136","targetHints":{"allow":["GET"]}}],"collection":[{"href":"https:\/\/departamentos.uepb.edu.br\/ads\/wp-json\/wp\/v2\/pages"}],"about":[{"href":"https:\/\/departamentos.uepb.edu.br\/ads\/wp-json\/wp\/v2\/types\/page"}],"author":[{"embeddable":true,"href":"https:\/\/departamentos.uepb.edu.br\/ads\/wp-json\/wp\/v2\/users\/23"}],"replies":[{"embeddable":true,"href":"https:\/\/departamentos.uepb.edu.br\/ads\/wp-json\/wp\/v2\/comments?post=136"}],"version-history":[{"count":3,"href":"https:\/\/departamentos.uepb.edu.br\/ads\/wp-json\/wp\/v2\/pages\/136\/revisions"}],"predecessor-version":[{"id":283,"href":"https:\/\/departamentos.uepb.edu.br\/ads\/wp-json\/wp\/v2\/pages\/136\/revisions\/283"}],"wp:attachment":[{"href":"https:\/\/departamentos.uepb.edu.br\/ads\/wp-json\/wp\/v2\/media?parent=136"}],"curies":[{"name":"wp","href":"https:\/\/api.w.org\/{rel}","templated":true}]}}