{"id":144,"date":"2024-08-20T15:14:08","date_gmt":"2024-08-20T18:14:08","guid":{"rendered":"https:\/\/departamentos.uepb.edu.br\/ads\/?page_id=144"},"modified":"2025-09-13T16:10:19","modified_gmt":"2025-09-13T19:10:19","slug":"docentes-colaboradores","status":"publish","type":"page","link":"https:\/\/departamentos.uepb.edu.br\/ads\/docentes-colaboradores\/","title":{"rendered":"Docentes Colaboradores"},"content":{"rendered":"<div class=\"wpb-content-wrapper\"><p>[vc_row][vc_column][vc_column_text css=&#8221;&#8221;]<\/p>\n<p style=\"text-align: justify\">[vc_text_separator title=&#8221;Docentes do projeto Limite do Vis\u00edvel&#8221; title_align=&#8221;separator_align_left&#8221;][vc_column_text]<\/p>\n<hr \/>\n<p style=\"text-align: justify\"><a href=\"http:\/\/lattes.cnpq.br\/2480772416352825\" target=\"_blank\" rel=\"noopener\">Prof. Dr. Alandey Severo Leite da Silva<\/a><br \/>\n<strong>\u00c1rea de pesquisa<\/strong>: Gest\u00e3o, Tecnologia e Inova\u00e7\u00e3o.<br \/>\n<strong>Eixos norteadores<\/strong>: Sustentabilidade e Responsabilidade Social (Integra\u00e7\u00e3o de pr\u00e1ticas sustent\u00e1veis em processos organizacionais; Inova\u00e7\u00e3o voltada para o desenvolvimento sustent\u00e1vel; Governan\u00e7a corporativa e responsabilidade social.), Transforma\u00e7\u00e3o Digital e Tecnol\u00f3gica (Ado\u00e7\u00e3o de tecnologias emergentes (IA, IoT, blockchain, etc.); Digitaliza\u00e7\u00e3o de processos e automa\u00e7\u00e3o; Desenvolvimento de compet\u00eancias digitais nas organiza\u00e7\u00f5es.), Gest\u00e3o de Inova\u00e7\u00e3o e Empreendedorismo (Modelos de gest\u00e3o para fomentar a inova\u00e7\u00e3o em produtos, servi\u00e7os e processos; Ecossistemas de inova\u00e7\u00e3o e empreendedorismo colaborativo; Estrat\u00e9gias para fomentar startups e spin-offs), Gest\u00e3o para Resultados e Governan\u00e7a P\u00fablica (Modelos e ferramentas para efici\u00eancia em pol\u00edticas p\u00fablicas; Integra\u00e7\u00e3o de sistemas tecnol\u00f3gicos para transpar\u00eancia e accountability; Articula\u00e7\u00e3o intersetorial e interinstitucional), \u2060Gest\u00e3o do Conhecimento e Aprendizado Organizacional (Implementa\u00e7\u00e3o de sistemas para captura e compartilhamento do conhecimento; Foco em aprendizagem organizacional para inova\u00e7\u00e3o cont\u00ednua; Gest\u00e3o do capital intelectual como diferencial estrat\u00e9gico), \u2060Data-Driven Management e An\u00e1lise Avan\u00e7ada (Uso de dados para tomada de decis\u00e3o estrat\u00e9gica; Aplica\u00e7\u00e3o de big data e an\u00e1lise preditiva; Desenvolvimento de sistemas de suporte \u00e0 decis\u00e3o), Agilidade e Resili\u00eancia Organizacional (M\u00e9todos \u00e1geis para gest\u00e3o de projetos e inova\u00e7\u00e3o; Estrat\u00e9gias de resili\u00eancia frente \u00e0s mudan\u00e7as e crises; Capacidade adaptativa das organiza\u00e7\u00f5es em contextos din\u00e2micos), Parcerias e Redes de Colabora\u00e7\u00e3o (Coopera\u00e7\u00e3o interinstitucional em pesquisa e desenvolvimento, Alian\u00e7as estrat\u00e9gicas e parcerias p\u00fablico-privadas, Redes de conhecimento e compartilhamento de inova\u00e7\u00e3o).<br \/>\n<strong>e-mail:<\/strong> <a href=\"mailto:alandey.severo@academico.ufpb.br\" target=\"_blank\" rel=\"noopener\">alandey.severo@academico.ufpb.br<\/a><\/p>\n<hr \/>\n<p style=\"text-align: justify\"><a href=\"http:\/\/lattes.cnpq.br\/8553703836893305\" target=\"_blank\" rel=\"noopener\">Prof. Me. Allisson Silva dos Santos<\/a><br \/>\n<strong>\u00c1rea de pesquisa<\/strong>: Gamifica\u00e7\u00e3o; Desenvolvimento \u00e1gil de software; Gerenciamento de Dados; Aprendizado de M\u00e1quina.<br \/>\n<strong>Eixos norteadores<\/strong>: Tecnologias Emergentes em Gamifica\u00e7\u00e3o; Metodologias \u00c1geis; Governan\u00e7a de Dados; Aplica\u00e7\u00f5es Pr\u00e1ticas de Aprendizado de M\u00e1quina.<br \/>\n<strong>e-mail:<\/strong> <a href=\"mailto:allisson.santos@servidor.uepb.edu.br\" target=\"_blank\" rel=\"noopener\">allisson.santos@servidor.uepb.edu.br<\/a><\/p>\n<hr \/>\n<p style=\"text-align: justify\"><a href=\"http:\/\/lattes.cnpq.br\/6836401009723409\" target=\"_blank\" rel=\"noopener\">Profa. Ma. Ana Caroline Salviano Ramos<\/a><br \/>\n<strong>\u00c1rea de pesquisa<\/strong>: Gest\u00e3o do conhecimento.<br \/>\n<strong>Eixos norteadores<\/strong>: Gest\u00e3o da informa\u00e7\u00e3o e do conhecimento.<br \/>\n<strong>e-mail:<\/strong> <a href=\"mailto:carol.sr.jp@gmail.com\" target=\"_blank\" rel=\"noopener\">carol.sr.jp@gmail.com<\/a><\/p>\n<hr \/>\n<p style=\"text-align: justify\"><a href=\"http:\/\/lattes.cnpq.br\/9225009996177154\" target=\"_blank\" rel=\"noopener\">Profa. Dra. Ana Patr\u00edcia Bastos Peixoto de Oliveira<\/a><br \/>\n<strong>\u00c1rea de pesquisa<\/strong>: Modelos n\u00e3o lineares; Planejamento de experimentos; Regress\u00e3o.<br \/>\n<strong>Eixos norteadores<\/strong>: Estat\u00edstica.<br \/>\n<strong>e-mail:<\/strong> <a href=\"mailto:anapatricia@servidor.uepb.edu.br\" target=\"_blank\" rel=\"noopener\">anapatricia@servidor.uepb.edu.br<\/a><\/p>\n<hr \/>\n<p style=\"text-align: justify\"><a href=\"http:\/\/lattes.cnpq.br\/8529826488524809\" target=\"_blank\" rel=\"noopener\">Prof. Dr. Estevam Dedalus<\/a><br \/>\n<strong>\u00c1rea de pesquisa<\/strong>: Sociologia, Metodologia Cient\u00edfica, Religi\u00e3o.<br \/>\n<strong>Eixos norteadores<\/strong>: redes neurais artificiais voltadas \u00e0 educa\u00e7\u00e3o de estudantes autistas, interse\u00e7\u00e3o entre sociologia do desvio, religi\u00e3o e moralidade, com destaque para os estudos sobre as Testemunhas de Jeov\u00e1. Sociologia da Juventude, Mythos-Logos: Religi\u00e3o, Mito e Espiritualidade.<br \/>\n<strong>e-mail:<\/strong> <a href=\"estevamdedalus@servidor.uepb.edu.br\" target=\"_blank\" rel=\"noopener\">estevamdedalus@servidor.uepb.edu.br<\/a><\/p>\n<hr \/>\n<p style=\"text-align: justify\"><a href=\"http:\/\/lattes.cnpq.br\/0830785546690504\" target=\"_blank\" rel=\"noopener\">Prof. Dr. Elder Eldervitch Carneiro de Oliveira<\/a><br \/>\n<strong>\u00c1rea de pesquisa<\/strong>: Antenas e\/ou filtros seletivos em frequ\u00eancia em tecnologia de microfita; Desenvolvimento de apps mobile utilizando o software Kodular.<br \/>\n<strong>Eixos norteadores<\/strong>: Antenas e filtros de alta frequ\u00eancia; tecnologia da informa\u00e7\u00e3o\u00a0aplicada.<br \/>\n<strong>e-mail:<\/strong> <a href=\"mailto:elder@servidor.uepb.edu.br\" target=\"_blank\" rel=\"noopener\">elder@servidor.uepb.edu.br<\/a><\/p>\n<hr \/>\n<p style=\"text-align: justify\"><a href=\"http:\/\/lattes.cnpq.br\/2513481263253298\" target=\"_blank\" rel=\"noopener\">Profa. Esp. Else Caroline Pedrosa de Ara\u00fajo<\/a><br \/>\n<strong>\u00c1rea de pesquisa<\/strong>: Intelig\u00eancia Artificial.<br \/>\n<strong>Eixos norteadores<\/strong>: Intelig\u00eancia Artificial Aplicada.<br \/>\n<strong>e-mail:<\/strong> <a href=\"mailto:elsecaroline@gmail.com\" target=\"_blank\" rel=\"noopener\">elsecaroline@gmail.com<\/a><\/p>\n<hr \/>\n<p style=\"text-align: justify\"><a href=\"http:\/\/lattes.cnpq.br\/7041436842411753\" target=\"_blank\" rel=\"noopener\">Profa. Ma. Esmeralda Porf\u00edrio de Sales<\/a><br \/>\n<strong>\u00c1rea de pesquisa<\/strong>: Mercado de Trabalho, \u00c9tica, Seguran\u00e7a de Informa\u00e7\u00e3o e Legisla\u00e7\u00e3o.<br \/>\n<strong>Eixos norteadores<\/strong>: Est\u00e1gios Supervisionados e N\u00e3o Obrigat\u00f3rio, \u00c9tica Profissional, Legisla\u00e7\u00e3o e Governan\u00e7a e Seguran\u00e7a da Informa\u00e7\u00e3o no \u00e2mbito digital.<br \/>\n<strong>e-mail:<\/strong> <a href=\"mailto:esmel.sales@servidor.uepb.edu.br\" target=\"_blank\" rel=\"noopener\">esmel.sales@servidor.uepb.edu.br<\/a><\/p>\n<hr \/>\n<p style=\"text-align: justify\"><a href=\"http:\/\/lattes.cnpq.br\/1686754841331106\" target=\"_blank\" rel=\"noopener\">Prof. Me. \u00c9werton Ver\u00edssimo da Silva<\/a><br \/>\n<strong>\u00c1rea de pesquisa<\/strong>: Desenvolvimento Web, Programa\u00e7\u00e3o.<br \/>\n<strong>Eixos norteadores<\/strong>: Desenvolvimento de app.<br \/>\n<strong>e-mail:<\/strong> <a href=\"mailto:ewerton.verissimo@visitante.uepb.edu.br\" target=\"_blank\" rel=\"noopener\">ewerton.verissimo@visitante.uepb.edu.br<\/a><\/p>\n<hr \/>\n<p style=\"text-align: justify\"><a href=\"http:\/\/lattes.cnpq.br\/0974650793295266\" target=\"_blank\" rel=\"noopener\">Prof. Me. Filipy Galiza Soares<\/a><br \/>\n<strong>\u00c1rea de pesquisa<\/strong>: Redes de Computadores.<br \/>\n<strong>Eixos norteadores<\/strong>: Desempenho e infraestrutura de TI, tecnologias de transmiss\u00e3o e tr\u00e1fego de dados.<br \/>\n<strong>e-mail:<\/strong> <a href=\"mailto:filipy@servidor.uepb.edu.br\" target=\"_blank\" rel=\"noopener\">filipy@servidor.uepb.edu.br<\/a><\/p>\n<hr \/>\n<p style=\"text-align: justify\"><a href=\"http:\/\/lattes.cnpq.br\/8080177160310323\" target=\"_blank\" rel=\"noopener\">Profa. Dra. Jacqueline Echeverria Barrancos<\/a><br \/>\n<strong>\u00c1rea de pesquisa<\/strong>: Gerenciamento de Dados e Sistemas Inteligentes de Informa\u00e7\u00e3o.<br \/>\n<strong>Eixos norteadores<\/strong>: Tecnologias Da Informa\u00e7\u00e3o , Metodologias \u00c1geis; Governan\u00e7a\u00a0de\u00a0Dados.<br \/>\n<strong>e-mail:<\/strong> <a href=\"mailto:jacquebarrancos@servidor.uepb.edu.br\" target=\"_blank\" rel=\"noopener\">jacquebarrancos@servidor.uepb.edu.br<\/a><\/p>\n<hr \/>\n<p style=\"text-align: justify\"><a href=\"http:\/\/lattes.cnpq.br\/1437484729170874\" target=\"_blank\" rel=\"noopener\">Profa. Dra. Janayna Souto Leal<\/a><br \/>\n<strong>\u00c1rea de pesquisa<\/strong>: Empreendedorismo.<br \/>\n<strong>Eixos norteadores<\/strong>: Gest\u00e3o empreendedora no ambiente\u00a0digital.<br \/>\n<strong>e-mail:<\/strong> <a href=\"mailto:janaynaleal@servidor.uepb.edu.br\" target=\"_blank\" rel=\"noopener\">janaynaleal@servidor.uepb.edu.br<\/a><\/p>\n<hr \/>\n<p style=\"text-align: justify\"><a href=\"http:\/\/lattes.cnpq.br\/1676067988692874\" target=\"_blank\" rel=\"noopener\">Prof. Jo\u00e3o Igor Barros Rocha<\/a><br \/>\n<strong>\u00c1rea de pesquisa<\/strong>: Programa\u00e7\u00e3o, IoT e Visualiza\u00e7\u00e3o de dados.<br \/>\n<strong>Eixos norteadores<\/strong>: TI aplicada e Ci\u00eancia de dados para a sa\u00fade.<br \/>\n<strong>e-mail:<\/strong> <a href=\"mailto:joao.igor444@gmail.com\" target=\"_blank\" rel=\"noopener\">joao.igor444@gmail.com<\/a><\/p>\n<hr \/>\n<p style=\"text-align: justify\"><a href=\"http:\/\/lattes.cnpq.br\/0924424581894796\" target=\"_blank\" rel=\"noopener\">Prof. Me. Jonas Fernandes da Silva<\/a><br \/>\n<strong>\u00c1rea de pesquisa<\/strong>: Redes\/Ger\u00eancia de Redes, Seguran\u00e7a da Informa\u00e7\u00e3o, Tecnologia da Informa\u00e7\u00e3o Aplicada.<br \/>\n<strong>Eixos norteadores<\/strong>: TI aplicada.<br \/>\n<strong>e-mail:<\/strong> <a href=\"mailto:fernandes.jonas@gmail.com\" target=\"_blank\" rel=\"noopener\">fernandes.jonas@gmail.com<\/a><\/p>\n<hr \/>\n<p><a href=\"http:\/\/lattes.cnpq.br\/6815040525026815\" target=\"_blank\" rel=\"noopener\">Prof. Dr. Tales Augusto Carvalho de Barros<\/a><br \/>\n<strong>\u00c1rea de pesquisa<\/strong>: Desenvolvimento Web, Programa\u00e7\u00e3o Python Aplicada, Programa\u00e7\u00e3o C<br \/>\n<strong>Eixos norteadores<\/strong>: Desenvolvimento de aplica\u00e7\u00f5es Web,\u00a0 Telecomunica\u00e7\u00f5es, Antenas de Microfita, Matlab e aplica\u00e7\u00f5es<br \/>\n<strong>e-mail:<\/strong> <a href=\"tales.carvalho@servidor.uepb.edu.br\" target=\"_blank\" rel=\"noopener\">tales.carvalho@servidor.uepb.edu.br<\/a><\/p>\n<hr \/>\n<p style=\"text-align: justify\"><a href=\"http:\/\/lattes.cnpq.br\/0287523204946792\" target=\"_blank\" rel=\"noopener\">Prof. Dr. Ozonias de Oliveira Brito J\u00fanior<\/a><br \/>\n<strong>\u00c1rea de pesquisa<\/strong>: Tecnologia da Informa\u00e7\u00e3o Aplicada, Programa\u00e7\u00e3o e Engenharia de Software<br \/>\n<strong>Eixos norteadores<\/strong>: Intera\u00e7\u00e3o Humano-Computador, Ger\u00eancia de Projetos, Introdu\u00e7\u00e3o \u00e0 Programa\u00e7\u00e3o, Engenharia de Software, Engenharia, Inform\u00e1tica Aplicada e Intelig\u00eancia Artificial<br \/>\n<strong>e-mail:<\/strong> <a href=\"ozonias.oliveira@servidor.uepb.edu.br\" target=\"_blank\" rel=\"noopener\">ozonias.oliveira@servidor.uepb.edu.b<\/a><a href=\"ozonias.oliveira@servidor.uepb.edu.br\" target=\"_blank\" rel=\"noopener\">r<\/a><\/p>\n<hr \/>\n<p style=\"text-align: justify\"><a href=\"http:\/\/lattes.cnpq.br\/4975663601763205\" target=\"_blank\" rel=\"noopener\">Prof. Dr. Jos\u00e9 Wilker de Lima Silva<\/a><br \/>\n<strong>\u00c1rea de pesquisa<\/strong>: Investiga\u00e7\u00f5es matem\u00e1ticas.<br \/>\n<strong>Eixos norteadores<\/strong>: M\u00e9todos Num\u00e9ricos; Teoria da Informa\u00e7\u00e3o.<br \/>\n<strong>e-mail:<\/strong> <a href=\"mailto:wilker@servidor.uepb.edu.br\" target=\"_blank\" rel=\"noopener\">wilker@servidor.uepb.edu.br<\/a><\/p>\n<hr \/>\n<p style=\"text-align: justify\"><a href=\"https:\/\/lattes.cnpq.br\/8753486650287601\" target=\"_blank\" rel=\"noopener\">Profa. Dra. Juliana Ferreira Marques<\/a><br \/>\n<strong>\u00c1rea de pesquisa<\/strong>: Intelig\u00eancia Artificial. Desinforma\u00e7\u00e3o. Ci\u00eancia da Informa\u00e7\u00e3o. Gest\u00e3o da Informa\u00e7\u00e3o e do Conhecimento. \u00c9tica. Educa\u00e7\u00e3o Midi\u00e1tica.<br \/>\n<strong>Eixos norteadores<\/strong>: Intelig\u00eancia Artificial Aplicada; Deepfake; Gest\u00e3o do Conhecimento em Ambientes Digitais; O uso da IA para identifica\u00e7\u00e3o de fake news; educa\u00e7\u00e3o midi\u00e1tica e letramento informacional.<br \/>\n<strong>e-mail:<\/strong> <a href=\"mailto:julifmarques@servidor.uepb.edu.br\" target=\"_blank\" rel=\"noopener\">julifmarques@servidor.uepb.edu.br<\/a><\/p>\n<hr \/>\n<p style=\"text-align: justify\"><a href=\"http:\/\/lattes.cnpq.br\/1746707405264465\" target=\"_blank\" rel=\"noopener\">Karolyne Santana Costa Vasconcelos, D.Sc.<\/a><br \/>\n<strong>\u00c1rea de pesquisa<\/strong>: An\u00e1lise de Dados e Estudos de G\u00eanero em STEM.<br \/>\n<strong>Eixos norteadores<\/strong>: Empreendedorismo, An\u00e1lise de Dados em Gest\u00e3o Estrat\u00e9gica, Transforma\u00e7\u00e3o Digital nos Neg\u00f3cios, Plataformas de Economia Compartilhada e Circular, Intelig\u00eancia Artificial aplicada \u00e0 Metodologia Interseccional.<br \/>\n<strong>e-mail:<\/strong> <a href=\"mailto:karolyne.vasconcelos@servidor.uepb.edu.br\" target=\"_blank\" rel=\"noopener\">karolyne.vasconcelos@servidor.uepb.edu.br<\/a><\/p>\n<hr \/>\n<p style=\"text-align: justify\"><a href=\"http:\/\/lattes.cnpq.br\/4843216695958006\" target=\"_blank\" rel=\"noopener\">Prof. Me. Kl\u00e9riston Christy Vital Santos<\/a><br \/>\n<strong>\u00c1rea de pesquisa<\/strong>: Arte e Tecnologia; Processos de cria\u00e7\u00e3o; Tecnologia e sociedade; Tecnologia e grupos identit\u00e1rios; Letramento digital; Games e Narratologia.<br \/>\n<strong>Eixos norteadores<\/strong>: Cria\u00e7\u00e3o visual e design; Desenvolvimento de App: Foco quest\u00f5es sociais e reconhecimento de mercado; Comunica\u00e7\u00e3o, redes sociais e intera\u00e7\u00e3o.<br \/>\n<strong>e-mail:<\/strong> <a href=\"mailto:kleriston.santos@ifpi.edu.br\" target=\"_blank\" rel=\"noopener\">kleriston.santos@ifpi.edu.br<\/a><\/p>\n<hr \/>\n<p style=\"text-align: justify\"><a href=\"http:\/\/lattes.cnpq.br\/9207260697100351\" target=\"_blank\" rel=\"noopener\">Profa. Dra. Lays Regina Batista de Macena Martins dos Santos<\/a><br \/>\n<strong>\u00c1rea de pesquisa<\/strong>: Tecnologia da informa\u00e7\u00e3o.<br \/>\n<strong>Eixos norteadores<\/strong>: An\u00e1lise de redes sociais e Intera\u00e7\u00f5es Online.<br \/>\n<strong>e-mail:<\/strong> <a href=\"mailto:lays.regin@gmail.com\" target=\"_blank\" rel=\"noopener\">lays.regin@gmail.com<\/a><\/p>\n<hr \/>\n<p><a href=\"http:\/\/lattes.cnpq.br\/1089559125506125\" target=\"_blank\" rel=\"noopener\">Prof. Me. Leandro Sales Almeida de Oliveira<\/a><br \/>\n<strong>\u00c1rea de pesquisa<\/strong>: Matem\u00e1tica.<br \/>\n<strong>Eixos norteadores<\/strong>: \u00c1lgebra linear e c\u00e1lculo diferencial e integral aplicado \u00e0 Ci\u00eancia de dados.<br \/>\n<strong>e-mail:<\/strong> <a href=\"mailto:sales.leo@gmail.com\" target=\"_blank\" rel=\"noopener\">sales.leo@gmail.com<\/a><\/p>\n<hr \/>\n<p><a href=\"http:\/\/lattes.cnpq.br\/6683541241471888\" target=\"_blank\" rel=\"noopener\">Profa. Dra. Liliane Braga Rolim Holanda de Souza<\/a><br \/>\n<strong>\u00c1rea de pesquisa<\/strong>: Metodologia do Trabalho Cient\u00edfico e T\u00e9cnico. Tecnologia da informa\u00e7\u00e3o e Comunica\u00e7\u00e3o.<br \/>\n<strong>Eixos norteadores<\/strong>: M\u00e9todos e t\u00e9cnicas de pesquisa cient\u00edfica em Computa\u00e7\u00e3o. Uso de Intelig\u00eancia Artificial na Educa\u00e7\u00e3o.<br \/>\n<strong>e-mail:<\/strong> <a href=\"mailto:lilianebragas@servidor.uepb.edu.br\" target=\"_blank\" rel=\"noopener\">lilianebragas@servidor.uepb.edu.br<\/a><\/p>\n<hr \/>\n<p><a href=\"http:\/\/lattes.cnpq.br\/8509829767195598\" target=\"_blank\" rel=\"noopener\">Profa. Dra. Maria Isabelle Silva<\/a><br \/>\n<strong>\u00c1rea de pesquisa<\/strong>: Teoria dos grafos, investiga\u00e7\u00f5es matem\u00e1ticas.<br \/>\n<strong>Eixos norteadores<\/strong>: Jogos como aplica\u00e7\u00f5es da matem\u00e1tica.<br \/>\n<strong>e-mail:<\/strong> <a href=\"mailto:isabellesilva@servidor.uepb.edu.br\" target=\"_blank\" rel=\"noopener\">isabellesilva@servidor.uepb.edu.br<\/a><\/p>\n<hr \/>\n<p style=\"text-align: justify\"><a href=\"http:\/\/lattes.cnpq.br\/9122318574212670\" target=\"_blank\" rel=\"noopener\">Prof. Dr. Matheus de Almeida Barbosa<\/a><br \/>\n<strong>\u00c1rea de pesquisa<\/strong>: Lingu\u00edstica: Aquisi\u00e7\u00e3o e Processamento da Linguagem.<br \/>\n<strong>Eixos norteadores<\/strong>: Processamento de senten\u00e7as; Processamento de palavras; Lingu\u00edstica formal; Bilinguismo; Aquisi\u00e7\u00e3o de Segunda L\u00edngua.<br \/>\n<strong>e-mail:<\/strong> <a href=\"mailto:barbosa.m@visitante.uepb.edu.br\" target=\"_blank\" rel=\"noopener\">barbosa.m@visitante.uepb.edu.br<\/a><\/p>\n<hr \/>\n<p style=\"text-align: justify\"><a href=\"http:\/\/lattes.cnpq.br\/5195980803410997\" target=\"_blank\" rel=\"noopener\">Prof. Dr. Rafael Jullian Oliveira do Nascimento<\/a><br \/>\n<strong>\u00c1rea de pesquisa<\/strong>: Engenharia de Software, Engenharia de Requisitos, Modelagem e Arquitetura de Sistemas, Desenvolvimento de Sistemas Web e Mobile, Blockchain, Redes de Computadores e em Chips, Sistemas Multiagentes e Sistemas Especialistas, Banco de Dados N\u00e3o Relacionais.<br \/>\n<strong>Eixos norteadores<\/strong>: Constru\u00e7\u00e3o, aplica\u00e7\u00e3o ou adapta\u00e7\u00e3o de ferramentas aplicadas na Engenharia de Requisitos\/Engenharia de Software; Investiga\u00e7\u00e3o de conformidade entre a LGBD, Requisitos e Sistemas; Cria\u00e7\u00e3o de sistemas para prop\u00f3sitos gerais; constru\u00e7\u00e3o ou adapta\u00e7\u00e3o de modelos\/arquiteturas de sistemas; Desenvolvimento de Sistemas em prop\u00f3sito geral; Constru\u00e7\u00e3o, aplica\u00e7\u00e3o ou adapta\u00e7\u00e3o do uso de Blockchain p\u00fablicas ou privadas; Gerenciamento de Redes de Computadores ou Redes em Chips; Aplica\u00e7\u00e3o de Sistemas Multiagentes\/Especialistas em prop\u00f3sitos gerais; Investiga\u00e7\u00e3o do uso de Banco de Dados N\u00e3o Relacionais e a conformidade com a LGPD.<br \/>\n<strong>e-mail:<\/strong> <a href=\"mailto:rafael.jullian@gmail.com\" target=\"_blank\" rel=\"noopener\">rafael.jullian@gmail.com<\/a><\/p>\n<hr \/>\n<p><a href=\"http:\/\/lattes.cnpq.br\/8223008076275716\" target=\"_blank\" rel=\"noopener\">Profa. Dra. Raissa Carneiro de Brito<\/a><br \/>\n<strong>\u00c1rea de pesquisa<\/strong>: Seguran\u00e7a da Informa\u00e7\u00e3o, minera\u00e7\u00e3o de dados.<br \/>\n<strong>Eixos norteadores<\/strong>: Gest\u00e3o da informa\u00e7\u00e3o e do conhecimento.<br \/>\n<strong>e-mail:<\/strong> <a href=\"mailto:b.raissa@visitante.uepb.edu.br\" target=\"_blank\" rel=\"noopener\">b.raissa@visitante.uepb.edu.br<\/a><\/p>\n<hr \/>\n<p style=\"text-align: justify\"><a href=\"http:\/\/lattes.cnpq.br\/6215749420013758\">Profa. Dra. Raquel Monteiro da Silva Freitas<\/a><br \/>\n<strong>\u00c1rea de pesquisa<\/strong>: Pesquisas em \u00e1reas tecnol\u00f3gicas; Atua\u00e7\u00e3o do profissional de Ci\u00eancia de dados na sociedade; \u00c9tica na pesquisa; Extens\u00e3o nas \u00e1reas tecnol\u00f3gicas.<br \/>\n<strong>Eixos norteadores<\/strong>: Pesquisa e tecnologias; extens\u00e3o nas \u00e1reas tecnol\u00f3gicas.<br \/>\n<strong>e-mail:<\/strong> <a href=\"mailto:raquelmonteiro923@gmail.com\" target=\"_blank\" rel=\"noopener\">raquelmonteiro923@gmail.com<\/a><\/p>\n<hr \/>\n<p style=\"text-align: justify\"><a href=\"http:\/\/lattes.cnpq.br\/3197567314339012\" target=\"_blank\" rel=\"noopener\">Profa. Dra. Renatha Batista dos Santos<\/a><br \/>\n<strong>\u00c1rea de pesquisa<\/strong>: Solu\u00e7\u00e3o num\u00e9rica de Equa\u00e7\u00f5es Diferenciais usando redes neurais.<br \/>\n<strong>Eixos norteadores<\/strong>: M\u00e9todos num\u00e9ricos.<br \/>\n<strong>e-mail:<\/strong> <a href=\"mailto:renatha.batista@visitante.uepb.edu.br\" target=\"_blank\" rel=\"noopener\">renatha.batista@visitante.uepb.edu.br<\/a><\/p>\n<hr \/>\n<p style=\"text-align: justify\"><a href=\"http:\/\/lattes.cnpq.br\/9996806607402954\" target=\"_blank\" rel=\"noopener\">Prof. Dr. Tiago Almeida de Oliveira<\/a><br \/>\n<strong>\u00c1rea de pesquisa<\/strong>: An\u00e1lise de dados, an\u00e1lise de sobreviv\u00eancia, modelagem estat\u00edstica e machine\u00a0learning.<br \/>\n<strong>Eixos norteadores<\/strong>: An\u00e1lise de sobreviv\u00eancia para sa\u00fade; An\u00e1lise de dados experimentais; Machine\u00a0learning para sa\u00fade; Engenharia.<br \/>\n<strong>e-mail:<\/strong> <a href=\"mailto:tadolive@servidor.uepb.edu.br\" target=\"_blank\" rel=\"noopener\">tadolive@servidor.uepb.edu.br<\/a><\/p>\n<hr \/>\n<p style=\"text-align: justify\"><a href=\"http:\/\/lattes.cnpq.br\/3598950743934357\" target=\"_blank\" rel=\"noopener\">Prof. Me. Thyago Alves Sobreira<\/a><br \/>\n<strong>\u00c1rea de pesquisa<\/strong>: Engenharia de Software, Inform\u00e1tica Aplicada (Sa\u00fade, Educa\u00e7\u00e3o, Agroneg\u00f3cio).<br \/>\n<strong>Eixos norteadores<\/strong>: Cria\u00e7\u00e3o de Sites\/Blogs; Desenvolvimento de app; TI aplicada<br \/>\n<strong>e-mail:<\/strong> <a href=\"mailto:thyago.sobreira@servidor.uepb.edu.br\" target=\"_blank\" rel=\"noopener\">thyago.sobreira@servidor.uepb.edu.br<\/a><\/p>\n<hr \/>\n<p style=\"text-align: justify\"><a href=\"http:\/\/lattes.cnpq.br\/2622014367423112\" target=\"_blank\" rel=\"noopener\">Prof. Dr. Wagner Leite Ribeiro<\/a><br \/>\n<strong>\u00c1rea de pesquisa<\/strong>: Educa\u00e7\u00e3o e Direito Digital.<br \/>\n<strong>Eixos norteadores<\/strong>: Aprendizagem e recursos digitais; Tecnologias e materiais did\u00e1ticos; Aprendizagem e cultura digital; Prote\u00e7\u00e3o de Dados e Privacidade; Seguran\u00e7a da Informa\u00e7\u00e3o e Ciberseguran\u00e7a; Direitos Fundamentais no Ambiente Digital.<br \/>\n<strong>e-mail:<\/strong> <a href=\"mailto:wagnerleiteribeiroadv@gmail.com\" target=\"_blank\" rel=\"noopener\">wagnerleiteribeiroadv@gmail.com<\/a><\/p>\n<hr \/>\n<p style=\"text-align: justify\"><a href=\"http:\/\/lattes.cnpq.br\/7643364490051736\" target=\"_blank\" rel=\"noopener\">Prof. Dr. Weber Geovanni Mendes Maciel<\/a><br \/>\n<strong>\u00c1rea de pesquisa<\/strong>: M\u00e9todo dos Elementos de Contorno (Matem\u00e1tica Aplicada Avan\u00e7ada).<br \/>\n<strong>Eixos norteadores<\/strong>: An\u00e1lise Num\u00e9rica.<br \/>\n<strong>e-mail:<\/strong> <a href=\"mailto:webergmmaciel@gmail.com\" target=\"_blank\" rel=\"noopener\">webergmmaciel@gmail.com<\/a><\/p>\n<p>[\/vc_column_text][\/vc_column][\/vc_row]<\/p>\n<\/div>","protected":false},"excerpt":{"rendered":"<p>[vc_row][vc_column][vc_column_text css=&#8221;&#8221;] [vc_text_separator title=&#8221;Docentes do projeto Limite do Vis\u00edvel&#8221; title_align=&#8221;separator_align_left&#8221;][vc_column_text] Prof. Dr. Alandey Severo Leite da Silva \u00c1rea de pesquisa: Gest\u00e3o, Tecnologia e Inova\u00e7\u00e3o. Eixos norteadores: Sustentabilidade e Responsabilidade Social (Integra\u00e7\u00e3o de pr\u00e1ticas sustent\u00e1veis em processos organizacionais; Inova\u00e7\u00e3o voltada para o desenvolvimento sustent\u00e1vel; Governan\u00e7a corporativa e responsabilidade social.), Transforma\u00e7\u00e3o Digital e Tecnol\u00f3gica (Ado\u00e7\u00e3o de tecnologias <a class=\"leiamais\" href=\"https:\/\/departamentos.uepb.edu.br\/ads\/docentes-colaboradores\/\">Leia Mais&#8230;<\/a><\/p>\n","protected":false},"author":24,"featured_media":0,"parent":0,"menu_order":0,"comment_status":"closed","ping_status":"closed","template":"","meta":{"footnotes":""},"class_list":["post-144","page","type-page","status-publish","hentry"],"_links":{"self":[{"href":"https:\/\/departamentos.uepb.edu.br\/ads\/wp-json\/wp\/v2\/pages\/144","targetHints":{"allow":["GET"]}}],"collection":[{"href":"https:\/\/departamentos.uepb.edu.br\/ads\/wp-json\/wp\/v2\/pages"}],"about":[{"href":"https:\/\/departamentos.uepb.edu.br\/ads\/wp-json\/wp\/v2\/types\/page"}],"author":[{"embeddable":true,"href":"https:\/\/departamentos.uepb.edu.br\/ads\/wp-json\/wp\/v2\/users\/24"}],"replies":[{"embeddable":true,"href":"https:\/\/departamentos.uepb.edu.br\/ads\/wp-json\/wp\/v2\/comments?post=144"}],"version-history":[{"count":81,"href":"https:\/\/departamentos.uepb.edu.br\/ads\/wp-json\/wp\/v2\/pages\/144\/revisions"}],"predecessor-version":[{"id":329,"href":"https:\/\/departamentos.uepb.edu.br\/ads\/wp-json\/wp\/v2\/pages\/144\/revisions\/329"}],"wp:attachment":[{"href":"https:\/\/departamentos.uepb.edu.br\/ads\/wp-json\/wp\/v2\/media?parent=144"}],"curies":[{"name":"wp","href":"https:\/\/api.w.org\/{rel}","templated":true}]}}