{"id":18,"date":"2023-09-05T07:59:56","date_gmt":"2023-09-05T10:59:56","guid":{"rendered":"https:\/\/departamentos.uepb.edu.br\/ads\/?page_id=18"},"modified":"2025-08-05T11:47:54","modified_gmt":"2025-08-05T14:47:54","slug":"coordenacao","status":"publish","type":"page","link":"https:\/\/departamentos.uepb.edu.br\/ads\/coordenacao\/","title":{"rendered":"Coordena\u00e7\u00e3o"},"content":{"rendered":"<div class=\"wpb-content-wrapper\"><p>[vc_row][vc_column][vc_column_text css=&#8221;&#8221;]<strong>Coordenador<\/strong>: <a href=\"http:\/\/lattes.cnpq.br\/0830785546690504\" target=\"_blank\" rel=\"noopener\">Prof. Dr. Elder Eldervitch Carneiro de Oliveira<\/a><\/p>\n<p><strong>Secret\u00e1rio da Coordena\u00e7\u00e3o<\/strong>: Helder Jos\u00e9 de Lima Viana<\/p>\n<p><strong>Email<\/strong>: <a href=\"mailto:coord.ads.ccbsa@setor.uepb.edu.br\">coord.ads.ccbsa@setor.uepb.edu.br<\/a>[\/vc_column_text][\/vc_column][\/vc_row]<\/p>\n<\/div>","protected":false},"excerpt":{"rendered":"<p>[vc_row][vc_column][vc_column_text css=&#8221;&#8221;]Coordenador: Prof. Dr. Elder Eldervitch Carneiro de Oliveira Secret\u00e1rio da Coordena\u00e7\u00e3o: Helder Jos\u00e9 de Lima Viana Email: coord.ads.ccbsa@setor.uepb.edu.br[\/vc_column_text][\/vc_column][\/vc_row]<\/p>\n","protected":false},"author":16,"featured_media":0,"parent":0,"menu_order":0,"comment_status":"closed","ping_status":"closed","template":"","meta":{"footnotes":""},"class_list":["post-18","page","type-page","status-publish","hentry"],"_links":{"self":[{"href":"https:\/\/departamentos.uepb.edu.br\/ads\/wp-json\/wp\/v2\/pages\/18","targetHints":{"allow":["GET"]}}],"collection":[{"href":"https:\/\/departamentos.uepb.edu.br\/ads\/wp-json\/wp\/v2\/pages"}],"about":[{"href":"https:\/\/departamentos.uepb.edu.br\/ads\/wp-json\/wp\/v2\/types\/page"}],"author":[{"embeddable":true,"href":"https:\/\/departamentos.uepb.edu.br\/ads\/wp-json\/wp\/v2\/users\/16"}],"replies":[{"embeddable":true,"href":"https:\/\/departamentos.uepb.edu.br\/ads\/wp-json\/wp\/v2\/comments?post=18"}],"version-history":[{"count":11,"href":"https:\/\/departamentos.uepb.edu.br\/ads\/wp-json\/wp\/v2\/pages\/18\/revisions"}],"predecessor-version":[{"id":314,"href":"https:\/\/departamentos.uepb.edu.br\/ads\/wp-json\/wp\/v2\/pages\/18\/revisions\/314"}],"wp:attachment":[{"href":"https:\/\/departamentos.uepb.edu.br\/ads\/wp-json\/wp\/v2\/media?parent=18"}],"curies":[{"name":"wp","href":"https:\/\/api.w.org\/{rel}","templated":true}]}}