{"id":190,"date":"2024-08-21T10:59:10","date_gmt":"2024-08-21T13:59:10","guid":{"rendered":"https:\/\/departamentos.uepb.edu.br\/ads\/?page_id=190"},"modified":"2025-05-20T12:31:11","modified_gmt":"2025-05-20T15:31:11","slug":"tcc","status":"publish","type":"page","link":"https:\/\/departamentos.uepb.edu.br\/ads\/tcc\/","title":{"rendered":"TCC"},"content":{"rendered":"<div class=\"wpb-content-wrapper\"><p>[vc_row][vc_column][vc_column_text css=&#8221;&#8221;]<a href=\"https:\/\/drive.google.com\/file\/d\/1FAT75gGtf-u8kk_phyZc75Hdmhsyns67\/view?usp=sharing\" target=\"_blank\" rel=\"noopener\">Informa\u00e7\u00f5es sobre o TCC<\/a><\/p>\n<hr \/>\n<p><a href=\"https:\/\/biblioteca.uepb.edu.br\/abnt-guia-de-normalizacao\/#modelos\" target=\"_blank\" rel=\"noopener\">Modelos<\/a> de TCC elaborados pelas Bibliotecas da UEPB, baseados nas normas da ABNT<\/p>\n<hr \/>\n<p><a href=\"https:\/\/drive.google.com\/file\/d\/1KMT2rJxVuQ4KMAqsS-Jcer3B5sO666Rz\/view?usp=sharing\" target=\"_blank\" rel=\"noopener\">ADS &#8211; Termo de Compromisso de Orienta\u00e7\u00e3o de TCC<\/a><br \/>\n<a href=\"https:\/\/drive.google.com\/file\/d\/1PmXscsEn7RVZ_w8Y479Wu--CZZpLgUof\/view?usp=sharing\" target=\"_blank\" rel=\"noopener\">CD &#8211; Termo de Compromisso de Orienta\u00e7\u00e3o de TCC<\/a><\/p>\n<hr \/>\n<p>Formul\u00e1rios:<\/p>\n<p><a href=\"https:\/\/drive.google.com\/file\/d\/1tqg8m1pW9ecSonFNHKydDZpWw4RHVrSn\/view?usp=sharing\" target=\"_blank\" rel=\"noopener\">(ADS) Formul\u00e1rio de Composi\u00e7\u00e3o de Banca Examinadora<\/a><\/p>\n<p><a href=\"https:\/\/drive.google.com\/file\/d\/1V8BDUb8Ov-FymY7F37Ow5YrmrWvRHcby\/view?usp=sharing\" target=\"_blank\" rel=\"noopener\">(CD) Formul\u00e1rio de Composi\u00e7\u00e3o de Banca Examinadora<\/a><\/p>\n<hr \/>\n<p>Clique <a href=\"https:\/\/departamentos.uepb.edu.br\/ads\/docentes-colaboradores\/\" target=\"_blank\" rel=\"noopener\">aqui<\/a> para ver as \u00e1reas de pesquisa e eixos norteadores de cada professor colaborador.[\/vc_column_text][\/vc_column][\/vc_row]<\/p>\n<\/div>","protected":false},"excerpt":{"rendered":"<p>[vc_row][vc_column][vc_column_text css=&#8221;&#8221;]Informa\u00e7\u00f5es sobre o TCC Modelos de TCC elaborados pelas Bibliotecas da UEPB, baseados nas normas da ABNT ADS &#8211; Termo de Compromisso de Orienta\u00e7\u00e3o de TCC CD &#8211; Termo de Compromisso de Orienta\u00e7\u00e3o de TCC Formul\u00e1rios: (ADS) Formul\u00e1rio de Composi\u00e7\u00e3o de Banca Examinadora (CD) Formul\u00e1rio de Composi\u00e7\u00e3o de Banca Examinadora Clique aqui para ver <a class=\"leiamais\" href=\"https:\/\/departamentos.uepb.edu.br\/ads\/tcc\/\">Leia Mais&#8230;<\/a><\/p>\n","protected":false},"author":23,"featured_media":0,"parent":0,"menu_order":0,"comment_status":"closed","ping_status":"closed","template":"","meta":{"footnotes":""},"class_list":["post-190","page","type-page","status-publish","hentry"],"_links":{"self":[{"href":"https:\/\/departamentos.uepb.edu.br\/ads\/wp-json\/wp\/v2\/pages\/190","targetHints":{"allow":["GET"]}}],"collection":[{"href":"https:\/\/departamentos.uepb.edu.br\/ads\/wp-json\/wp\/v2\/pages"}],"about":[{"href":"https:\/\/departamentos.uepb.edu.br\/ads\/wp-json\/wp\/v2\/types\/page"}],"author":[{"embeddable":true,"href":"https:\/\/departamentos.uepb.edu.br\/ads\/wp-json\/wp\/v2\/users\/23"}],"replies":[{"embeddable":true,"href":"https:\/\/departamentos.uepb.edu.br\/ads\/wp-json\/wp\/v2\/comments?post=190"}],"version-history":[{"count":16,"href":"https:\/\/departamentos.uepb.edu.br\/ads\/wp-json\/wp\/v2\/pages\/190\/revisions"}],"predecessor-version":[{"id":297,"href":"https:\/\/departamentos.uepb.edu.br\/ads\/wp-json\/wp\/v2\/pages\/190\/revisions\/297"}],"wp:attachment":[{"href":"https:\/\/departamentos.uepb.edu.br\/ads\/wp-json\/wp\/v2\/media?parent=190"}],"curies":[{"name":"wp","href":"https:\/\/api.w.org\/{rel}","templated":true}]}}