{"id":259,"date":"2024-11-06T23:27:32","date_gmt":"2024-11-07T02:27:32","guid":{"rendered":"https:\/\/departamentos.uepb.edu.br\/ads\/?page_id=259"},"modified":"2024-11-09T18:55:59","modified_gmt":"2024-11-09T21:55:59","slug":"projetos","status":"publish","type":"page","link":"https:\/\/departamentos.uepb.edu.br\/ads\/projetos\/","title":{"rendered":"Projetos"},"content":{"rendered":"<p><strong>Projeto de Extens\u00e3o<\/strong> &#8220;<em>Desenvolvimento de Sistemas de Gest\u00e3o Documental na UEPB<\/em>&#8221; &#8211; PROBEX Cota 24-25<br \/>\n<strong>Coordenador do projeto:<\/strong> <a href=\"http:\/\/lattes.cnpq.br\/4975663601763205\" target=\"_blank\" rel=\"noopener\">Prof. Dr. Jos\u00e9 Wilker de Lima Silva<\/a><\/p>\n","protected":false},"excerpt":{"rendered":"<p>Projeto de Extens\u00e3o &#8220;Desenvolvimento de Sistemas de Gest\u00e3o Documental na UEPB&#8221; &#8211; PROBEX Cota 24-25 Coordenador do projeto: Prof. Dr. Jos\u00e9 Wilker de Lima Silva<\/p>\n","protected":false},"author":23,"featured_media":0,"parent":0,"menu_order":0,"comment_status":"closed","ping_status":"closed","template":"","meta":{"footnotes":""},"class_list":["post-259","page","type-page","status-publish","hentry"],"_links":{"self":[{"href":"https:\/\/departamentos.uepb.edu.br\/ads\/wp-json\/wp\/v2\/pages\/259","targetHints":{"allow":["GET"]}}],"collection":[{"href":"https:\/\/departamentos.uepb.edu.br\/ads\/wp-json\/wp\/v2\/pages"}],"about":[{"href":"https:\/\/departamentos.uepb.edu.br\/ads\/wp-json\/wp\/v2\/types\/page"}],"author":[{"embeddable":true,"href":"https:\/\/departamentos.uepb.edu.br\/ads\/wp-json\/wp\/v2\/users\/23"}],"replies":[{"embeddable":true,"href":"https:\/\/departamentos.uepb.edu.br\/ads\/wp-json\/wp\/v2\/comments?post=259"}],"version-history":[{"count":4,"href":"https:\/\/departamentos.uepb.edu.br\/ads\/wp-json\/wp\/v2\/pages\/259\/revisions"}],"predecessor-version":[{"id":266,"href":"https:\/\/departamentos.uepb.edu.br\/ads\/wp-json\/wp\/v2\/pages\/259\/revisions\/266"}],"wp:attachment":[{"href":"https:\/\/departamentos.uepb.edu.br\/ads\/wp-json\/wp\/v2\/media?parent=259"}],"curies":[{"name":"wp","href":"https:\/\/api.w.org\/{rel}","templated":true}]}}