{"id":5,"date":"2023-09-05T07:56:23","date_gmt":"2023-09-05T10:56:23","guid":{"rendered":"https:\/\/departamentos.uepb.edu.br\/ads\/?page_id=5"},"modified":"2025-08-05T22:47:16","modified_gmt":"2025-08-06T01:47:16","slug":"pagina-inicial","status":"publish","type":"page","link":"https:\/\/departamentos.uepb.edu.br\/ads\/","title":{"rendered":"P\u00e1gina Inicial"},"content":{"rendered":"<div class=\"wpb-content-wrapper\"><p>[vc_row gap=&#8221;30&#8243;][vc_column][vc_row_inner][vc_column_inner][vc_text_separator title=&#8221;Quem Somos&#8221; i_icon_fontawesome=&#8221;fas fa-angle-double-right&#8221; i_color=&#8221;custom&#8221; title_align=&#8221;separator_align_left&#8221; css=&#8221;&#8221; add_icon=&#8221;true&#8221; i_custom_color=&#8221;#cc0000&#8243;][\/vc_column_inner][\/vc_row_inner][vc_row_inner][vc_column_inner width=&#8221;1\/4&#8243;][\/vc_column_inner][vc_column_inner width=&#8221;3\/4&#8243;][vc_column_text css=&#8221;{&#8220;margin-bottom&#8220;:&#8220;35px&#8220;}&#8221;]<\/p>\n<p style=\"text-align: justify\">O Curso Superior de An\u00e1lise e Desenvolvimento de Sistemas &#8211; ADS, surgiu de uma proposta estruturada entre a Pr\u00f3-Reitoria de Gradua\u00e7\u00e3o da UEPB e a Secretaria de Ci\u00eancia, Tecnologia, Inova\u00e7\u00e3o e Ensino Superior do Estado da Para\u00edba &#8211; SECTIES em parceria com a Funda\u00e7\u00e3o de Apoio \u00e0 Pesquisa do Estado da Para\u00edba &#8211; FAPESQ. O curso tem durante m\u00ednima de 4 semestres.<\/p>\n<p>[\/vc_column_text][\/vc_column_inner][\/vc_row_inner][vc_btn title=&#8221;Leia mais&#8221; style=&#8221;flat&#8221; shape=&#8221;square&#8221; color=&#8221;inverse&#8221; size=&#8221;lg&#8221; align=&#8221;right&#8221; css=&#8221;&#8221; link=&#8221;url:https%3A%2F%2Fdepartamentos.uepb.edu.br%2Fads%2Fsobre%2F|title:Quem%20Somos&#8221;][\/vc_column][\/vc_row][vc_row][vc_column][vc_text_separator title=&#8221;\u00daltimas Not\u00edcias&#8221; i_icon_fontawesome=&#8221;fas fa-angle-double-right&#8221; i_color=&#8221;custom&#8221; title_align=&#8221;separator_align_left&#8221; css=&#8221;&#8221; add_icon=&#8221;true&#8221; i_custom_color=&#8221;#cc0000&#8243;]<div class=\"mdl-grid\"><div class=\"mdl-cell--12-col bloco-noticias\"><div class=\"titulo-noticia-widget\"><a href=\"https:\/\/uepb.edu.br\/cursos-do-limite-do-visivel-de-joao-pessoa-iniciam-semestre-2026-1-com-programacao-de-acolhimento-discente\/\" target=\"_blank\"><h3 class=\"titulo-destaque-noticia\">Cursos do Limite do Vis\u00edvel de Jo\u00e3o Pessoa iniciam semestre 2026.1 com programa\u00e7\u00e3o de acolhimento discente<\/h3><\/a><\/div><div class=\"titulo-noticia-widget\"><a href=\"https:\/\/uepb.edu.br\/aula-magna-do-ppgri-debate-cultura-e-diplomacia-como-instrumentos-de-insercao-internacional-do-brasil\/\" target=\"_blank\"><h3 class=\"titulo-destaque-noticia\">Aula magna do PPGRI debate cultura e diplomacia como instrumentos de inser\u00e7\u00e3o internacional do Brasil<\/h3><\/a><\/div><div class=\"titulo-noticia-widget\"><a href=\"https:\/\/uepb.edu.br\/divulgado-edital-para-escolha-de-representante-docente-do-ccbsa-no-conselho-de-ensino-pesquisa-e-extensao\/\" target=\"_blank\"><h3 class=\"titulo-destaque-noticia\">Divulgado edital para escolha de representante docente do CCBSA no Conselho de Ensino, Pesquisa e Extens\u00e3o<\/h3><\/a><\/div><\/div><\/div>[\/vc_column][\/vc_row]<\/p>\n<\/div>","protected":false},"excerpt":{"rendered":"<p>[vc_row gap=&#8221;30&#8243;][vc_column][vc_row_inner][vc_column_inner][vc_text_separator title=&#8221;Quem Somos&#8221; i_icon_fontawesome=&#8221;fas fa-angle-double-right&#8221; i_color=&#8221;custom&#8221; title_align=&#8221;separator_align_left&#8221; css=&#8221;&#8221; add_icon=&#8221;true&#8221; i_custom_color=&#8221;#cc0000&#8243;][\/vc_column_inner][\/vc_row_inner][vc_row_inner][vc_column_inner width=&#8221;1\/4&#8243;][\/vc_column_inner][vc_column_inner width=&#8221;3\/4&#8243;][vc_column_text css=&#8221;{&#8220;margin-bottom&#8220;:&#8220;35px&#8220;}&#8221;] O Curso Superior de An\u00e1lise e Desenvolvimento de Sistemas &#8211; ADS, surgiu de uma proposta estruturada entre a Pr\u00f3-Reitoria de Gradua\u00e7\u00e3o da UEPB e a Secretaria de Ci\u00eancia, Tecnologia, Inova\u00e7\u00e3o e Ensino Superior do Estado da Para\u00edba &#8211; SECTIES em parceria <a class=\"leiamais\" href=\"https:\/\/departamentos.uepb.edu.br\/ads\/\">Leia Mais&#8230;<\/a><\/p>\n","protected":false},"author":16,"featured_media":239,"parent":0,"menu_order":0,"comment_status":"closed","ping_status":"closed","template":"","meta":{"footnotes":""},"class_list":["post-5","page","type-page","status-publish","has-post-thumbnail","hentry"],"_links":{"self":[{"href":"https:\/\/departamentos.uepb.edu.br\/ads\/wp-json\/wp\/v2\/pages\/5","targetHints":{"allow":["GET"]}}],"collection":[{"href":"https:\/\/departamentos.uepb.edu.br\/ads\/wp-json\/wp\/v2\/pages"}],"about":[{"href":"https:\/\/departamentos.uepb.edu.br\/ads\/wp-json\/wp\/v2\/types\/page"}],"author":[{"embeddable":true,"href":"https:\/\/departamentos.uepb.edu.br\/ads\/wp-json\/wp\/v2\/users\/16"}],"replies":[{"embeddable":true,"href":"https:\/\/departamentos.uepb.edu.br\/ads\/wp-json\/wp\/v2\/comments?post=5"}],"version-history":[{"count":41,"href":"https:\/\/departamentos.uepb.edu.br\/ads\/wp-json\/wp\/v2\/pages\/5\/revisions"}],"predecessor-version":[{"id":316,"href":"https:\/\/departamentos.uepb.edu.br\/ads\/wp-json\/wp\/v2\/pages\/5\/revisions\/316"}],"wp:featuredmedia":[{"embeddable":true,"href":"https:\/\/departamentos.uepb.edu.br\/ads\/wp-json\/wp\/v2\/media\/239"}],"wp:attachment":[{"href":"https:\/\/departamentos.uepb.edu.br\/ads\/wp-json\/wp\/v2\/media?parent=5"}],"curies":[{"name":"wp","href":"https:\/\/api.w.org\/{rel}","templated":true}]}}