{"id":8,"date":"2023-09-05T07:56:49","date_gmt":"2023-09-05T10:56:49","guid":{"rendered":"https:\/\/departamentos.uepb.edu.br\/ads\/?page_id=8"},"modified":"2024-09-01T14:29:19","modified_gmt":"2024-09-01T17:29:19","slug":"sobre","status":"publish","type":"page","link":"https:\/\/departamentos.uepb.edu.br\/ads\/sobre\/","title":{"rendered":"Sobre o Curso"},"content":{"rendered":"<p style=\"text-align: justify\"><span data-contrast=\"auto\">O curso de Tecnologia em An\u00e1lise e Desenvolvimento de Sistemas \u00e9 uma gradua\u00e7\u00e3o tecnol\u00f3gica de n\u00edvel superior focada em formar profissionais de tecnologia da informa\u00e7\u00e3o aptos a analisar, projetar, desenvolver, testar e implementar sistemas de informa\u00e7\u00e3o. \u00c9 uma grande \u00e1rea que integra conhecimentos de TI, programa\u00e7\u00e3o, gest\u00e3o de projetos, an\u00e1lise de sistemas, an\u00e1lise e projeto de softwares, metodologias \u00e1geis, projeto e implementa\u00e7\u00e3o de redes de computadores e banco de dados.<\/span><span data-ccp-props=\"{&quot;134233117&quot;:false,&quot;134233118&quot;:false,&quot;201341983&quot;:0,&quot;335551550&quot;:6,&quot;335551620&quot;:6,&quot;335559738&quot;:240,&quot;335559739&quot;:240,&quot;335559740&quot;:259}\">\u00a0<\/span> <span data-contrast=\"auto\">O objetivo do curso \u00e9 preparar profissionais aptos a atuar no mercado de tecnologia, desenvolvendo e gerenciando sistemas de informa\u00e7\u00e3o que atendam \u00e0s necessidades das organiza\u00e7\u00f5es e usu\u00e1rios. Os graduados est\u00e3o habilitados para trabalhar em empresas de desenvolvimento de software, organiza\u00e7\u00f5es de TI, startups, setor p\u00fablico, ou at\u00e9 mesmo empreender seu pr\u00f3prio neg\u00f3cio na \u00e1rea de tecnologia.<\/span><span data-ccp-props=\"{&quot;134233117&quot;:false,&quot;134233118&quot;:false,&quot;201341983&quot;:0,&quot;335551550&quot;:6,&quot;335551620&quot;:6,&quot;335559738&quot;:240,&quot;335559739&quot;:240,&quot;335559740&quot;:259}\">\u00a0<\/span> <span data-contrast=\"auto\">O analista de sistemas obter\u00e1 conhecimentos no decorrer do curso de Tecn\u00f3logo em An\u00e1lise e Desenvolvimento de Sistemas, a exemplo de:<\/span><span data-ccp-props=\"{&quot;134233117&quot;:false,&quot;134233118&quot;:false,&quot;201341983&quot;:0,&quot;335551550&quot;:6,&quot;335551620&quot;:6,&quot;335559738&quot;:240,&quot;335559739&quot;:240,&quot;335559740&quot;:259}\">\u00a0<\/span><\/p>\n<ul>\n<li style=\"list-style-type: none\">\n<ul>\n<li style=\"list-style-type: none\">\n<ul>\n<li style=\"text-align: justify\"><span data-contrast=\"auto\"><strong>Banco de Dados<\/strong>: Estudo sobre gerenciamento e modelagem de bancos de dados, aprendendo a criar, implementar e otimizar estruturas de armazenamento e recupera\u00e7\u00e3o de informa\u00e7\u00f5es.<\/span><span data-ccp-props=\"{&quot;134233117&quot;:false,&quot;134233118&quot;:false,&quot;201341983&quot;:0,&quot;335551550&quot;:6,&quot;335551620&quot;:6,&quot;335559738&quot;:0,&quot;335559739&quot;:0,&quot;335559740&quot;:259}\">\u00a0<\/span><\/li>\n<li style=\"text-align: justify\"><span data-contrast=\"auto\"><strong>Desenvolvimento de Sistemas<\/strong>: Compreens\u00e3o do ciclo de vida de desenvolvimento de sistemas, desde a an\u00e1lise dos requisitos at\u00e9 a implementa\u00e7\u00e3o e manuten\u00e7\u00e3o dos sistemas.<\/span><span data-ccp-props=\"{&quot;134233117&quot;:false,&quot;134233118&quot;:false,&quot;201341983&quot;:0,&quot;335551550&quot;:6,&quot;335551620&quot;:6,&quot;335559738&quot;:0,&quot;335559739&quot;:0,&quot;335559740&quot;:259}\">\u00a0<\/span><\/li>\n<li style=\"text-align: justify\"><span data-contrast=\"auto\"><strong>Empreendedorismo e Inova\u00e7\u00e3o<\/strong>: Introdu\u00e7\u00e3o a conceitos de empreendedorismo e inova\u00e7\u00e3o, capacitando os estudantes a empreender e inovar no campo da tecnologia.<\/span><span data-ccp-props=\"{&quot;134233117&quot;:false,&quot;134233118&quot;:false,&quot;201341983&quot;:0,&quot;335551550&quot;:6,&quot;335551620&quot;:6,&quot;335559738&quot;:0,&quot;335559739&quot;:0,&quot;335559740&quot;:259}\">\u00a0<\/span><\/li>\n<li style=\"text-align: justify\"><span data-contrast=\"auto\"><strong>Engenharia de Software<\/strong>: Aprofundamento em pr\u00e1ticas e metodologias de engenharia de software, incluindo t\u00e9cnicas \u00e1geis, padr\u00f5es de projeto e boas pr\u00e1ticas de programa\u00e7\u00e3o.<\/span><span data-ccp-props=\"{&quot;134233117&quot;:false,&quot;134233118&quot;:false,&quot;201341983&quot;:0,&quot;335551550&quot;:6,&quot;335551620&quot;:6,&quot;335559738&quot;:0,&quot;335559739&quot;:0,&quot;335559740&quot;:259}\">\u00a0<\/span><\/li>\n<li style=\"text-align: justify\"><span data-contrast=\"auto\"><strong>\u00c9tica e Legisla\u00e7\u00e3o em TI<\/strong>: Compreens\u00e3o das responsabilidades \u00e9ticas e legais dos profissionais de TI, abordando aspectos como privacidade, seguran\u00e7a e legisla\u00e7\u00e3o relacionada \u00e0 \u00e1rea.<\/span><span data-ccp-props=\"{&quot;134233117&quot;:false,&quot;134233118&quot;:false,&quot;201341983&quot;:0,&quot;335551550&quot;:6,&quot;335551620&quot;:6,&quot;335559738&quot;:0,&quot;335559739&quot;:0,&quot;335559740&quot;:259}\">\u00a0<\/span><\/li>\n<li style=\"text-align: justify\"><span data-contrast=\"auto\"><strong>Fundamentos da Computa\u00e7\u00e3o<\/strong>: Os alunos aprendem os princ\u00edpios b\u00e1sicos da computa\u00e7\u00e3o, incluindo l\u00f3gica de programa\u00e7\u00e3o, estruturas de dados, algoritmos, sistemas operacionais e arquitetura de computadores.<\/span><span data-ccp-props=\"{&quot;134233117&quot;:false,&quot;134233118&quot;:false,&quot;201341983&quot;:0,&quot;335551550&quot;:6,&quot;335551620&quot;:6,&quot;335559738&quot;:0,&quot;335559739&quot;:0,&quot;335559740&quot;:259}\">\u00a0<\/span><\/li>\n<li style=\"text-align: justify\"><span data-contrast=\"auto\"><strong>Linguagens de Programa\u00e7\u00e3o<\/strong>: S\u00e3o ensinadas v\u00e1rias linguagens de programa\u00e7\u00e3o relevantes para o mercado, como Java, HTML, Python, PHP, entre outras, para desenvolver aplica\u00e7\u00f5es de software.<\/span><span data-ccp-props=\"{&quot;134233117&quot;:false,&quot;134233118&quot;:false,&quot;201341983&quot;:0,&quot;335551550&quot;:6,&quot;335551620&quot;:6,&quot;335559738&quot;:0,&quot;335559739&quot;:0,&quot;335559740&quot;:259}\">\u00a0<\/span><\/li>\n<li style=\"text-align: justify\"><span data-contrast=\"auto\"><strong>Qualidade e Testes de Software<\/strong>: Estudo sobre t\u00e9cnicas de garantia de qualidade e testes de software para assegurar a confiabilidade e efici\u00eancia dos sistemas desenvolvidos com foco principal oferecer uma compreens\u00e3o aprofundada e pr\u00e1tica das metodologias \u00e1geis e suas aplica\u00e7\u00f5es no desenvolvimento de software e gerenciamento de projetos.<\/span><span data-ccp-props=\"{&quot;134233117&quot;:false,&quot;134233118&quot;:false,&quot;201341983&quot;:0,&quot;335551550&quot;:6,&quot;335551620&quot;:6,&quot;335559738&quot;:0,&quot;335559739&quot;:0,&quot;335559740&quot;:259}\">\u00a0<\/span><\/li>\n<li style=\"text-align: justify\"><span data-contrast=\"auto\"><strong>Sistemas Web e Mobile<\/strong>: Foco em desenvolvimento de aplica\u00e7\u00f5es para web e dispositivos m\u00f3veis, abrangendo interfaces, usabilidade, seguran\u00e7a e integra\u00e7\u00e3o com sistemas com programa\u00e7\u00e3o e implementa\u00e7\u00e3o front-end e back-end.<\/span><span data-ccp-props=\"{&quot;134233117&quot;:false,&quot;134233118&quot;:false,&quot;201341983&quot;:0,&quot;335551550&quot;:6,&quot;335551620&quot;:6,&quot;335559738&quot;:0,&quot;335559739&quot;:0,&quot;335559740&quot;:259}\">\u00a0<\/span><\/li>\n<\/ul>\n<\/li>\n<\/ul>\n<\/li>\n<\/ul>\n","protected":false},"excerpt":{"rendered":"<p>O curso de Tecnologia em An\u00e1lise e Desenvolvimento de Sistemas \u00e9 uma gradua\u00e7\u00e3o tecnol\u00f3gica de n\u00edvel superior focada em formar profissionais de tecnologia da informa\u00e7\u00e3o aptos a analisar, projetar, desenvolver, testar e implementar sistemas de informa\u00e7\u00e3o. \u00c9 uma grande \u00e1rea que integra conhecimentos de TI, programa\u00e7\u00e3o, gest\u00e3o de projetos, an\u00e1lise de sistemas, an\u00e1lise e projeto <a class=\"leiamais\" href=\"https:\/\/departamentos.uepb.edu.br\/ads\/sobre\/\">Leia Mais&#8230;<\/a><\/p>\n","protected":false},"author":16,"featured_media":0,"parent":0,"menu_order":0,"comment_status":"closed","ping_status":"closed","template":"","meta":{"footnotes":""},"class_list":["post-8","page","type-page","status-publish","hentry"],"_links":{"self":[{"href":"https:\/\/departamentos.uepb.edu.br\/ads\/wp-json\/wp\/v2\/pages\/8","targetHints":{"allow":["GET"]}}],"collection":[{"href":"https:\/\/departamentos.uepb.edu.br\/ads\/wp-json\/wp\/v2\/pages"}],"about":[{"href":"https:\/\/departamentos.uepb.edu.br\/ads\/wp-json\/wp\/v2\/types\/page"}],"author":[{"embeddable":true,"href":"https:\/\/departamentos.uepb.edu.br\/ads\/wp-json\/wp\/v2\/users\/16"}],"replies":[{"embeddable":true,"href":"https:\/\/departamentos.uepb.edu.br\/ads\/wp-json\/wp\/v2\/comments?post=8"}],"version-history":[{"count":11,"href":"https:\/\/departamentos.uepb.edu.br\/ads\/wp-json\/wp\/v2\/pages\/8\/revisions"}],"predecessor-version":[{"id":237,"href":"https:\/\/departamentos.uepb.edu.br\/ads\/wp-json\/wp\/v2\/pages\/8\/revisions\/237"}],"wp:attachment":[{"href":"https:\/\/departamentos.uepb.edu.br\/ads\/wp-json\/wp\/v2\/media?parent=8"}],"curies":[{"name":"wp","href":"https:\/\/api.w.org\/{rel}","templated":true}]}}