{"id":116,"date":"2025-08-04T17:29:54","date_gmt":"2025-08-04T20:29:54","guid":{"rendered":"https:\/\/departamentos.uepb.edu.br\/cienciadedados\/?page_id=116"},"modified":"2026-03-07T09:08:39","modified_gmt":"2026-03-07T12:08:39","slug":"tcc","status":"publish","type":"page","link":"https:\/\/departamentos.uepb.edu.br\/cienciadedados\/tcc\/","title":{"rendered":"TCC"},"content":{"rendered":"<div class=\"wpb-content-wrapper\"><p>[vc_row][vc_column width=&#8221;1\/2&#8243; el_class=&#8221;conf-vermelho&#8221;][vc_text_separator title=&#8221;Informa\u00e7\u00f5es&#8221; i_icon_fontawesome=&#8221;fa fa-solid fa-info&#8221; i_color=&#8221;white&#8221; i_background_style=&#8221;boxed&#8221; i_background_color=&#8221;custom&#8221; i_size=&#8221;sm&#8221; title_align=&#8221;separator_align_left&#8221; css=&#8221;&#8221; add_icon=&#8221;true&#8221; i_custom_background_color=&#8221;#DD3333&#8243;][vc_column_text css=&#8221;&#8221;]<\/p>\n<ul>\n<li><a href=\"https:\/\/drive.google.com\/file\/d\/1FAT75gGtf-u8kk_phyZc75Hdmhsyns67\/view?usp=sharing\" target=\"_blank\" rel=\"noopener\">Informa\u00e7\u00f5es sobre o TCC<\/a><\/li>\n<\/ul>\n<p>[\/vc_column_text][vc_text_separator title=&#8221;Termo de Compromisso&#8221; i_icon_fontawesome=&#8221;fa fa-solid fa-file-contract&#8221; i_color=&#8221;white&#8221; i_background_style=&#8221;boxed&#8221; i_background_color=&#8221;custom&#8221; i_size=&#8221;sm&#8221; title_align=&#8221;separator_align_left&#8221; css=&#8221;&#8221; add_icon=&#8221;true&#8221; i_custom_background_color=&#8221;#DD3333&#8243;][vc_column_text css=&#8221;&#8221;]<\/p>\n<ul>\n<li><a href=\"https:\/\/departamentos.uepb.edu.br\/cienciadedados\/download\/termo-de-compromisso-de-orientacao-de-tcc-cd\/\" target=\"_blank\" rel=\"noopener\">Termo de Compromisso de Orienta\u00e7\u00e3o de TCC<\/a><\/li>\n<\/ul>\n<p>[\/vc_column_text][vc_text_separator title=&#8221;Formul\u00e1rio&#8221; i_icon_fontawesome=&#8221;fa fa-brands fa-wpforms&#8221; i_color=&#8221;white&#8221; i_background_style=&#8221;boxed&#8221; i_background_color=&#8221;custom&#8221; i_size=&#8221;sm&#8221; title_align=&#8221;separator_align_left&#8221; css=&#8221;&#8221; add_icon=&#8221;true&#8221; i_custom_background_color=&#8221;#DD3333&#8243;][vc_column_text css=&#8221;&#8221;]<\/p>\n<ul>\n<li><a href=\"https:\/\/departamentos.uepb.edu.br\/cienciadedados\/download\/formulario-de-composicao-de-banca-examinadora-de-defesa-de-tcc-cd\/\" target=\"_blank\" rel=\"noopener\">Formul\u00e1rio de Composi\u00e7\u00e3o de Banca Examinadora<\/a><\/li>\n<\/ul>\n<p>[\/vc_column_text][\/vc_column][vc_column width=&#8221;1\/2&#8243;][vc_text_separator title=&#8221;Modelos&#8221; i_icon_fontawesome=&#8221;fa fa-solid fa-box-archive&#8221; i_color=&#8221;custom&#8221; i_background_style=&#8221;boxed&#8221; i_background_color=&#8221;custom&#8221; i_size=&#8221;sm&#8221; title_align=&#8221;separator_align_left&#8221; css=&#8221;&#8221; add_icon=&#8221;true&#8221; i_custom_color=&#8221;#FFFFFF&#8221; i_custom_background_color=&#8221;#DD3333&#8243;][vc_column_text css=&#8221;&#8221;]<\/p>\n<ul>\n<li><a href=\"https:\/\/biblioteca.uepb.edu.br\/abnt-guia-de-normalizacao\/#modelos\" target=\"_blank\" rel=\"noopener\">Modelos<\/a> de TCC elaborados pelas Bibliotecas da UEPB, baseados nas normas da ABNT<\/li>\n<\/ul>\n<p>[\/vc_column_text][vc_text_separator title=&#8221;Orientandos e orientadores&#8221; i_icon_fontawesome=&#8221;fa fa-solid fa-people-carry-box&#8221; i_color=&#8221;custom&#8221; i_background_style=&#8221;boxed&#8221; i_background_color=&#8221;custom&#8221; i_size=&#8221;sm&#8221; title_align=&#8221;separator_align_left&#8221; css=&#8221;&#8221; add_icon=&#8221;true&#8221; i_custom_color=&#8221;#FFFFFF&#8221; i_custom_background_color=&#8221;#DD3333&#8243;][vc_column_text css=&#8221;&#8221;]Aguarde para ter acesso \u00e0 lista de estudantes de TCC e seus respectivos orientadores (2026.1).[\/vc_column_text][\/vc_column][\/vc_row]<\/p>\n<\/div>","protected":false},"excerpt":{"rendered":"<p>[vc_row][vc_column width=&#8221;1\/2&#8243; el_class=&#8221;conf-vermelho&#8221;][vc_text_separator title=&#8221;Informa\u00e7\u00f5es&#8221; i_icon_fontawesome=&#8221;fa fa-solid fa-info&#8221; i_color=&#8221;white&#8221; i_background_style=&#8221;boxed&#8221; i_background_color=&#8221;custom&#8221; i_size=&#8221;sm&#8221; title_align=&#8221;separator_align_left&#8221; css=&#8221;&#8221; add_icon=&#8221;true&#8221; i_custom_background_color=&#8221;#DD3333&#8243;][vc_column_text css=&#8221;&#8221;] Informa\u00e7\u00f5es sobre o TCC [\/vc_column_text][vc_text_separator title=&#8221;Termo de Compromisso&#8221; i_icon_fontawesome=&#8221;fa fa-solid fa-file-contract&#8221; i_color=&#8221;white&#8221; i_background_style=&#8221;boxed&#8221; i_background_color=&#8221;custom&#8221; i_size=&#8221;sm&#8221; title_align=&#8221;separator_align_left&#8221; css=&#8221;&#8221; add_icon=&#8221;true&#8221; i_custom_background_color=&#8221;#DD3333&#8243;][vc_column_text css=&#8221;&#8221;] Termo de Compromisso de Orienta\u00e7\u00e3o de TCC [\/vc_column_text][vc_text_separator title=&#8221;Formul\u00e1rio&#8221; i_icon_fontawesome=&#8221;fa fa-brands fa-wpforms&#8221; i_color=&#8221;white&#8221; i_background_style=&#8221;boxed&#8221; i_background_color=&#8221;custom&#8221; i_size=&#8221;sm&#8221; title_align=&#8221;separator_align_left&#8221; css=&#8221;&#8221; add_icon=&#8221;true&#8221; <a class=\"leiamais\" href=\"https:\/\/departamentos.uepb.edu.br\/cienciadedados\/tcc\/\">Leia Mais&#8230;<\/a><\/p>\n","protected":false},"author":23,"featured_media":0,"parent":0,"menu_order":0,"comment_status":"closed","ping_status":"closed","template":"","meta":{"footnotes":""},"class_list":["post-116","page","type-page","status-publish","hentry"],"_links":{"self":[{"href":"https:\/\/departamentos.uepb.edu.br\/cienciadedados\/wp-json\/wp\/v2\/pages\/116","targetHints":{"allow":["GET"]}}],"collection":[{"href":"https:\/\/departamentos.uepb.edu.br\/cienciadedados\/wp-json\/wp\/v2\/pages"}],"about":[{"href":"https:\/\/departamentos.uepb.edu.br\/cienciadedados\/wp-json\/wp\/v2\/types\/page"}],"author":[{"embeddable":true,"href":"https:\/\/departamentos.uepb.edu.br\/cienciadedados\/wp-json\/wp\/v2\/users\/23"}],"replies":[{"embeddable":true,"href":"https:\/\/departamentos.uepb.edu.br\/cienciadedados\/wp-json\/wp\/v2\/comments?post=116"}],"version-history":[{"count":47,"href":"https:\/\/departamentos.uepb.edu.br\/cienciadedados\/wp-json\/wp\/v2\/pages\/116\/revisions"}],"predecessor-version":[{"id":777,"href":"https:\/\/departamentos.uepb.edu.br\/cienciadedados\/wp-json\/wp\/v2\/pages\/116\/revisions\/777"}],"wp:attachment":[{"href":"https:\/\/departamentos.uepb.edu.br\/cienciadedados\/wp-json\/wp\/v2\/media?parent=116"}],"curies":[{"name":"wp","href":"https:\/\/api.w.org\/{rel}","templated":true}]}}