{"id":14,"date":"2025-08-01T10:53:41","date_gmt":"2025-08-01T13:53:41","guid":{"rendered":"https:\/\/departamentos.uepb.edu.br\/cienciadedados\/?page_id=14"},"modified":"2026-04-03T21:23:56","modified_gmt":"2026-04-04T00:23:56","slug":"coordenacao","status":"publish","type":"page","link":"https:\/\/departamentos.uepb.edu.br\/cienciadedados\/coordenacao\/","title":{"rendered":"Coordena\u00e7\u00e3o"},"content":{"rendered":"<div class=\"wpb-content-wrapper\"><p>[vc_row][vc_column width=&#8221;1\/2&#8243; el_class=&#8221;conf-vermelho&#8221;][vc_column_text css=&#8221;&#8221;]<\/p>\n<div style=\"text-align: center; border-radius: 15px; padding: 20px; max-width: 350px; margin: auto;\">\n<p><img decoding=\"async\" style=\"border-radius: 50%; width: 150px; height: 150px; object-fit: cover; margin-bottom: 10px;\" src=\"https:\/\/laboratorios.uepb.edu.br\/labegi\/wp-content\/uploads\/sites\/4\/2025\/11\/wilker4.jpg\" alt=\"Jos\u00e9 Wilker de Lima Silva\"><\/p>\n<h6 style=\"margin-bottom: 5px; font-weight: 600; color: #333;\"><a href=\"http:\/\/professores.uepb.edu.br\/wilker\" target=\"_blank\" rel=\"noopener\">Prof. Dr. Jos\u00e9 Wilker de Lima Silva<\/a><\/h6>\n<p style=\"margin: 0; color: #555;\">Coordenador<\/p>\n<\/div>\n<p>[\/vc_column_text][vc_column_text css=&#8221;&#8221;]<\/p>\n<div style=\"text-align: center; border-radius: 15px; padding: 20px; max-width: 350px; margin: auto;\">\n<p><img decoding=\"async\" style=\"border-radius: 50%; width: 150px; height: 150px; object-fit: cover; margin-bottom: 10px;\" src=\"http:\/\/servicosweb.cnpq.br\/wspessoa\/servletrecuperafoto?tipo=1&amp;id=K4751847T7\" alt=\"Viviane Barreto Motta Nogueira, D.Sc.\"><\/p>\n<h6 style=\"margin-bottom: 5px; font-weight: 600; color: #333;\"><a href=\"https:\/\/lattes.cnpq.br\/8215509554924467\" target=\"_blank\" rel=\"noopener\">Profa. Dra. Viviane Barreto Motta Nogueira<\/a><\/h6>\n<p style=\"margin: 0; color: #555;\">Coordenadora Adjunta<\/p>\n<\/div>\n<p>[\/vc_column_text][vc_column_text css=&#8221;&#8221;]<\/p>\n<div style=\"text-align: center; border-radius: 15px; padding: 20px; max-width: 350px; margin: auto;\">\n<p><img decoding=\"async\" style=\"border-radius: 50%; width: 150px; height: 150px; object-fit: cover; margin-bottom: 10px;\" src=\"http:\/\/servicosweb.cnpq.br\/wspessoa\/servletrecuperafoto?tipo=1&amp;id=K8151875H2\" alt=\"Kefson Felix de Farias\"><\/p>\n<h6 style=\"margin-bottom: 5px; font-weight: 600; color: #333;\"><a href=\"http:\/\/lattes.cnpq.br\/3597024352148724\" target=\"_blank\" rel=\"noopener\">Kefson Felix de Farias<\/a><\/h6>\n<p style=\"margin: 0; color: #555;\">Secret\u00e1rio da Coordena\u00e7\u00e3o<\/p>\n<\/div>\n<p>[\/vc_column_text][\/vc_column][vc_column width=&#8221;1\/2&#8243; el_class=&#8221;conf-azul&#8221;][vc_text_separator title=&#8221;E-mail&#8221; i_icon_fontawesome=&#8221;fa fa-regular fa-paper-plane&#8221; i_color=&#8221;white&#8221; i_background_style=&#8221;boxed&#8221; i_background_color=&#8221;custom&#8221; i_size=&#8221;sm&#8221; title_align=&#8221;separator_align_left&#8221; css=&#8221;&#8221; add_icon=&#8221;true&#8221; i_custom_background_color=&#8221;#DD3333&#8243;][vc_column_text css=&#8221;&#8221;]<a href=\"mailto:coord_ciencia_dados@setor.uepb.edu.br\" target=\"_blank\" rel=\"noopener\">coord_ciencia_dados@setor.uepb.edu.br<\/a>[\/vc_column_text][vc_text_separator title=&#8221;Hor\u00e1rio de Atendimento&#8221; i_icon_fontawesome=&#8221;fa fa-solid fa-clock&#8221; i_color=&#8221;white&#8221; i_background_style=&#8221;boxed&#8221; i_background_color=&#8221;custom&#8221; i_size=&#8221;sm&#8221; title_align=&#8221;separator_align_left&#8221; css=&#8221;&#8221; add_icon=&#8221;true&#8221; i_custom_background_color=&#8221;#DD3333&#8243;][vc_column_text css=&#8221;&#8221;]De segunda \u00e0 sexta, das 08h \u00e0s 12h e 13h \u00e0s 17h.[\/vc_column_text][vc_text_separator title=&#8221;Localiza\u00e7\u00e3o&#8221; i_icon_fontawesome=&#8221;fa fa-solid fa-map-pin&#8221; i_color=&#8221;white&#8221; i_background_style=&#8221;boxed&#8221; i_background_color=&#8221;custom&#8221; i_size=&#8221;sm&#8221; title_align=&#8221;separator_align_left&#8221; css=&#8221;&#8221; add_icon=&#8221;true&#8221; i_custom_background_color=&#8221;#DD3333&#8243;][vc_column_text css=&#8221;&#8221;]Rua Hor\u00e1cio Trajano de Oliveira, S\/N, Cristo Redentor, CEP: 58071-160 \u2013 Jo\u00e3o Pessoa \u2013 Para\u00edba[\/vc_column_text][vc_goo_maps location=&#8221;-7.158473, -34.872936&#8243; zoom=&#8221;20&#8243; css=&#8221;&#8221;][\/vc_column][\/vc_row]<\/p>\n<\/div>","protected":false},"excerpt":{"rendered":"<p>[vc_row][vc_column width=&#8221;1\/2&#8243; el_class=&#8221;conf-vermelho&#8221;][vc_column_text css=&#8221;&#8221;] Prof. Dr. Jos\u00e9 Wilker de Lima Silva Coordenador [\/vc_column_text][vc_column_text css=&#8221;&#8221;] Profa. Dra. Viviane Barreto Motta Nogueira Coordenadora Adjunta [\/vc_column_text][vc_column_text css=&#8221;&#8221;] Kefson Felix de Farias Secret\u00e1rio da Coordena\u00e7\u00e3o [\/vc_column_text][\/vc_column][vc_column width=&#8221;1\/2&#8243; el_class=&#8221;conf-azul&#8221;][vc_text_separator title=&#8221;E-mail&#8221; i_icon_fontawesome=&#8221;fa fa-regular fa-paper-plane&#8221; i_color=&#8221;white&#8221; i_background_style=&#8221;boxed&#8221; i_background_color=&#8221;custom&#8221; i_size=&#8221;sm&#8221; title_align=&#8221;separator_align_left&#8221; css=&#8221;&#8221; add_icon=&#8221;true&#8221; i_custom_background_color=&#8221;#DD3333&#8243;][vc_column_text css=&#8221;&#8221;]coord_ciencia_dados@setor.uepb.edu.br[\/vc_column_text][vc_text_separator title=&#8221;Hor\u00e1rio de Atendimento&#8221; i_icon_fontawesome=&#8221;fa fa-solid fa-clock&#8221; i_color=&#8221;white&#8221; i_background_style=&#8221;boxed&#8221; <a class=\"leiamais\" href=\"https:\/\/departamentos.uepb.edu.br\/cienciadedados\/coordenacao\/\">Leia Mais&#8230;<\/a><\/p>\n","protected":false},"author":13,"featured_media":0,"parent":0,"menu_order":0,"comment_status":"closed","ping_status":"closed","template":"","meta":{"footnotes":""},"class_list":["post-14","page","type-page","status-publish","hentry"],"_links":{"self":[{"href":"https:\/\/departamentos.uepb.edu.br\/cienciadedados\/wp-json\/wp\/v2\/pages\/14","targetHints":{"allow":["GET"]}}],"collection":[{"href":"https:\/\/departamentos.uepb.edu.br\/cienciadedados\/wp-json\/wp\/v2\/pages"}],"about":[{"href":"https:\/\/departamentos.uepb.edu.br\/cienciadedados\/wp-json\/wp\/v2\/types\/page"}],"author":[{"embeddable":true,"href":"https:\/\/departamentos.uepb.edu.br\/cienciadedados\/wp-json\/wp\/v2\/users\/13"}],"replies":[{"embeddable":true,"href":"https:\/\/departamentos.uepb.edu.br\/cienciadedados\/wp-json\/wp\/v2\/comments?post=14"}],"version-history":[{"count":39,"href":"https:\/\/departamentos.uepb.edu.br\/cienciadedados\/wp-json\/wp\/v2\/pages\/14\/revisions"}],"predecessor-version":[{"id":831,"href":"https:\/\/departamentos.uepb.edu.br\/cienciadedados\/wp-json\/wp\/v2\/pages\/14\/revisions\/831"}],"wp:attachment":[{"href":"https:\/\/departamentos.uepb.edu.br\/cienciadedados\/wp-json\/wp\/v2\/media?parent=14"}],"curies":[{"name":"wp","href":"https:\/\/api.w.org\/{rel}","templated":true}]}}