{"id":178,"date":"2025-08-07T08:35:58","date_gmt":"2025-08-07T11:35:58","guid":{"rendered":"https:\/\/departamentos.uepb.edu.br\/cienciadedados\/?page_id=178"},"modified":"2025-08-21T09:37:01","modified_gmt":"2025-08-21T12:37:01","slug":"atividades-complementares","status":"publish","type":"page","link":"https:\/\/departamentos.uepb.edu.br\/cienciadedados\/atividades-complementares\/","title":{"rendered":"Atividades complementares"},"content":{"rendered":"<div class=\"wpb-content-wrapper\"><p>[vc_row][vc_column el_class=&#8221;conf-azul&#8221;][vc_text_separator title=&#8221;Complementar de Atividades Acad\u00eamicas Cient\u00edfico-Culturais &#8211; AACC&#8221; i_icon_fontawesome=&#8221;fa fa-solid fa-check-double&#8221; i_color=&#8221;white&#8221; i_background_style=&#8221;boxed&#8221; i_background_color=&#8221;custom&#8221; i_size=&#8221;sm&#8221; title_align=&#8221;separator_align_left&#8221; css=&#8221;&#8221; add_icon=&#8221;true&#8221; i_custom_background_color=&#8221;#DD3333&#8243;][vc_column_text css=&#8221;&#8221;]<\/p>\n<p style=\"text-align: justify\">As atividades acad\u00eamicas complementares t\u00eam car\u00e1ter flex\u00edvel e correspondem \u00e0quelas que o estudante realizar\u00e1 de forma independente, na promo\u00e7\u00e3o de sua autonomia intelectual, proporcionando-lhe oportunidades de realizar atividades de seu interesse, desenvolver suas voca\u00e7\u00f5es e aptid\u00f5es, decidir sobre os rumos de sua carreira profissional. <span style=\"text-decoration: underline\"><strong>Essas atividades t\u00eam por finalidade complementar a forma\u00e7\u00e3o do estudante e dever\u00e3o integralizar 210 horas da carga hor\u00e1ria total do curso.<\/strong><\/span><\/p>\n<p style=\"text-align: justify\"><span style=\"text-decoration: underline\">\u00c9 de responsabilidade do aluno solicitar \u00e0 Coordena\u00e7\u00e3o do curso o credenciamento das atividades complementares pelo <a href=\"http:\/\/suap.uepb.edu.br\" target=\"_blank\" rel=\"noopener\">SUAP<\/a><\/span>. Para ter direito aos cr\u00e9ditos nas atividades, o aluno dever\u00e1 apresentar no <a href=\"http:\/\/suap.uepb.edu.br\" target=\"_blank\" rel=\"noopener\">SUAP<\/a> o certificado ou certid\u00e3o da institui\u00e7\u00e3o promotora do evento que ateste a realiza\u00e7\u00e3o da mesma, ficando a cargo da coordena\u00e7\u00e3o do curso a convers\u00e3o da carga hor\u00e1ria, bem como o registro da mesma.<\/p>\n<p style=\"text-align: justify\">As AACC correspondem \u00e0 participa\u00e7\u00e3o do estudante em projetos de Monitoria Acad\u00eamica, de Inicia\u00e7\u00e3o Cient\u00edfica e de Extens\u00e3o. H\u00e1 ainda o aproveitamento de carga hor\u00e1ria em cursos voltados para sua \u00e1rea de atua\u00e7\u00e3o visando seu aperfei\u00e7oamento profissional, organiza\u00e7\u00e3o e participa\u00e7\u00e3o em eventos na \u00e1rea de conhecimento do curso e est\u00e1gios, dentre outras atividades que o NDE e o Colegiado do Curso elegerem como relevantes para a forma\u00e7\u00e3o profissional do estudante.<\/p>\n<p style=\"text-align: justify\">O aproveitamento da carga hor\u00e1ria das Atividades Complementares para efeito de integraliza\u00e7\u00e3o curricular dar-se-\u00e1 segundo os seguintes crit\u00e9rios, <span style=\"text-decoration: underline\"><strong>sendo o cumprimento do item \u201cc)\u201d obrigat\u00f3rio, <\/strong><\/span><strong>segundo o<\/strong>\u00a0<a href=\"https:\/\/uepb.edu.br\/prograd\/download\/ppc-tecnologia-em-ciencia-de-dados\/\" target=\"_blank\" rel=\"noopener\">PPC do curso<\/a>.<\/p>\n<p style=\"text-align: justify\">a) At\u00e9 50 horas para cada semestre de atividades em projeto de pesquisa cient\u00edfica, <span style=\"text-decoration: underline\">podendo constar no m\u00e1ximo dois semestres<\/span>;<\/p>\n<p>b) At\u00e9 50 horas para cada semestre de monitoria, <span style=\"text-decoration: underline\">podendo constar no m\u00e1ximo dois semestres<\/span>;<\/p>\n<p>c) At\u00e9 100 horas para cada participa\u00e7\u00e3o em evento cient\u00edfico na \u00e1rea objeto de forma\u00e7\u00e3o, <span style=\"text-decoration: underline\">podendo constar no m\u00e1ximo tr\u00eas eventos<\/span>;<\/p>\n<p>d) At\u00e9 05 horas para cada participa\u00e7\u00e3o em evento cient\u00edfico em \u00e1rea afim \u00e0 \u00e1rea objeto de forma\u00e7\u00e3o, <span style=\"text-decoration: underline\">podendo constar no m\u00e1ximo tr\u00eas eventos;<\/span><\/p>\n<p>e) At\u00e9 15 horas para cada publica\u00e7\u00e3o de resumo em anais de eventos cient\u00edficos, <span style=\"text-decoration: underline\">podendo constar no m\u00e1ximo tr\u00eas publica\u00e7\u00f5es<\/span>;<\/p>\n<p>f) At\u00e9 30 horas para cada publica\u00e7\u00e3o de trabalho completo ou resumo expandido em anais de eventos cient\u00edficos, <span style=\"text-decoration: underline\">podendo constar no m\u00e1ximo quatro publica\u00e7\u00f5es<\/span>;<\/p>\n<p>g) At\u00e9 100 horas para cada artigo cient\u00edfico publicado em peri\u00f3dico indexado, como autor principal, e 50 horas como co-autor, <span style=\"text-decoration: underline\">podendo constar no m\u00e1ximo duas publica\u00e7\u00f5es<\/span>;<\/p>\n<p>h) At\u00e9 30 horas de participa\u00e7\u00e3o em cursos realizados na \u00e1rea de conhecimento de ci\u00eancia de dados;<\/p>\n<p>i) At\u00e9 100 horas para est\u00e1gio N\u00c3O OBRIGAT\u00d3RIO, podendo constar no m\u00e1ximo dois semestres de est\u00e1gio, numa mesma institui\u00e7\u00e3o ou em institui\u00e7\u00f5es diferentes;<\/p>\n<p>j) At\u00e9 10 horas de participa\u00e7\u00e3o em eventos interdisciplinares promovidos na UEPB;<\/p>\n<p>k) At\u00e9 100 horas em cursos de curta dura\u00e7\u00e3o (minicursos) dentro ou fora da UEPB, <span style=\"text-decoration: underline\">podendo constar no m\u00e1ximo 2 cursos<\/span>;<\/p>\n<p>l) Casos omissos a serem deliberados pelo colegiado de curso.[\/vc_column_text][\/vc_column][\/vc_row]<\/p>\n<\/div>","protected":false},"excerpt":{"rendered":"<p>[vc_row][vc_column el_class=&#8221;conf-azul&#8221;][vc_text_separator title=&#8221;Complementar de Atividades Acad\u00eamicas Cient\u00edfico-Culturais &#8211; AACC&#8221; i_icon_fontawesome=&#8221;fa fa-solid fa-check-double&#8221; i_color=&#8221;white&#8221; i_background_style=&#8221;boxed&#8221; i_background_color=&#8221;custom&#8221; i_size=&#8221;sm&#8221; title_align=&#8221;separator_align_left&#8221; css=&#8221;&#8221; add_icon=&#8221;true&#8221; i_custom_background_color=&#8221;#DD3333&#8243;][vc_column_text css=&#8221;&#8221;] As atividades acad\u00eamicas complementares t\u00eam car\u00e1ter flex\u00edvel e correspondem \u00e0quelas que o estudante realizar\u00e1 de forma independente, na promo\u00e7\u00e3o de sua autonomia intelectual, proporcionando-lhe oportunidades de realizar atividades de seu interesse, desenvolver suas voca\u00e7\u00f5es <a class=\"leiamais\" href=\"https:\/\/departamentos.uepb.edu.br\/cienciadedados\/atividades-complementares\/\">Leia Mais&#8230;<\/a><\/p>\n","protected":false},"author":23,"featured_media":0,"parent":0,"menu_order":0,"comment_status":"closed","ping_status":"closed","template":"","meta":{"footnotes":""},"class_list":["post-178","page","type-page","status-publish","hentry"],"_links":{"self":[{"href":"https:\/\/departamentos.uepb.edu.br\/cienciadedados\/wp-json\/wp\/v2\/pages\/178","targetHints":{"allow":["GET"]}}],"collection":[{"href":"https:\/\/departamentos.uepb.edu.br\/cienciadedados\/wp-json\/wp\/v2\/pages"}],"about":[{"href":"https:\/\/departamentos.uepb.edu.br\/cienciadedados\/wp-json\/wp\/v2\/types\/page"}],"author":[{"embeddable":true,"href":"https:\/\/departamentos.uepb.edu.br\/cienciadedados\/wp-json\/wp\/v2\/users\/23"}],"replies":[{"embeddable":true,"href":"https:\/\/departamentos.uepb.edu.br\/cienciadedados\/wp-json\/wp\/v2\/comments?post=178"}],"version-history":[{"count":14,"href":"https:\/\/departamentos.uepb.edu.br\/cienciadedados\/wp-json\/wp\/v2\/pages\/178\/revisions"}],"predecessor-version":[{"id":346,"href":"https:\/\/departamentos.uepb.edu.br\/cienciadedados\/wp-json\/wp\/v2\/pages\/178\/revisions\/346"}],"wp:attachment":[{"href":"https:\/\/departamentos.uepb.edu.br\/cienciadedados\/wp-json\/wp\/v2\/media?parent=178"}],"curies":[{"name":"wp","href":"https:\/\/api.w.org\/{rel}","templated":true}]}}