{"id":377,"date":"2025-08-24T15:52:58","date_gmt":"2025-08-24T18:52:58","guid":{"rendered":"https:\/\/departamentos.uepb.edu.br\/cienciadedados\/?page_id=377"},"modified":"2025-11-26T20:25:20","modified_gmt":"2025-11-26T23:25:20","slug":"semida","status":"publish","type":"page","link":"https:\/\/departamentos.uepb.edu.br\/cienciadedados\/semida\/","title":{"rendered":"SEMIDA"},"content":{"rendered":"<div class=\"wpb-content-wrapper\"><p>[vc_row][vc_column][vc_text_separator title=&#8221;Projeto SEMIDA&#8221; i_icon_fontawesome=&#8221;fa fa-solid fa-database&#8221; i_color=&#8221;white&#8221; i_background_style=&#8221;boxed&#8221; i_background_color=&#8221;custom&#8221; i_size=&#8221;sm&#8221; title_align=&#8221;separator_align_left&#8221; css=&#8221;&#8221; add_icon=&#8221;true&#8221; i_custom_background_color=&#8221;#DD3333&#8243;][vc_column_text css=&#8221;&#8221;]<\/p>\n<p style=\"text-align: justify\">Como uma forma de expandir nossos horizontes, criamos um espa\u00e7o para trocar ideias e compartilhar novidades sobre an\u00e1lise da informa\u00e7\u00e3o, ci\u00eancia de dados e intelig\u00eancia artificial. No projeto SEMIDA rola dicas e semin\u00e1rios peri\u00f3dicos que conectam ensino, pesquisa e extens\u00e3o, sempre com uma pegada interdisciplinar e cr\u00edtica, mas sem perder o foco na pr\u00e1tica e na forma\u00e7\u00e3o t\u00e9cnica. Participe conosco e n\u00e3o se esque\u00e7a de se inscrever no <a href=\"https:\/\/www.youtube.com\/@semida.oficial?sub_confirmation=1\" target=\"_blank\" rel=\"noopener\">canal SEMIDA<\/a> no YouTube.<\/p>\n<p>[\/vc_column_text][vc_column_text css=&#8221;&#8221;]<strong>Organizadores<\/strong>:<br \/>\n<a href=\"https:\/\/professores.uepb.edu.br\/wilker\/\" target=\"_blank\" rel=\"noopener\">Prof. Dr. Jos\u00e9 Wilker de Lima Silva<\/a><br \/>\n<a href=\"http:\/\/lattes.cnpq.br\/9996806607402954\" target=\"_blank\" rel=\"noopener\">Prof. Dr. Tiago Almeida de Oliveira<\/a>[\/vc_column_text][\/vc_column][\/vc_row][vc_row][vc_column width=&#8221;1\/2&#8243; el_class=&#8221;conf-branco&#8221;][vc_text_separator title=&#8221;Semin\u00e1rios&#8221; i_icon_fontawesome=&#8221;fa fa-brands fa-screenpal&#8221; i_color=&#8221;custom&#8221; i_background_style=&#8221;boxed&#8221; i_background_color=&#8221;custom&#8221; i_size=&#8221;sm&#8221; title_align=&#8221;separator_align_left&#8221; css=&#8221;&#8221; add_icon=&#8221;true&#8221; i_custom_color=&#8221;#FFFFFF&#8221; i_custom_background_color=&#8221;#DD3333&#8243;][vc_tta_accordion style=&#8221;modern&#8221; c_icon=&#8221;triangle&#8221; active_section=&#8221;0&#8243; collapsible_all=&#8221;true&#8221;][vc_tta_section title=&#8221;Semin\u00e1rio 04 (26\/11\/2025)&#8221; tab_id=&#8221;1760020050556-d53c7679-fe11&#8243;][vc_column_text css=&#8221;&#8221;]<\/p>\n<p style=\"text-align: justify\"><strong>SEMIN\u00c1RIO &#8220;<a href=\"https:\/\/youtu.be\/78hk2WUMtQc\" target=\"_blank\" rel=\"noopener\">ENTRE DADOS E DESINFORMA\u00c7\u00c3O: INTELIG\u00caNCIA ARTIFICAL E OS DESAFIOS METODOL\u00d3GICOS<\/a>&#8220;<\/strong><strong><br \/>\n<\/strong>Apresentador: Carlos Alexsandro de Carvalho Souza<\/p>\n<p>[\/vc_column_text][vc_separator color=&#8221;white&#8221; css=&#8221;&#8221;][vc_btn title=&#8221;Certificado do(a) Apresentador(a)&#8221; style=&#8221;gradient&#8221; gradient_color_1=&#8221;pink&#8221; gradient_color_2=&#8221;mulled-wine&#8221; size=&#8221;lg&#8221; i_icon_fontawesome=&#8221;fa fa-solid fa-chalkboard-user&#8221; css=&#8221;&#8221; add_icon=&#8221;true&#8221; link=&#8221;url:https%3A%2F%2Fdepartamentos.uepb.edu.br%2Fcienciadedados%2Fdownload%2Fcertificado-de-apresentacao-seminario-26-11-2025%2F|target:_blank&#8221;][vc_separator color=&#8221;white&#8221; css=&#8221;&#8221;][vc_btn title=&#8221;Certificado de Participa\u00e7\u00e3o&#8221; style=&#8221;gradient-custom&#8221; gradient_custom_color_1=&#8221;#000000&#8243; gradient_custom_color_2=&#8221;#808080&#8243; size=&#8221;lg&#8221; i_icon_fontawesome=&#8221;fa fa-solid fa-laptop-code&#8221; css=&#8221;&#8221; add_icon=&#8221;true&#8221; link=&#8221;url:https%3A%2F%2Fdrive.google.com%2Ffile%2Fd%2F1aD-Npudkz0Eo1uUHPRK7KcED3lOOqnKZ%2Fview%3Fusp%3Dsharing|target:_blank&#8221;][vc_separator color=&#8221;white&#8221; css=&#8221;&#8221;][vc_btn title=&#8221;Certificado de Media\u00e7\u00e3o&#8221; style=&#8221;gradient-custom&#8221; gradient_custom_color_1=&#8221;#81D742&#8243; gradient_custom_color_2=&#8221;#808080&#8243; size=&#8221;lg&#8221; i_icon_fontawesome=&#8221;fa fa-solid fa-laptop-code&#8221; css=&#8221;&#8221; add_icon=&#8221;true&#8221; link=&#8221;url:https%3A%2F%2Fdepartamentos.uepb.edu.br%2Fcienciadedados%2Fdownload%2Fcertificado-de-mediadora-seminario-26-11-2025%2F|target:_blank&#8221;][vc_separator color=&#8221;white&#8221; css=&#8221;&#8221;][vc_single_image image=&#8221;768&#8243; img_size=&#8221;full&#8221; onclick=&#8221;custom_link&#8221; img_link_target=&#8221;_blank&#8221; css=&#8221;&#8221; link=&#8221;https:\/\/youtu.be\/78hk2WUMtQc&#8221;][\/vc_tta_section][vc_tta_section title=&#8221;Semin\u00e1rio 03 (16\/09\/2025)&#8221; tab_id=&#8221;1764198743233-5f3969e2-ea38&#8243;][vc_column_text css=&#8221;&#8221;]<\/p>\n<p style=\"text-align: justify\"><strong>SEMIN\u00c1RIO <a href=\"https:\/\/www.youtube.com\/watch?v=8xVrJLJCo1E\" target=\"_blank\" rel=\"noopener\">&#8220;CI\u00caNCIA DE DADOS EM NEUROCI\u00caNCIA: LINKANDO TEORIA E INFORMA\u00c7\u00c3O&#8221;<\/a><\/strong><strong><br \/>\n<\/strong>Apresentador: C\u00e9sar Daniel Alves Caldeira<\/p>\n<p>[\/vc_column_text][vc_btn title=&#8221;&#8221; style=&#8221;gradient&#8221; gradient_color_1=&#8221;blue&#8221; gradient_color_2=&#8221;vista-blue&#8221; i_icon_fontawesome=&#8221;fa fa-brands fa-youtube&#8221; css=&#8221;&#8221; add_icon=&#8221;true&#8221; link=&#8221;url:https%3A%2F%2Fwww.youtube.com%2F%40cesarcaldeira7400|target:_blank&#8221;][vc_separator color=&#8221;white&#8221; css=&#8221;&#8221;][vc_btn title=&#8221;Certificado do(a) Apresentador(a)&#8221; style=&#8221;gradient&#8221; gradient_color_1=&#8221;pink&#8221; gradient_color_2=&#8221;mulled-wine&#8221; size=&#8221;lg&#8221; i_icon_fontawesome=&#8221;fa fa-solid fa-chalkboard-user&#8221; css=&#8221;&#8221; add_icon=&#8221;true&#8221; link=&#8221;url:https%3A%2F%2Fdepartamentos.uepb.edu.br%2Fcienciadedados%2Fdownload%2Fcertificado-de-apresentacao-seminario-16-09-2025%2F|target:_blank&#8221;][vc_separator color=&#8221;white&#8221; css=&#8221;&#8221;][vc_btn title=&#8221;Certificado de Participa\u00e7\u00e3o&#8221; style=&#8221;gradient-custom&#8221; gradient_custom_color_1=&#8221;#000000&#8243; gradient_custom_color_2=&#8221;#808080&#8243; size=&#8221;lg&#8221; i_icon_fontawesome=&#8221;fa fa-solid fa-laptop-code&#8221; css=&#8221;&#8221; add_icon=&#8221;true&#8221; link=&#8221;url:https%3A%2F%2Fdepartamentos.uepb.edu.br%2Fcienciadedados%2Fdownload%2Fcertificado-de-participacao-seminario-16-09-2025%2F|target:_blank&#8221;][vc_separator color=&#8221;white&#8221; css=&#8221;&#8221;][vc_single_image image=&#8221;714&#8243; img_size=&#8221;full&#8221; onclick=&#8221;custom_link&#8221; img_link_target=&#8221;_blank&#8221; css=&#8221;&#8221; link=&#8221;https:\/\/www.youtube.com\/watch?v=8xVrJLJCo1E&#8221;][\/vc_tta_section][vc_tta_section title=&#8221;Semin\u00e1rio 02 (09\/09\/2025)&#8221; tab_id=&#8221;1760020050605-3e2ce295-8e90&#8243;][vc_column_text css=&#8221;&#8221;]<\/p>\n<p style=\"text-align: justify\"><strong>SEMIN\u00c1RIO <a href=\"https:\/\/www.youtube.com\/watch?v=Z2jJXebdC0k\" target=\"_blank\" rel=\"noopener\">&#8220;VOC\u00ca DECIDE OU OS DADOS DECIDEM? UMA CONVERSA SOBRE L\u00d3GICA FUZZY E APOIO \u00c0 DECIS\u00c3O<\/a><\/strong><strong>&#8221;<br \/>\n<\/strong>Apresentadora: Carolina Oliveira<\/p>\n<p>[\/vc_column_text][vc_btn title=&#8221;&#8221; style=&#8221;gradient&#8221; gradient_color_1=&#8221;blue&#8221; gradient_color_2=&#8221;vista-blue&#8221; i_icon_fontawesome=&#8221;fa fa-brands fa-linkedin&#8221; css=&#8221;&#8221; add_icon=&#8221;true&#8221; link=&#8221;url:https%3A%2F%2Fwww.linkedin.com%2Fin%2Fcarolyneolive%2F|target:_blank&#8221;][vc_btn title=&#8221;&#8221; style=&#8221;gradient&#8221; gradient_color_1=&#8221;white&#8221; gradient_color_2=&#8221;white&#8221; css=&#8221;&#8221; link=&#8221;target:_blank&#8221;][vc_btn title=&#8221;&#8221; style=&#8221;gradient&#8221; gradient_color_1=&#8221;blue&#8221; gradient_color_2=&#8221;vista-blue&#8221; i_icon_fontawesome=&#8221;fa fa-brands fa-instagram&#8221; css=&#8221;&#8221; add_icon=&#8221;true&#8221; link=&#8221;url:https%3A%2F%2Fwww.instagram.com%2Fprofadracarolyne%2F|target:_blank&#8221;][vc_btn title=&#8221;&#8221; style=&#8221;gradient&#8221; gradient_color_1=&#8221;white&#8221; gradient_color_2=&#8221;white&#8221; css=&#8221;&#8221; link=&#8221;target:_blank&#8221;][vc_btn title=&#8221;&#8221; style=&#8221;gradient&#8221; gradient_color_1=&#8221;blue&#8221; gradient_color_2=&#8221;vista-blue&#8221; i_icon_fontawesome=&#8221;fa fa-brands fa-instagram&#8221; css=&#8221;&#8221; add_icon=&#8221;true&#8221; link=&#8221;url:https%3A%2F%2Fwww.instagram.com%2Fturmalinastech%2F|target:_blank&#8221;][vc_btn title=&#8221;&#8221; style=&#8221;gradient&#8221; gradient_color_1=&#8221;white&#8221; gradient_color_2=&#8221;white&#8221; css=&#8221;&#8221; link=&#8221;target:_blank&#8221;][vc_btn title=&#8221;&#8221; style=&#8221;gradient&#8221; gradient_color_1=&#8221;blue&#8221; gradient_color_2=&#8221;vista-blue&#8221; i_icon_fontawesome=&#8221;fa fa-brands fa-instagram&#8221; css=&#8221;&#8221; add_icon=&#8221;true&#8221; link=&#8221;url:https%3A%2F%2Fwww.instagram.com%2Falphalyticshub%20_blank|target:_blank&#8221;][vc_btn title=&#8221;&#8221; style=&#8221;gradient&#8221; gradient_color_1=&#8221;white&#8221; gradient_color_2=&#8221;white&#8221; css=&#8221;&#8221; link=&#8221;target:_blank&#8221;][vc_btn title=&#8221;&#8221; style=&#8221;gradient&#8221; gradient_color_1=&#8221;blue&#8221; gradient_color_2=&#8221;vista-blue&#8221; i_icon_fontawesome=&#8221;fa fa-solid fa-file-prescription&#8221; css=&#8221;&#8221; add_icon=&#8221;true&#8221; link=&#8221;url:https%3A%2F%2Fview.genially.com%2F68bd9804e52ddd58a8f469a2%2Fpresentation-voce-decide-ou-os-dados-decidem|target:_blank&#8221;][vc_separator color=&#8221;white&#8221; css=&#8221;&#8221;][vc_btn title=&#8221;Certificado do(a) Apresentador(a)&#8221; style=&#8221;gradient&#8221; gradient_color_1=&#8221;pink&#8221; gradient_color_2=&#8221;mulled-wine&#8221; size=&#8221;lg&#8221; i_icon_fontawesome=&#8221;fa fa-solid fa-chalkboard-user&#8221; css=&#8221;&#8221; add_icon=&#8221;true&#8221; link=&#8221;url:https%3A%2F%2Fdepartamentos.uepb.edu.br%2Fcienciadedados%2Fdownload%2Fcertificado-de-apresentacao-seminario-09-09-2025%2F|target:_blank&#8221;][vc_separator color=&#8221;white&#8221; css=&#8221;&#8221;][vc_btn title=&#8221;Certificado de Participa\u00e7\u00e3o&#8221; style=&#8221;gradient-custom&#8221; gradient_custom_color_1=&#8221;#000000&#8243; gradient_custom_color_2=&#8221;#808080&#8243; size=&#8221;lg&#8221; i_icon_fontawesome=&#8221;fa fa-solid fa-laptop-code&#8221; css=&#8221;&#8221; add_icon=&#8221;true&#8221; link=&#8221;url:https%3A%2F%2Fdepartamentos.uepb.edu.br%2Fcienciadedados%2Fdownload%2Fcertificado-de-participacao-seminario-09-09-2025%2F|target:_blank&#8221;][vc_separator color=&#8221;white&#8221; css=&#8221;&#8221;][vc_single_image image=&#8221;715&#8243; img_size=&#8221;full&#8221; onclick=&#8221;custom_link&#8221; img_link_target=&#8221;_blank&#8221; css=&#8221;&#8221; link=&#8221;https:\/\/www.youtube.com\/watch?v=Z2jJXebdC0k&#8221;][\/vc_tta_section][vc_tta_section title=&#8221;Semin\u00e1rio 01 (26\/08\/2025)&#8221; tab_id=&#8221;1760020050681-9a46784f-d5e9&#8243;][vc_column_text css=&#8221;&#8221;]<\/p>\n<p style=\"text-align: justify\"><strong>SEMIN\u00c1RIO &#8220;VISUALIZA\u00c7\u00c3O DE DADOS NA WEB: TRANSFORMANDO DADOS EM DECIS\u00d5ES INTELIGENTES&#8221;<br \/>\n<\/strong>Apresentador: Matheus Ribeiro de Sousa<\/p>\n<p>[\/vc_column_text][vc_btn title=&#8221;&#8221; style=&#8221;gradient&#8221; gradient_color_1=&#8221;blue&#8221; gradient_color_2=&#8221;vista-blue&#8221; i_icon_fontawesome=&#8221;fa fa-brands fa-linkedin&#8221; css=&#8221;&#8221; add_icon=&#8221;true&#8221; link=&#8221;url:https%3A%2F%2Fwww.linkedin.com%2Fin%2Fmatheusribeirodesousa|target:_blank&#8221;][vc_btn title=&#8221;&#8221; style=&#8221;gradient&#8221; gradient_color_1=&#8221;white&#8221; gradient_color_2=&#8221;white&#8221; css=&#8221;&#8221; link=&#8221;target:_blank&#8221;][vc_btn title=&#8221;&#8221; style=&#8221;gradient&#8221; gradient_color_1=&#8221;blue&#8221; gradient_color_2=&#8221;vista-blue&#8221; i_icon_fontawesome=&#8221;fa fa-brands fa-github&#8221; css=&#8221;&#8221; add_icon=&#8221;true&#8221; link=&#8221;url:https%3A%2F%2Fgithub.com%2Fmatheusribs|target:_blank&#8221;][vc_separator color=&#8221;white&#8221; css=&#8221;&#8221;][vc_btn title=&#8221;Certificado do(a) Apresentador(a)&#8221; style=&#8221;gradient&#8221; gradient_color_1=&#8221;pink&#8221; gradient_color_2=&#8221;mulled-wine&#8221; size=&#8221;lg&#8221; i_icon_fontawesome=&#8221;fa fa-solid fa-chalkboard-user&#8221; css=&#8221;&#8221; add_icon=&#8221;true&#8221; link=&#8221;url:https%3A%2F%2Fdepartamentos.uepb.edu.br%2Fcienciadedados%2Fdownload%2Fcertificado-de-apresentacao-seminario-26-08-2025%2F|target:_blank&#8221;][vc_separator color=&#8221;white&#8221; css=&#8221;&#8221;][vc_btn title=&#8221;Certificado de Participa\u00e7\u00e3o&#8221; style=&#8221;gradient-custom&#8221; gradient_custom_color_1=&#8221;#000000&#8243; gradient_custom_color_2=&#8221;#808080&#8243; size=&#8221;lg&#8221; i_icon_fontawesome=&#8221;fa fa-solid fa-laptop-code&#8221; css=&#8221;&#8221; add_icon=&#8221;true&#8221; link=&#8221;url:https%3A%2F%2Fdepartamentos.uepb.edu.br%2Fcienciadedados%2Fdownload%2Fcertificado-26-08-2025%2F|target:_blank&#8221;][vc_separator color=&#8221;white&#8221; css=&#8221;&#8221;][vc_single_image image=&#8221;640&#8243; img_size=&#8221;full&#8221; alignment=&#8221;center&#8221; css=&#8221;&#8221;][\/vc_tta_section][\/vc_tta_accordion][\/vc_column][vc_column width=&#8221;1\/2&#8243;][vc_text_separator title=&#8221;Dicas&#8221; i_icon_fontawesome=&#8221;fa fa-solid fa-file-video&#8221; i_color=&#8221;custom&#8221; i_background_style=&#8221;boxed&#8221; i_background_color=&#8221;custom&#8221; i_size=&#8221;sm&#8221; title_align=&#8221;separator_align_left&#8221; css=&#8221;&#8221; add_icon=&#8221;true&#8221; i_custom_color=&#8221;#FFFFFF&#8221; i_custom_background_color=&#8221;#DD3333&#8243;][vc_tta_accordion style=&#8221;modern&#8221; c_icon=&#8221;triangle&#8221; active_section=&#8221;0&#8243; collapsible_all=&#8221;true&#8221;][vc_tta_section title=&#8221;Dica 01: Instalando o ANACONDA Python&#8221; tab_id=&#8221;1758035682194-884925a9-0c45&#8243;][vc_column_text css=&#8221;&#8221;]<\/p>\n<p style=\"text-align: justify\">Neste <a href=\"https:\/\/youtu.be\/A-aCnhgvlNs\" target=\"_blank\" rel=\"noopener\">v\u00eddeo<\/a>, voc\u00ea vai aprender como baixar e instalar o Anaconda diretamente do site oficial, de forma segura, r\u00e1pida e sem erros. O Anaconda \u00e9 uma das distribui\u00e7\u00f5es mais completas do Python, ideal para quem trabalha com ci\u00eancia de dados, intelig\u00eancia artificial, aprendizado de m\u00e1quina e programa\u00e7\u00e3o cient\u00edfica.<br \/>\n(Mateus Augusto, Graduando em Tecnologia em Ci\u00eancia de Dados &#8211; UEPB).<\/p>\n<p>[\/vc_column_text][vc_separator color=&#8221;white&#8221; css=&#8221;&#8221;][vc_single_image image=&#8221;744&#8243; img_size=&#8221;full&#8221; onclick=&#8221;custom_link&#8221; img_link_target=&#8221;_blank&#8221; css=&#8221;&#8221; link=&#8221;https:\/\/youtu.be\/A-aCnhgvlNs&#8221;][\/vc_tta_section][\/vc_tta_accordion][\/vc_column][\/vc_row]<\/p>\n<\/div>","protected":false},"excerpt":{"rendered":"<p>[vc_row][vc_column][vc_text_separator title=&#8221;Projeto SEMIDA&#8221; i_icon_fontawesome=&#8221;fa fa-solid fa-database&#8221; i_color=&#8221;white&#8221; i_background_style=&#8221;boxed&#8221; i_background_color=&#8221;custom&#8221; i_size=&#8221;sm&#8221; title_align=&#8221;separator_align_left&#8221; css=&#8221;&#8221; add_icon=&#8221;true&#8221; i_custom_background_color=&#8221;#DD3333&#8243;][vc_column_text css=&#8221;&#8221;] Como uma forma de expandir nossos horizontes, criamos um espa\u00e7o para trocar ideias e compartilhar novidades sobre an\u00e1lise da informa\u00e7\u00e3o, ci\u00eancia de dados e intelig\u00eancia artificial. No projeto SEMIDA rola dicas e semin\u00e1rios peri\u00f3dicos que conectam ensino, pesquisa e extens\u00e3o, <a class=\"leiamais\" href=\"https:\/\/departamentos.uepb.edu.br\/cienciadedados\/semida\/\">Leia Mais&#8230;<\/a><\/p>\n","protected":false},"author":23,"featured_media":720,"parent":0,"menu_order":0,"comment_status":"closed","ping_status":"closed","template":"","meta":{"footnotes":""},"class_list":["post-377","page","type-page","status-publish","has-post-thumbnail","hentry"],"_links":{"self":[{"href":"https:\/\/departamentos.uepb.edu.br\/cienciadedados\/wp-json\/wp\/v2\/pages\/377","targetHints":{"allow":["GET"]}}],"collection":[{"href":"https:\/\/departamentos.uepb.edu.br\/cienciadedados\/wp-json\/wp\/v2\/pages"}],"about":[{"href":"https:\/\/departamentos.uepb.edu.br\/cienciadedados\/wp-json\/wp\/v2\/types\/page"}],"author":[{"embeddable":true,"href":"https:\/\/departamentos.uepb.edu.br\/cienciadedados\/wp-json\/wp\/v2\/users\/23"}],"replies":[{"embeddable":true,"href":"https:\/\/departamentos.uepb.edu.br\/cienciadedados\/wp-json\/wp\/v2\/comments?post=377"}],"version-history":[{"count":173,"href":"https:\/\/departamentos.uepb.edu.br\/cienciadedados\/wp-json\/wp\/v2\/pages\/377\/revisions"}],"predecessor-version":[{"id":773,"href":"https:\/\/departamentos.uepb.edu.br\/cienciadedados\/wp-json\/wp\/v2\/pages\/377\/revisions\/773"}],"wp:featuredmedia":[{"embeddable":true,"href":"https:\/\/departamentos.uepb.edu.br\/cienciadedados\/wp-json\/wp\/v2\/media\/720"}],"wp:attachment":[{"href":"https:\/\/departamentos.uepb.edu.br\/cienciadedados\/wp-json\/wp\/v2\/media?parent=377"}],"curies":[{"name":"wp","href":"https:\/\/api.w.org\/{rel}","templated":true}]}}