{"id":88,"date":"2025-08-04T15:16:14","date_gmt":"2025-08-04T18:16:14","guid":{"rendered":"https:\/\/departamentos.uepb.edu.br\/cienciadedados\/?page_id=88"},"modified":"2025-08-27T16:57:20","modified_gmt":"2025-08-27T19:57:20","slug":"apresentacao-do-curso","status":"publish","type":"page","link":"https:\/\/departamentos.uepb.edu.br\/cienciadedados\/apresentacao-do-curso\/","title":{"rendered":"Apresenta\u00e7\u00e3o do Curso"},"content":{"rendered":"<div class=\"wpb-content-wrapper\"><p>[vc_row][vc_column width=&#8221;1\/2&#8243;][vc_column_text css=&#8221;&#8221;]<\/p>\n<p style=\"text-align: justify\" data-start=\"325\" data-end=\"816\">O Curso Superior de Tecnologia em Ci\u00eancia de Dados &#8211; polo Jo\u00e3o Pessoa, ofertado pela <a href=\"http:\/\/www.uepb.edu.br\/\" target=\"_blank\" rel=\"noopener\">Universidade Estadual da Para\u00edba (UEPB)<\/a>, surgiu como resposta a uma demanda crescente do mercado por profissionais qualificados na \u00e1rea de tecnologia da informa\u00e7\u00e3o, especialmente na manipula\u00e7\u00e3o e an\u00e1lise de grandes volumes de dados.<\/p>\n<p style=\"text-align: justify\" data-start=\"818\" data-end=\"1289\">Idealizado atrav\u00e9s do projeto <strong>Limite do Vis\u00edvel<\/strong> a partir de uma colabora\u00e7\u00e3o entre a <strong>UEPB<\/strong>, a <a href=\"https:\/\/paraiba.pb.gov.br\/diretas\/secretaria-da-ciencia-tecnologia-inovacao-e-ensino-superior\" target=\"_blank\" rel=\"noopener\">Secretaria de Estado da Ci\u00eancia, Tecnologia, Inova\u00e7\u00e3o e Ensino Superior da Para\u00edba (SECTIES)<\/a> e com apoio da <a href=\"https:\/\/fapesq.rpp.br\/\" target=\"_blank\" rel=\"noopener\">Funda\u00e7\u00e3o de Apoio \u00e0 Pesquisa do Estado da Para\u00edba (FAPESQ-PB)<\/a>, o curso busca formar profissionais capazes de atuar em \u00e1reas como Intelig\u00eancia Artificial, Big Data e Aprendizado de M\u00e1quina. A proposta tamb\u00e9m visa ampliar as oportunidades para jovens egressos da rede p\u00fablica estadual, contribuindo diretamente para o desenvolvimento econ\u00f4mico e social do estado.<\/p>\n<p style=\"text-align: justify\" data-start=\"1291\" data-end=\"1633\">Com carga hor\u00e1ria integral, o curso oferece vagas por semestre e pode ser conclu\u00eddo em at\u00e9 quatro semestres (tempo m\u00ednimo) ou seis semestres (tempo m\u00e1ximo). A forma\u00e7\u00e3o \u00e9 voltada \u00e0 aplica\u00e7\u00e3o pr\u00e1tica dos conhecimentos, por meio de projetos integradores, disciplinas de empreendedorismo e forte base em matem\u00e1tica, estat\u00edstica e programa\u00e7\u00e3o.<\/p>\n<p style=\"text-align: justify\" data-start=\"1635\" data-end=\"2057\">O curr\u00edculo, estruturado de forma interdisciplinar e alinhado \u00e0s demandas do setor produtivo, prepara o egresso para atuar como cientista de dados, analista, gestor e empreendedor em tecnologia. O curso tamb\u00e9m integra pr\u00e1ticas pedag\u00f3gicas inovadoras que valorizam a pesquisa aplicada, a extens\u00e3o universit\u00e1ria e a intera\u00e7\u00e3o com os desafios do mundo real, promovendo uma forma\u00e7\u00e3o cr\u00edtica, cidad\u00e3 e tecnicamente qualificada.<\/p>\n<p style=\"text-align: justify\" data-start=\"2059\" data-end=\"2299\">Ao oferecer este curso, a UEPB reafirma seu compromisso com a forma\u00e7\u00e3o de profissionais comprometidos com a transforma\u00e7\u00e3o da realidade regional, promovendo a inclus\u00e3o, a inova\u00e7\u00e3o e o desenvolvimento sustent\u00e1vel por meio da ci\u00eancia de dados.<\/p>\n<p>[\/vc_column_text][\/vc_column][vc_column width=&#8221;1\/2&#8243; el_class=&#8221;conf-azul&#8221;][vc_single_image image=&#8221;296&#8243; img_size=&#8221;full&#8221; css=&#8221;&#8221;][\/vc_column][\/vc_row]<\/p>\n<\/div>","protected":false},"excerpt":{"rendered":"<p>[vc_row][vc_column width=&#8221;1\/2&#8243;][vc_column_text css=&#8221;&#8221;] O Curso Superior de Tecnologia em Ci\u00eancia de Dados &#8211; polo Jo\u00e3o Pessoa, ofertado pela Universidade Estadual da Para\u00edba (UEPB), surgiu como resposta a uma demanda crescente do mercado por profissionais qualificados na \u00e1rea de tecnologia da informa\u00e7\u00e3o, especialmente na manipula\u00e7\u00e3o e an\u00e1lise de grandes volumes de dados. Idealizado atrav\u00e9s do projeto <a class=\"leiamais\" href=\"https:\/\/departamentos.uepb.edu.br\/cienciadedados\/apresentacao-do-curso\/\">Leia Mais&#8230;<\/a><\/p>\n","protected":false},"author":23,"featured_media":0,"parent":0,"menu_order":0,"comment_status":"closed","ping_status":"closed","template":"","meta":{"footnotes":""},"class_list":["post-88","page","type-page","status-publish","hentry"],"_links":{"self":[{"href":"https:\/\/departamentos.uepb.edu.br\/cienciadedados\/wp-json\/wp\/v2\/pages\/88","targetHints":{"allow":["GET"]}}],"collection":[{"href":"https:\/\/departamentos.uepb.edu.br\/cienciadedados\/wp-json\/wp\/v2\/pages"}],"about":[{"href":"https:\/\/departamentos.uepb.edu.br\/cienciadedados\/wp-json\/wp\/v2\/types\/page"}],"author":[{"embeddable":true,"href":"https:\/\/departamentos.uepb.edu.br\/cienciadedados\/wp-json\/wp\/v2\/users\/23"}],"replies":[{"embeddable":true,"href":"https:\/\/departamentos.uepb.edu.br\/cienciadedados\/wp-json\/wp\/v2\/comments?post=88"}],"version-history":[{"count":17,"href":"https:\/\/departamentos.uepb.edu.br\/cienciadedados\/wp-json\/wp\/v2\/pages\/88\/revisions"}],"predecessor-version":[{"id":447,"href":"https:\/\/departamentos.uepb.edu.br\/cienciadedados\/wp-json\/wp\/v2\/pages\/88\/revisions\/447"}],"wp:attachment":[{"href":"https:\/\/departamentos.uepb.edu.br\/cienciadedados\/wp-json\/wp\/v2\/media?parent=88"}],"curies":[{"name":"wp","href":"https:\/\/api.w.org\/{rel}","templated":true}]}}