{"id":90,"date":"2025-08-04T15:16:25","date_gmt":"2025-08-04T18:16:25","guid":{"rendered":"https:\/\/departamentos.uepb.edu.br\/cienciadedados\/?page_id=90"},"modified":"2025-08-18T17:27:22","modified_gmt":"2025-08-18T20:27:22","slug":"perfil-do-egresso","status":"publish","type":"page","link":"https:\/\/departamentos.uepb.edu.br\/cienciadedados\/perfil-do-egresso\/","title":{"rendered":"Perfil do Egresso"},"content":{"rendered":"<div class=\"wpb-content-wrapper\"><p>[vc_row][vc_column width=&#8221;1\/2&#8243;][vc_column_text css=&#8221;&#8221;]<\/p>\n<p style=\"text-align: justify\" data-start=\"248\" data-end=\"743\">O(a) egresso(a) do Curso Superior de Tecnologia em Ci\u00eancia de Dados &#8211; polo Jo\u00e3o Pessoa da Universidade Estadual da Para\u00edba (UEPB) \u00e9 um(a) profissional com forma\u00e7\u00e3o s\u00f3lida e interdisciplinar, capaz de atuar de forma \u00e9tica, cr\u00edtica e inovadora na coleta, tratamento, an\u00e1lise e interpreta\u00e7\u00e3o de grandes volumes de dados, e apto a aplicar t\u00e9cnicas de Estat\u00edstica, Aprendizado de M\u00e1quina, Programa\u00e7\u00e3o e Intelig\u00eancia Artificial para a resolu\u00e7\u00e3o de problemas em diferentes contextos organizacionais, sociais e cient\u00edficos.<\/p>\n<p style=\"text-align: justify\" data-start=\"745\" data-end=\"785\">Esse(a) profissional ter\u00e1 compet\u00eancia para:<\/p>\n<ul style=\"text-align: justify\" data-start=\"787\" data-end=\"1470\">\n<li data-start=\"787\" data-end=\"871\">\n<p data-start=\"789\" data-end=\"871\"><strong data-start=\"789\" data-end=\"817\">Analisar e modelar dados<\/strong> provenientes de fontes diversas, estruturadas ou n\u00e3o;<\/p>\n<\/li>\n<li data-start=\"872\" data-end=\"983\">\n<p data-start=\"874\" data-end=\"983\"><strong data-start=\"874\" data-end=\"911\">Construir solu\u00e7\u00f5es computacionais<\/strong> por meio da implementa\u00e7\u00e3o de algoritmos e t\u00e9cnicas de ci\u00eancia de dados;<\/p>\n<\/li>\n<li data-start=\"984\" data-end=\"1083\">\n<p data-start=\"986\" data-end=\"1083\"><strong data-start=\"986\" data-end=\"1024\">Interpretar e comunicar resultados<\/strong> de forma clara e acess\u00edvel, apoiando a tomada de decis\u00f5es;<\/p>\n<\/li>\n<li data-start=\"1084\" data-end=\"1208\">\n<p data-start=\"1086\" data-end=\"1208\"><strong data-start=\"1086\" data-end=\"1129\">Trabalhar em equipes multidisciplinares<\/strong>, colaborando em projetos que envolvem inova\u00e7\u00e3o, tecnologia e empreendedorismo;<\/p>\n<\/li>\n<li data-start=\"1209\" data-end=\"1348\">\n<p data-start=\"1211\" data-end=\"1348\"><strong data-start=\"1211\" data-end=\"1248\">Atuar com responsabilidade social<\/strong>, respeitando os aspectos \u00e9ticos, legais e ambientais relacionados ao uso e \u00e0 dissemina\u00e7\u00e3o de dados;<\/p>\n<\/li>\n<li data-start=\"1349\" data-end=\"1470\">\n<p data-start=\"1351\" data-end=\"1470\"><strong data-start=\"1351\" data-end=\"1388\">Acompanhar a evolu\u00e7\u00e3o tecnol\u00f3gica<\/strong> e cient\u00edfica na \u00e1rea, mantendo-se em constante atualiza\u00e7\u00e3o e forma\u00e7\u00e3o continuada.<\/p>\n<\/li>\n<\/ul>\n<p style=\"text-align: justify\" data-start=\"1472\" data-end=\"1745\">A forma\u00e7\u00e3o do Tecn\u00f3logo em Ci\u00eancia de Dados tamb\u00e9m prioriza a compreens\u00e3o cr\u00edtica sobre os impactos sociais e econ\u00f4micos das tecnologias digitais, estimulando o protagonismo dos estudantes na constru\u00e7\u00e3o de solu\u00e7\u00f5es tecnol\u00f3gicas voltadas ao desenvolvimento local e regional.<\/p>\n<p>[\/vc_column_text][\/vc_column][vc_column width=&#8221;1\/2&#8243; el_class=&#8221;conf-vermelho&#8221;][vc_single_image image=&#8221;297&#8243; img_size=&#8221;full&#8221; css=&#8221;&#8221;][vc_text_separator title=&#8221;Maria Eduarda e Deyze, egressas do curso.&#8221; title_align=&#8221;separator_align_left&#8221; css=&#8221;&#8221;][\/vc_column][\/vc_row]<\/p>\n<\/div>","protected":false},"excerpt":{"rendered":"<p>[vc_row][vc_column width=&#8221;1\/2&#8243;][vc_column_text css=&#8221;&#8221;] O(a) egresso(a) do Curso Superior de Tecnologia em Ci\u00eancia de Dados &#8211; polo Jo\u00e3o Pessoa da Universidade Estadual da Para\u00edba (UEPB) \u00e9 um(a) profissional com forma\u00e7\u00e3o s\u00f3lida e interdisciplinar, capaz de atuar de forma \u00e9tica, cr\u00edtica e inovadora na coleta, tratamento, an\u00e1lise e interpreta\u00e7\u00e3o de grandes volumes de dados, e apto a <a class=\"leiamais\" href=\"https:\/\/departamentos.uepb.edu.br\/cienciadedados\/perfil-do-egresso\/\">Leia Mais&#8230;<\/a><\/p>\n","protected":false},"author":23,"featured_media":0,"parent":0,"menu_order":0,"comment_status":"closed","ping_status":"closed","template":"","meta":{"footnotes":""},"class_list":["post-90","page","type-page","status-publish","hentry"],"_links":{"self":[{"href":"https:\/\/departamentos.uepb.edu.br\/cienciadedados\/wp-json\/wp\/v2\/pages\/90","targetHints":{"allow":["GET"]}}],"collection":[{"href":"https:\/\/departamentos.uepb.edu.br\/cienciadedados\/wp-json\/wp\/v2\/pages"}],"about":[{"href":"https:\/\/departamentos.uepb.edu.br\/cienciadedados\/wp-json\/wp\/v2\/types\/page"}],"author":[{"embeddable":true,"href":"https:\/\/departamentos.uepb.edu.br\/cienciadedados\/wp-json\/wp\/v2\/users\/23"}],"replies":[{"embeddable":true,"href":"https:\/\/departamentos.uepb.edu.br\/cienciadedados\/wp-json\/wp\/v2\/comments?post=90"}],"version-history":[{"count":17,"href":"https:\/\/departamentos.uepb.edu.br\/cienciadedados\/wp-json\/wp\/v2\/pages\/90\/revisions"}],"predecessor-version":[{"id":344,"href":"https:\/\/departamentos.uepb.edu.br\/cienciadedados\/wp-json\/wp\/v2\/pages\/90\/revisions\/344"}],"wp:attachment":[{"href":"https:\/\/departamentos.uepb.edu.br\/cienciadedados\/wp-json\/wp\/v2\/media?parent=90"}],"curies":[{"name":"wp","href":"https:\/\/api.w.org\/{rel}","templated":true}]}}