{"id":94,"date":"2025-08-04T15:16:55","date_gmt":"2025-08-04T18:16:55","guid":{"rendered":"https:\/\/departamentos.uepb.edu.br\/cienciadedados\/?page_id=94"},"modified":"2025-08-24T15:17:49","modified_gmt":"2025-08-24T18:17:49","slug":"disciplinas","status":"publish","type":"page","link":"https:\/\/departamentos.uepb.edu.br\/cienciadedados\/disciplinas\/","title":{"rendered":"Disciplinas"},"content":{"rendered":"<div class=\"wpb-content-wrapper\"><p>[vc_row][vc_column width=&#8221;1\/4&#8243;][vc_text_separator title=&#8221;1\u00ba Per\u00edodo&#8221; i_icon_fontawesome=&#8221;fa fa-solid fa-1&#8243; i_color=&#8221;white&#8221; i_background_style=&#8221;rounded&#8221; i_background_color=&#8221;custom&#8221; i_size=&#8221;sm&#8221; title_align=&#8221;separator_align_left&#8221; css=&#8221;&#8221; add_icon=&#8221;true&#8221; i_custom_background_color=&#8221;#DD3333&#8243;][vc_column_text css=&#8221;&#8221;]<\/p>\n<ul>\n<li>Ambientes Operacionais: Windows e Linux<\/li>\n<li>Fundamentos Matem\u00e1ticos para Computa\u00e7\u00e3o<\/li>\n<li>Introdu\u00e7\u00e3o \u00e0 Ci\u00eancia de Dados<\/li>\n<li>Introdu\u00e7\u00e3o \u00e0 Computa\u00e7\u00e3o e L\u00f3gica<\/li>\n<li>Introdu\u00e7\u00e3o \u00e0 Programa\u00e7\u00e3o (Python)<\/li>\n<li>Metodologia do Trabalho Cient\u00edfico e T\u00e9cnico<\/li>\n<li>Projeto Integrador e Pr\u00e1tica Profissional I<\/li>\n<li>Semin\u00e1rios de Pesquisa e Extens\u00e3o<br \/>\n<hr \/>\n<\/li>\n<\/ul>\n<p>[\/vc_column_text][vc_text_separator title=&#8221;2\u00ba Per\u00edodo&#8221; i_icon_fontawesome=&#8221;fa fa-solid fa-2&#8243; i_color=&#8221;white&#8221; i_background_style=&#8221;rounded&#8221; i_background_color=&#8221;custom&#8221; i_size=&#8221;sm&#8221; title_align=&#8221;separator_align_left&#8221; css=&#8221;&#8221; add_icon=&#8221;true&#8221; i_custom_background_color=&#8221;#DD3333&#8243;][vc_column_text css=&#8221;&#8221;]<\/p>\n<ul>\n<li>\u00c1lgebra Vetorial e Linear<\/li>\n<li>An\u00e1lise Explorat\u00f3ria de Dados<\/li>\n<li>Bancos de Dados Relacionais<\/li>\n<li>C\u00e1lculo Diferencial e Integral<\/li>\n<li>Estruturas de Dados e Algoritmos<\/li>\n<li>Probabilidade e Estat\u00edstica<\/li>\n<li>Projeto Integrador e Pr\u00e1tica Profissional II<\/li>\n<li>Programa\u00e7\u00e3o Orientada \u00e0 Objetos (Python)<br \/>\n<hr \/>\n<\/li>\n<\/ul>\n<p>[\/vc_column_text][\/vc_column][vc_column width=&#8221;1\/3&#8243;][vc_text_separator title=&#8221;3\u00ba Per\u00edodo&#8221; i_icon_fontawesome=&#8221;fa fa-solid fa-3&#8243; i_color=&#8221;white&#8221; i_background_style=&#8221;rounded&#8221; i_background_color=&#8221;custom&#8221; i_size=&#8221;sm&#8221; title_align=&#8221;separator_align_left&#8221; css=&#8221;&#8221; add_icon=&#8221;true&#8221; i_custom_background_color=&#8221;#DD3333&#8243;][vc_column_text css=&#8221;&#8221;]<\/p>\n<ul>\n<li>Banco de Dados N\u00e3o Relacionais<\/li>\n<li>Engenharia de Software<\/li>\n<li>Intelig\u00eancia Artificial e Aprendizado de M\u00e1quina Supervisionado<\/li>\n<li>Modelagem Estat\u00edstica<\/li>\n<li>Orienta\u00e7\u00e3o Cient\u00edfica e Acad\u00eamica de Extens\u00e3o<\/li>\n<li>Programa\u00e7\u00e3o para Pr\u00e9-processamento de Dados<\/li>\n<li>Programa\u00e7\u00e3o Web<\/li>\n<li>Projeto Integrador e Pr\u00e1tica Profissional III<\/li>\n<li class=\"p1\"><a href=\"https:\/\/departamentos.uepb.edu.br\/cienciadedados\/tcc\/\" target=\"_blank\" rel=\"noopener\">Trabalho de Conclus\u00e3o de Curso I (TCC I)<\/a><\/li>\n<li class=\"p1\">Visualiza\u00e7\u00e3o de Dados<br \/>\n<hr \/>\n<\/li>\n<\/ul>\n<p>[\/vc_column_text][vc_text_separator title=&#8221;4\u00ba Per\u00edodo&#8221; i_icon_fontawesome=&#8221;fa fa-solid fa-4&#8243; i_color=&#8221;white&#8221; i_background_style=&#8221;rounded&#8221; i_background_color=&#8221;custom&#8221; i_size=&#8221;sm&#8221; title_align=&#8221;separator_align_left&#8221; css=&#8221;&#8221; add_icon=&#8221;true&#8221; i_custom_background_color=&#8221;#DD3333&#8243;][vc_column_text css=&#8221;&#8221;]<\/p>\n<ul>\n<li class=\"p1\">Abordagem Distribu\u00edda de Processamento de Dados<\/li>\n<li>Aprendizado de M\u00e1quina N\u00e3o Supervisionado<\/li>\n<li>Aprendizado de M\u00e1quina Profundo<\/li>\n<li class=\"p1\">Atividade Curricular de Extens\u00e3o<\/li>\n<li>Business Intelligence<\/li>\n<li>Eletiva<\/li>\n<li>Empreendedorismo<\/li>\n<li>Mercado de Trabalho e Carreira<\/li>\n<li class=\"p1\">Minera\u00e7\u00e3o de Dados<\/li>\n<li class=\"p1\">Modelagem Preditiva<\/li>\n<li>Projeto Integrador e Pr\u00e1tica Profissional IV<\/li>\n<li><a href=\"https:\/\/departamentos.uepb.edu.br\/cienciadedados\/tcc\/\" target=\"_blank\" rel=\"noopener\">Trabalho de Conclus\u00e3o de Curso II (TCC II)<\/a><br \/>\n<hr \/>\n<\/li>\n<\/ul>\n<p>[\/vc_column_text][\/vc_column][vc_column width=&#8221;5\/12&#8243;][vc_text_separator title=&#8221;Integraliza\u00e7\u00e3o Curricular (em horas)&#8221; i_type=&#8221;openiconic&#8221; i_icon_openiconic=&#8221;vc-oi vc-oi-chart-pie&#8221; i_color=&#8221;white&#8221; i_background_style=&#8221;boxed&#8221; i_background_color=&#8221;custom&#8221; i_size=&#8221;sm&#8221; title_align=&#8221;separator_align_left&#8221; css=&#8221;&#8221; add_icon=&#8221;true&#8221; i_custom_background_color=&#8221;#DD3333&#8243;][vc_round_chart style=&#8221;modern&#8221; stroke_width=&#8221;2&#8243; legend_position=&#8221;bottom&#8221; values=&#8221;%5B%7B%22title%22%3A%22B%C3%A1sico%20Comum%22%2C%22value%22%3A%22360%22%2C%22color%22%3A%22blue%22%7D%2C%7B%22title%22%3A%22B%C3%A1sico%20Espec%C3%ADfico%20de%20Est%C3%A1gio%22%2C%22value%22%3A%22180%22%2C%22color%22%3A%22purple%22%7D%2C%7B%22title%22%3A%22B%C3%A1sico%20Espec%C3%ADfico%20de%20TCC%22%2C%22value%22%3A%22120%22%2C%22color%22%3A%22juicy-pink%22%2C%22custom_color%22%3A%22%2350485b%22%7D%2C%7B%22title%22%3A%22B%C3%A1sico%20Espec%C3%ADfico%20do%20Curso%22%2C%22value%22%3A%221260%22%2C%22color%22%3A%22grey%22%2C%22custom_color%22%3A%22%236ab165%22%7D%2C%7B%22title%22%3A%22Complementar%20(AACC)%22%2C%22value%22%3A%22210%22%2C%22color%22%3A%22mulled-wine%22%2C%22custom_color%22%3A%22%23f4524d%22%7D%2C%7B%22title%22%3A%22B%C3%A1sico%20Espec%C3%ADfico%20de%20Extens%C3%A3o%22%2C%22value%22%3A%22210%22%2C%22color%22%3A%22turquoise%22%2C%22custom_color%22%3A%22%23b97ebb%22%7D%2C%7B%22title%22%3A%22Complementar%20Eletivo%22%2C%22value%22%3A%2245%22%2C%22color%22%3A%22orange%22%2C%22custom_color%22%3A%22%23f79468%22%7D%5D&#8221; css=&#8221;&#8221;][\/vc_column][\/vc_row][vc_row][vc_column][vc_text_separator title=&#8221;Maiores informa\u00e7\u00f5es&#8221; i_icon_fontawesome=&#8221;fa fa-solid fa-circle-info&#8221; i_color=&#8221;white&#8221; i_background_style=&#8221;boxed&#8221; i_background_color=&#8221;custom&#8221; i_size=&#8221;sm&#8221; title_align=&#8221;separator_align_left&#8221; css=&#8221;&#8221; add_icon=&#8221;true&#8221; i_custom_background_color=&#8221;#DD3333&#8243;][vc_column_text css=&#8221;&#8221;]Para ter acesso ao ement\u00e1rio das disciplinas e \u00e0 divis\u00e3o da integraliza\u00e7\u00e3o curricular, acesse o <a href=\"https:\/\/uepb.edu.br\/prograd\/download\/ppc-tecnologia-em-ciencia-de-dados\/\" target=\"_blank\" rel=\"noopener\">PPC do curso.<\/a>[\/vc_column_text][\/vc_column][\/vc_row]<\/p>\n<\/div>","protected":false},"excerpt":{"rendered":"<p>[vc_row][vc_column width=&#8221;1\/4&#8243;][vc_text_separator title=&#8221;1\u00ba Per\u00edodo&#8221; i_icon_fontawesome=&#8221;fa fa-solid fa-1&#8243; i_color=&#8221;white&#8221; i_background_style=&#8221;rounded&#8221; i_background_color=&#8221;custom&#8221; i_size=&#8221;sm&#8221; title_align=&#8221;separator_align_left&#8221; css=&#8221;&#8221; add_icon=&#8221;true&#8221; i_custom_background_color=&#8221;#DD3333&#8243;][vc_column_text css=&#8221;&#8221;] Ambientes Operacionais: Windows e Linux Fundamentos Matem\u00e1ticos para Computa\u00e7\u00e3o Introdu\u00e7\u00e3o \u00e0 Ci\u00eancia de Dados Introdu\u00e7\u00e3o \u00e0 Computa\u00e7\u00e3o e L\u00f3gica Introdu\u00e7\u00e3o \u00e0 Programa\u00e7\u00e3o (Python) Metodologia do Trabalho Cient\u00edfico e T\u00e9cnico Projeto Integrador e Pr\u00e1tica Profissional I Semin\u00e1rios de Pesquisa e <a class=\"leiamais\" href=\"https:\/\/departamentos.uepb.edu.br\/cienciadedados\/disciplinas\/\">Leia Mais&#8230;<\/a><\/p>\n","protected":false},"author":23,"featured_media":0,"parent":0,"menu_order":0,"comment_status":"closed","ping_status":"closed","template":"","meta":{"footnotes":""},"class_list":["post-94","page","type-page","status-publish","hentry"],"_links":{"self":[{"href":"https:\/\/departamentos.uepb.edu.br\/cienciadedados\/wp-json\/wp\/v2\/pages\/94","targetHints":{"allow":["GET"]}}],"collection":[{"href":"https:\/\/departamentos.uepb.edu.br\/cienciadedados\/wp-json\/wp\/v2\/pages"}],"about":[{"href":"https:\/\/departamentos.uepb.edu.br\/cienciadedados\/wp-json\/wp\/v2\/types\/page"}],"author":[{"embeddable":true,"href":"https:\/\/departamentos.uepb.edu.br\/cienciadedados\/wp-json\/wp\/v2\/users\/23"}],"replies":[{"embeddable":true,"href":"https:\/\/departamentos.uepb.edu.br\/cienciadedados\/wp-json\/wp\/v2\/comments?post=94"}],"version-history":[{"count":43,"href":"https:\/\/departamentos.uepb.edu.br\/cienciadedados\/wp-json\/wp\/v2\/pages\/94\/revisions"}],"predecessor-version":[{"id":376,"href":"https:\/\/departamentos.uepb.edu.br\/cienciadedados\/wp-json\/wp\/v2\/pages\/94\/revisions\/376"}],"wp:attachment":[{"href":"https:\/\/departamentos.uepb.edu.br\/cienciadedados\/wp-json\/wp\/v2\/media?parent=94"}],"curies":[{"name":"wp","href":"https:\/\/api.w.org\/{rel}","templated":true}]}}