{"id":16,"date":"2025-08-18T11:31:35","date_gmt":"2025-08-18T14:31:35","guid":{"rendered":"https:\/\/departamentos.uepb.edu.br\/cienciadedadoscg\/?page_id=16"},"modified":"2025-08-18T14:04:04","modified_gmt":"2025-08-18T17:04:04","slug":"calendario-academico","status":"publish","type":"page","link":"https:\/\/departamentos.uepb.edu.br\/cienciadedadoscg\/calendario-academico\/","title":{"rendered":"Calend\u00e1rio Acad\u00eamico"},"content":{"rendered":"<p>Em constru\u00e7\u00e3o.<\/p>\n","protected":false},"excerpt":{"rendered":"<p>Em constru\u00e7\u00e3o.<\/p>\n","protected":false},"author":13,"featured_media":0,"parent":0,"menu_order":0,"comment_status":"closed","ping_status":"closed","template":"","meta":{"footnotes":""},"class_list":["post-16","page","type-page","status-publish","hentry"],"_links":{"self":[{"href":"https:\/\/departamentos.uepb.edu.br\/cienciadedadoscg\/wp-json\/wp\/v2\/pages\/16","targetHints":{"allow":["GET"]}}],"collection":[{"href":"https:\/\/departamentos.uepb.edu.br\/cienciadedadoscg\/wp-json\/wp\/v2\/pages"}],"about":[{"href":"https:\/\/departamentos.uepb.edu.br\/cienciadedadoscg\/wp-json\/wp\/v2\/types\/page"}],"author":[{"embeddable":true,"href":"https:\/\/departamentos.uepb.edu.br\/cienciadedadoscg\/wp-json\/wp\/v2\/users\/13"}],"replies":[{"embeddable":true,"href":"https:\/\/departamentos.uepb.edu.br\/cienciadedadoscg\/wp-json\/wp\/v2\/comments?post=16"}],"version-history":[{"count":2,"href":"https:\/\/departamentos.uepb.edu.br\/cienciadedadoscg\/wp-json\/wp\/v2\/pages\/16\/revisions"}],"predecessor-version":[{"id":47,"href":"https:\/\/departamentos.uepb.edu.br\/cienciadedadoscg\/wp-json\/wp\/v2\/pages\/16\/revisions\/47"}],"wp:attachment":[{"href":"https:\/\/departamentos.uepb.edu.br\/cienciadedadoscg\/wp-json\/wp\/v2\/media?parent=16"}],"curies":[{"name":"wp","href":"https:\/\/api.w.org\/{rel}","templated":true}]}}