{"id":26,"date":"2025-08-18T11:32:28","date_gmt":"2025-08-18T14:32:28","guid":{"rendered":"https:\/\/departamentos.uepb.edu.br\/cienciadedadoscg\/?page_id=26"},"modified":"2025-08-18T14:48:40","modified_gmt":"2025-08-18T17:48:40","slug":"links","status":"publish","type":"page","link":"https:\/\/departamentos.uepb.edu.br\/cienciadedadoscg\/links\/","title":{"rendered":"Links"},"content":{"rendered":"<div class=\"wpb-content-wrapper\"><p>[vc_row][vc_column][vc_text_separator title=&#8221;UEPB&#8221; title_align=&#8221;separator_align_left&#8221; css=&#8221;&#8221;][vc_column_text css=&#8221;&#8221;]<\/p>\n<ul>\n<li><a href=\"http:\/\/www.uepb.edu.br\" target=\"_blank\" rel=\"noopener\">Portal Oficial da Universidade Estadual da Para\u00edba<\/a><\/li>\n<li><a href=\"http:\/\/centros.uepb.edu.br\/ccbsa\" target=\"_blank\" rel=\"noopener\">Centro de Ci\u00eancias Biol\u00f3gicas e Sociais Aplicadas (CCBSA) \u2013 Jo\u00e3o Pessoa\/PB<\/a><\/li>\n<li><a href=\"http:\/\/proreitorias.uepb.edu.br\/prograd\/\" target=\"_blank\" rel=\"noopener\">Pr\u00f3-Reitoria de Gradua\u00e7\u00e3o (PROGRAD)<\/a><\/li>\n<li><a href=\"https:\/\/uepb.edu.br\/proest\/\" target=\"_blank\" rel=\"noopener\">Pr\u00f3-Reitoria Estudantil<\/a><\/li>\n<\/ul>\n<p>[\/vc_column_text][vc_text_separator title=&#8221;SECTIES&#8221; title_align=&#8221;separator_align_left&#8221; css=&#8221;.vc_custom_1755539247513{margin-top: 30px !important;}&#8221;][vc_column_text css=&#8221;&#8221;]<\/p>\n<ul>\n<li><a href=\"https:\/\/paraiba.pb.gov.br\/diretas\/secretaria-da-ciencia-tecnologia-inovacao-e-ensino-superior\" target=\"_blank\" rel=\"noopener\">Secretaria da Ci\u00eancia, Tecnologia, Inova\u00e7\u00e3o e Ensino Superior<\/a><\/li>\n<\/ul>\n<p>[\/vc_column_text][vc_text_separator title=&#8221;Ag\u00eancias de Fomento&#8221; title_align=&#8221;separator_align_left&#8221; css=&#8221;.vc_custom_1755539339008{margin-top: 30px !important;}&#8221;][vc_column_text css=&#8221;&#8221;]<\/p>\n<ul>\n<li><a href=\"http:\/\/www.capes.gov.br\/\" target=\"_blank\" rel=\"noopener\">CAPES \u2013 Coordena\u00e7\u00e3o de Aperfei\u00e7oamento de Pessoal de N\u00edvel Superior<\/a><\/li>\n<li><a href=\"http:\/\/www.cnpq.br\/\" target=\"_blank\" rel=\"noopener\">CNPQ \u2013 Conselho Nacional de Desenvolvimento Cient\u00edfico e Tecnol\u00f3gico<\/a><\/li>\n<li><a href=\"https:\/\/fapesq.rpp.br\/\" target=\"_blank\" rel=\"noopener\">FAPESQ \u2013 Funda\u00e7\u00e3o de Apoio \u00e0 Pesquisa do Estado da Para\u00edba<\/a><\/li>\n<\/ul>\n<p>[\/vc_column_text][\/vc_column][\/vc_row]<\/p>\n<\/div>","protected":false},"excerpt":{"rendered":"<p>[vc_row][vc_column][vc_text_separator title=&#8221;UEPB&#8221; title_align=&#8221;separator_align_left&#8221; css=&#8221;&#8221;][vc_column_text css=&#8221;&#8221;] Portal Oficial da Universidade Estadual da Para\u00edba Centro de Ci\u00eancias Biol\u00f3gicas e Sociais Aplicadas (CCBSA) \u2013 Jo\u00e3o Pessoa\/PB Pr\u00f3-Reitoria de Gradua\u00e7\u00e3o (PROGRAD) Pr\u00f3-Reitoria Estudantil [\/vc_column_text][vc_text_separator title=&#8221;SECTIES&#8221; title_align=&#8221;separator_align_left&#8221; css=&#8221;.vc_custom_1755539247513{margin-top: 30px !important;}&#8221;][vc_column_text css=&#8221;&#8221;] Secretaria da Ci\u00eancia, Tecnologia, Inova\u00e7\u00e3o e Ensino Superior [\/vc_column_text][vc_text_separator title=&#8221;Ag\u00eancias de Fomento&#8221; title_align=&#8221;separator_align_left&#8221; css=&#8221;.vc_custom_1755539339008{margin-top: 30px !important;}&#8221;][vc_column_text css=&#8221;&#8221;] CAPES \u2013 <a class=\"leiamais\" href=\"https:\/\/departamentos.uepb.edu.br\/cienciadedadoscg\/links\/\">Leia Mais&#8230;<\/a><\/p>\n","protected":false},"author":13,"featured_media":0,"parent":0,"menu_order":0,"comment_status":"closed","ping_status":"closed","template":"","meta":{"footnotes":""},"class_list":["post-26","page","type-page","status-publish","hentry"],"_links":{"self":[{"href":"https:\/\/departamentos.uepb.edu.br\/cienciadedadoscg\/wp-json\/wp\/v2\/pages\/26","targetHints":{"allow":["GET"]}}],"collection":[{"href":"https:\/\/departamentos.uepb.edu.br\/cienciadedadoscg\/wp-json\/wp\/v2\/pages"}],"about":[{"href":"https:\/\/departamentos.uepb.edu.br\/cienciadedadoscg\/wp-json\/wp\/v2\/types\/page"}],"author":[{"embeddable":true,"href":"https:\/\/departamentos.uepb.edu.br\/cienciadedadoscg\/wp-json\/wp\/v2\/users\/13"}],"replies":[{"embeddable":true,"href":"https:\/\/departamentos.uepb.edu.br\/cienciadedadoscg\/wp-json\/wp\/v2\/comments?post=26"}],"version-history":[{"count":5,"href":"https:\/\/departamentos.uepb.edu.br\/cienciadedadoscg\/wp-json\/wp\/v2\/pages\/26\/revisions"}],"predecessor-version":[{"id":76,"href":"https:\/\/departamentos.uepb.edu.br\/cienciadedadoscg\/wp-json\/wp\/v2\/pages\/26\/revisions\/76"}],"wp:attachment":[{"href":"https:\/\/departamentos.uepb.edu.br\/cienciadedadoscg\/wp-json\/wp\/v2\/media?parent=26"}],"curies":[{"name":"wp","href":"https:\/\/api.w.org\/{rel}","templated":true}]}}