{"id":56,"date":"2025-08-18T14:07:57","date_gmt":"2025-08-18T17:07:57","guid":{"rendered":"https:\/\/departamentos.uepb.edu.br\/cienciadedadoscg\/?page_id=56"},"modified":"2025-08-18T14:30:52","modified_gmt":"2025-08-18T17:30:52","slug":"pagina-inicial","status":"publish","type":"page","link":"https:\/\/departamentos.uepb.edu.br\/cienciadedadoscg\/","title":{"rendered":"P\u00e1gina Inicial"},"content":{"rendered":"<div class=\"wpb-content-wrapper\"><p>[vc_row gap=&#8221;30&#8243;][vc_column width=&#8221;2\/3&#8243;][vc_text_separator title=&#8221;Quem Somos&#8221; i_icon_fontawesome=&#8221;fa fa-solid fa-angles-right&#8221; i_color=&#8221;custom&#8221; title_align=&#8221;separator_align_left&#8221; css=&#8221;&#8221; add_icon=&#8221;true&#8221; i_custom_color=&#8221;#CC0000&#8243;][vc_column_text css=&#8221;&#8221;]O Curso Superior de Tecnologia em Ci\u00eancia de Dados \u2013 CD, surgiu de uma proposta estruturada entre a Pr\u00f3-Reitoria de Gradua\u00e7\u00e3o da UEPB e a Secretaria de Ci\u00eancia, Tecnologia, Inova\u00e7\u00e3o e Ensino Superior do Estado da Para\u00edba \u2013 SECTIES em parceria com a Funda\u00e7\u00e3o de Apoio \u00e0 Pesquisa do Estado da Para\u00edba \u2013 FAPESQ. O curso tem durante m\u00ednima de 4 semestres.[\/vc_column_text][vc_btn title=&#8221;Leia mais&#8221; style=&#8221;classic&#8221; shape=&#8221;square&#8221; color=&#8221;inverse&#8221; size=&#8221;lg&#8221; align=&#8221;right&#8221; css=&#8221;.vc_custom_1755538270918{margin-bottom: 5px !important;}&#8221; link=&#8221;url:https%3A%2F%2Fdepartamentos.uepb.edu.br%2Fcienciadedadoscg%2Fapresentacao%2F|title:SUAP&#8221;][vc_text_separator title=&#8221;\u00daltimas Not\u00edcias&#8221; i_icon_fontawesome=&#8221;fa fa-solid fa-angles-right&#8221; i_color=&#8221;custom&#8221; title_align=&#8221;separator_align_left&#8221; css=&#8221;&#8221; add_icon=&#8221;true&#8221; i_custom_color=&#8221;#CC0000&#8243;]<div class=\"mdl-grid\"><div class=\"mdl-cell--12-col bloco-noticias\"><div class=\"titulo-noticia-widget\"><a href=\"https:\/\/departamentos.uepb.edu.br\/cienciadedadoscg\/2025\/08\/15\/ola-mundo\/\"><h3 class=\"titulo-destaque-noticia\">Ol\u00e1, mundo!<\/h3><\/a><\/div><\/div><\/div>[\/vc_column][vc_column width=&#8221;1\/3&#8243;][vc_text_separator title=&#8221;Acesso r\u00e1pido&#8221; i_icon_fontawesome=&#8221;fa fa-solid fa-angles-right&#8221; i_color=&#8221;custom&#8221; title_align=&#8221;separator_align_left&#8221; css=&#8221;&#8221; add_icon=&#8221;true&#8221; i_custom_color=&#8221;#CC0000&#8243;][vc_btn title=&#8221;SUAP&#8221; style=&#8221;classic&#8221; shape=&#8221;square&#8221; size=&#8221;lg&#8221; align=&#8221;left&#8221; css=&#8221;.vc_custom_1755538233131{margin-bottom: 5px !important;}&#8221; button_block=&#8221;true&#8221; link=&#8221;url:http%3A%2F%2Fsuap.uepb.edu.br%2F|title:SUAP|target:_blank&#8221;][vc_btn title=&#8221;FAPESQ&#8221; style=&#8221;classic&#8221; shape=&#8221;square&#8221; size=&#8221;lg&#8221; align=&#8221;left&#8221; css=&#8221;.vc_custom_1755538219456{margin-bottom: 5px !important;}&#8221; button_block=&#8221;true&#8221; link=&#8221;url:https%3A%2F%2Ffapesq.rpp.br%2F|title:SUAP|target:_blank&#8221;][vc_btn title=&#8221;SECTIES&#8221; style=&#8221;classic&#8221; shape=&#8221;square&#8221; size=&#8221;lg&#8221; align=&#8221;left&#8221; css=&#8221;.vc_custom_1755538238788{margin-bottom: 5px !important;}&#8221; button_block=&#8221;true&#8221; link=&#8221;url:https%3A%2F%2Fparaiba.pb.gov.br%2Fdiretas%2Fsecretaria-da-ciencia-tecnologia-inovacao-e-ensino-superior|title:SECTIES|target:_blank&#8221;][\/vc_column][\/vc_row]<\/p>\n<\/div>","protected":false},"excerpt":{"rendered":"<p>[vc_row gap=&#8221;30&#8243;][vc_column width=&#8221;2\/3&#8243;][vc_text_separator title=&#8221;Quem Somos&#8221; i_icon_fontawesome=&#8221;fa fa-solid fa-angles-right&#8221; i_color=&#8221;custom&#8221; title_align=&#8221;separator_align_left&#8221; css=&#8221;&#8221; add_icon=&#8221;true&#8221; i_custom_color=&#8221;#CC0000&#8243;][vc_column_text css=&#8221;&#8221;]O Curso Superior de Tecnologia em Ci\u00eancia de Dados \u2013 CD, surgiu de uma proposta estruturada entre a Pr\u00f3-Reitoria de Gradua\u00e7\u00e3o da UEPB e a Secretaria de Ci\u00eancia, Tecnologia, Inova\u00e7\u00e3o e Ensino Superior do Estado da Para\u00edba \u2013 SECTIES em parceria com <a class=\"leiamais\" href=\"https:\/\/departamentos.uepb.edu.br\/cienciadedadoscg\/\">Leia Mais&#8230;<\/a><\/p>\n","protected":false},"author":13,"featured_media":0,"parent":0,"menu_order":0,"comment_status":"closed","ping_status":"closed","template":"","meta":{"footnotes":""},"class_list":["post-56","page","type-page","status-publish","hentry"],"_links":{"self":[{"href":"https:\/\/departamentos.uepb.edu.br\/cienciadedadoscg\/wp-json\/wp\/v2\/pages\/56","targetHints":{"allow":["GET"]}}],"collection":[{"href":"https:\/\/departamentos.uepb.edu.br\/cienciadedadoscg\/wp-json\/wp\/v2\/pages"}],"about":[{"href":"https:\/\/departamentos.uepb.edu.br\/cienciadedadoscg\/wp-json\/wp\/v2\/types\/page"}],"author":[{"embeddable":true,"href":"https:\/\/departamentos.uepb.edu.br\/cienciadedadoscg\/wp-json\/wp\/v2\/users\/13"}],"replies":[{"embeddable":true,"href":"https:\/\/departamentos.uepb.edu.br\/cienciadedadoscg\/wp-json\/wp\/v2\/comments?post=56"}],"version-history":[{"count":12,"href":"https:\/\/departamentos.uepb.edu.br\/cienciadedadoscg\/wp-json\/wp\/v2\/pages\/56\/revisions"}],"predecessor-version":[{"id":69,"href":"https:\/\/departamentos.uepb.edu.br\/cienciadedadoscg\/wp-json\/wp\/v2\/pages\/56\/revisions\/69"}],"wp:attachment":[{"href":"https:\/\/departamentos.uepb.edu.br\/cienciadedadoscg\/wp-json\/wp\/v2\/media?parent=56"}],"curies":[{"name":"wp","href":"https:\/\/api.w.org\/{rel}","templated":true}]}}