{"id":105,"date":"2019-06-16T17:42:04","date_gmt":"2019-06-16T20:42:04","guid":{"rendered":"https:\/\/departamentos.uepb.edu.br\/comp-ccea\/?page_id=105"},"modified":"2019-06-16T17:45:10","modified_gmt":"2019-06-16T20:45:10","slug":"pesquisa","status":"publish","type":"page","link":"https:\/\/departamentos.uepb.edu.br\/comp-ccea\/pesquisa\/","title":{"rendered":"Pesquisa"},"content":{"rendered":"\n<p class=\"has-large-font-size\">Grupo Atlas<\/p>\n\n\n\n<p>O <strong>Grupo<\/strong> <strong>ATLAS (A\u00e7\u00e3o das Tecnologias na Aprendizagem Significativa)<\/strong> de pesquisa objetiva consolidar o ensino e mostrar a alunos e professores possibilidades de uma ci\u00eancia geradora de um trabalho capaz de criar um ambiente que favore\u00e7a a forma\u00e7\u00e3o significativa: um cidad\u00e3o cr\u00edtico, respons\u00e1vel e aut\u00f4nomo.<\/p>\n\n\n\n<p>Crian\u00e7as com dificuldade de aprendizagem em salas de aulas convencionais, no tocante ao processo de aprendizagem, enfrentam uma s\u00e9rie de desafios. Um dos problemas mais significativos nesse processo \u00e9 a dificuldade de leitura. <\/p>\n\n\n\n<p>Muitas vezes todo o processo \u00e9 prejudicado pelo ensino tradicional. Diante disso, \u00e9 necess\u00e1rio instigar e desenvolver atividades que estimulem a percep\u00e7\u00e3o e a mem\u00f3ria auditiva, visando a diminui\u00e7\u00e3o desse impacto nesses alunos. Isso pode ser feito com a utiliza\u00e7\u00e3o de ferramentas escolhidas e desenvolvidas para se adequar \u00e0s necessidades de cada um. Algumas dessas s\u00e3o ferramentas terap\u00eauticas que facilitam o processo de aprendizagem por meio do desenvolvimento de habilidades socio\u00admotoras.<\/p>\n\n\n\n<p>Link para o site do grupo: <a href=\"http:\/\/www.projeto-atlas.com\">www.projeto-atlas.com<\/a>\n<br>CNPq: <a href=\"http:\/\/dgp.cnpq.br\/dgp\/espelhogrupo\/370830\">http:\/\/dgp.cnpq.br\/dgp\/espelhogrupo\/370830<\/a><br>Contatos via email: <a href=\"mailto:pesquisa@projeto-atlas.com\">pesquisa@projeto-atlas.com<\/a><\/p>\n\n\n\n<p class=\"has-large-font-size\"><strong>Grupo GEMCA<\/strong><\/p>\n\n\n\n<p>O&nbsp;<strong>Grupo de&nbsp;Eletromagnetismo e Matem\u00e1tica Computacional Aplicado<\/strong>&nbsp;(GEMCA)&nbsp;apresenta uma natureza multidisciplinar, envolvendo \u00e1reas tais como:<strong>&nbsp;F\u00edsica, Qu\u00edmica, Matem\u00e1tica e Computa\u00e7\u00e3o<\/strong>, em que as pesquisas realizadas pelo grupo s\u00e3o de grande relev\u00e2ncia para a comunidade cientifica, convergindo \u00e1reas at\u00e9 ent\u00e3o independentes entre si.<\/p>\n\n\n\n<p>O Grupo GEMCA desenvolve pesquisa na grande \u00e1rea do eletromagnetismo aplicado, atuando mais precisamente em tr\u00eas grandes frentes de pesquisa, Antenas Planares, Intelig\u00eancia Artificial Aplicado a Modelagem de Circuitos\/Dispositivos de Micro-ondas e Caracteriza\u00e7\u00e3o de Dispositivos e\/ou Circuitos de Micro-ondas com Aplica\u00e7\u00f5es em Sistemas de Comunica\u00e7\u00e3o Sem Fio.<br>Link para o site do grupo:&nbsp;<a href=\"http:\/\/www.gemca.webnode.com\/\" target=\"_blank\" rel=\"noreferrer noopener\">www.gemca.webnode.com<\/a><br>Contatos via email:&nbsp;<a href=\"mailto:gemca@ymail.com\">gemca@ymail.com<\/a><\/p>\n","protected":false},"excerpt":{"rendered":"<p>Grupo Atlas O Grupo ATLAS (A\u00e7\u00e3o das Tecnologias na Aprendizagem Significativa) de pesquisa objetiva consolidar o ensino e mostrar a alunos e professores possibilidades de uma ci\u00eancia geradora de um trabalho capaz de criar um ambiente que favore\u00e7a a forma\u00e7\u00e3o significativa: um cidad\u00e3o cr\u00edtico, respons\u00e1vel e aut\u00f4nomo. Crian\u00e7as com dificuldade de aprendizagem em salas de <a class=\"leiamais\" href=\"https:\/\/departamentos.uepb.edu.br\/comp-ccea\/pesquisa\/\">Leia Mais&#8230;<\/a><\/p>\n","protected":false},"author":21,"featured_media":0,"parent":0,"menu_order":0,"comment_status":"closed","ping_status":"closed","template":"","meta":{"jetpack_post_was_ever_published":false,"footnotes":""},"class_list":["post-105","page","type-page","status-publish","hentry"],"jetpack_sharing_enabled":true,"jetpack_shortlink":"https:\/\/wp.me\/PaWyUo-1H","_links":{"self":[{"href":"https:\/\/departamentos.uepb.edu.br\/comp-ccea\/wp-json\/wp\/v2\/pages\/105","targetHints":{"allow":["GET"]}}],"collection":[{"href":"https:\/\/departamentos.uepb.edu.br\/comp-ccea\/wp-json\/wp\/v2\/pages"}],"about":[{"href":"https:\/\/departamentos.uepb.edu.br\/comp-ccea\/wp-json\/wp\/v2\/types\/page"}],"author":[{"embeddable":true,"href":"https:\/\/departamentos.uepb.edu.br\/comp-ccea\/wp-json\/wp\/v2\/users\/21"}],"replies":[{"embeddable":true,"href":"https:\/\/departamentos.uepb.edu.br\/comp-ccea\/wp-json\/wp\/v2\/comments?post=105"}],"version-history":[{"count":3,"href":"https:\/\/departamentos.uepb.edu.br\/comp-ccea\/wp-json\/wp\/v2\/pages\/105\/revisions"}],"predecessor-version":[{"id":108,"href":"https:\/\/departamentos.uepb.edu.br\/comp-ccea\/wp-json\/wp\/v2\/pages\/105\/revisions\/108"}],"wp:attachment":[{"href":"https:\/\/departamentos.uepb.edu.br\/comp-ccea\/wp-json\/wp\/v2\/media?parent=105"}],"curies":[{"name":"wp","href":"https:\/\/api.w.org\/{rel}","templated":true}]}}