{"id":109,"date":"2021-07-11T12:30:23","date_gmt":"2021-07-11T15:30:23","guid":{"rendered":"https:\/\/departamentos.uepb.edu.br\/comp-ccea\/?page_id=109"},"modified":"2023-10-30T19:21:25","modified_gmt":"2023-10-30T22:21:25","slug":"tcc-monografia","status":"publish","type":"page","link":"https:\/\/departamentos.uepb.edu.br\/comp-ccea\/tcc-monografia\/","title":{"rendered":"TCC \/ Monografia"},"content":{"rendered":"\r\n<h3>\u00a0<\/h3>\r\n<p class=\"has-medium-font-size\"><a href=\"https:\/\/departamentos.uepb.edu.br\/comp-ccea\/tcc-atual\/\">Vers\u00e3o atual da disciplina<\/a> (2021.1)<\/p>\r\n\r\n<p><strong>DATAS IMPORTANTES<\/strong><\/p>\r\n\r\n<ul class=\"wp-block-list\">\r\n<li style=\"list-style-type: none\">\r\n<ul>\r\n<li style=\"font-weight: 400\"><span style=\"font-weight: 400\">Disponibilidade de orienta\u00e7\u00e3o: 05\/09\/2023;<\/span><\/li>\r\n<li style=\"font-weight: 400\"><span style=\"font-weight: 400\">Data limite para entrega do termo de compromisso e termo de responsabilidade: 08\/09\/2023;<\/span><\/li>\r\n<\/ul>\r\n<ul>\r\n<li style=\"font-weight: 400\"><span style=\"font-weight: 400\">Per\u00edodo de entrega TCC 1\/TCC 2: 10\/11\/2023 &#8211; 16\/11\/2023;<\/span><\/li>\r\n<li style=\"font-weight: 400\"><span style=\"font-weight: 400\">Prazo para entrega dos documentos finais (nada consta, beca, requerimento): 10 (dez) dias ap\u00f3s a data da defesa;<\/span><\/li>\r\n<li style=\"font-weight: 400\"><span style=\"font-weight: 400\">Prazo para entrega da monografia corrigida (p\u00f3s-defesa):\u00a0 10 (dez) dias ap\u00f3s a data da defesa;<\/span><\/li>\r\n<li style=\"font-weight: 400\"><span style=\"font-weight: 400\">Per\u00edodo de realiza\u00e7\u00e3o das solenidades de cola\u00e7\u00e3o de Grau: 18\/12\/2023 &#8211; 22\/12\/2023.<\/span><\/li>\r\n<\/ul>\r\n<\/li>\r\n<\/ul>\r\n\r\n\r\n\r\n<p><strong>Observa\u00e7\u00e3o:<\/strong> <em>N\u00c3O<\/em> ser\u00e3o aceitos trabalhos entregues fora do prazo estabelecido.<\/p>\r\n\r\n\r\n\r\n<p class=\"has-medium-font-size\"><strong>PROCEDIMENTOS PARA MATR\u00cdCULA EM TCC<\/strong><\/p>\r\n\r\n\r\n\r\n<p>Para matricular-se em TCC, o discente deve:<\/p>\r\n<p>1\u00ba Realizar a matr\u00edcula na disciplina, no sistema, no per\u00edodo definido pela UEPB para a matr\u00edcula em disciplinas;<\/p>\r\n<p>2\u00ba Procurar um orientador entre os docentes do curso e, at\u00e9 a data definida pela Coordena\u00e7\u00e3o de TCC, oficializar a orienta\u00e7\u00e3o entregando os seguintes documentos:<\/p>\r\n\r\n\r\n\r\n<p>a)\u00a0<a href=\"https:\/\/sites.google.com\/site\/computacaouepbcampus7\/monografia\/Termo%20de%20Compromisso%20A.pdf?attredirects=0\" target=\"_blank\" rel=\"noreferrer noopener\">Termo de compromisso de orienta\u00e7\u00e3o<\/a>\u00a0(entregar um por aluno).<\/p>\r\n\r\n\r\n\r\n<p>b)\u00a0<a href=\"https:\/\/sites.google.com\/site\/computacaouepbcampus7\/monografia\/Termo%20de%20Responsabilidade%20D.pdf?attredirects=0\" target=\"_blank\" rel=\"noreferrer noopener\">Termo de responsabilidade<\/a>\u00a0(entregar um por professor).<\/p>\r\n\r\n\r\n\r\n<p class=\"has-medium-font-size\"><strong>PROCEDIMENTOS PARA ENTREGA DO TCC1:\u00a0<\/strong><\/p>\r\n\r\n\r\n\r\n<p>Desde 2016.1 os trabalhos s\u00e3o avaliados pelo docente respons\u00e1vel pela orienta\u00e7\u00e3o e apresenta\u00e7\u00e3o p\u00fablica dos discentes. Ap\u00f3s avalia\u00e7\u00e3o, o docente respons\u00e1vel pela orienta\u00e7\u00e3o emite um <strong><a href=\"https:\/\/sites.google.com\/site\/computacaouepbcampus7\/monografia\/Parecer%20Orientadores%20TCC1.doc.1559400973296?attredirects=0\" target=\"_blank\" rel=\"noreferrer noopener\">parecer<\/a><\/strong>\u00a0com a nota do TCC 1 e entrega na coordena\u00e7\u00e3o (ou secretaria de curso) para a coordena\u00e7\u00e3o de TCC.<\/p>\r\n<p><strong>O documento modelo de TCC est\u00e1 dispon\u00edvel <a href=\"https:\/\/biblioteca.uepb.edu.br\/documentos\/#\">AQUI.<\/a><\/strong><\/p>\r\n\r\n\r\n\r\n\r\n\r\n<p>O trabalho dever\u00e1 ser gravado na \u00edntegra no formato PDF (DESPROTEGIDO) obedecendo aos seguintes par\u00e2metros:<\/p>\r\n\r\n\r\n\r\n<ul class=\"wp-block-list\">\r\n<li>Para imagens \u2013 arquivos tipo GIF ou JPG;<\/li>\r\n<li>Para \u00e1udios \u2013 arquivos tipo WAV ou MPEG;<\/li>\r\n<li>Para v\u00eddeos \u2013 arquivos tipo MPEG ou AVI.<\/li>\r\n<\/ul>\r\n\r\n\r\n\r\n\r\n\r\n\r\n\r\n<p class=\"has-medium-font-size\"><strong>PROCEDIMENTOS PARA DEFESA DO TCC:<\/strong><\/p>\r\n\r\n\r\n\r\n<p>Para realizar a defesa da monografia\/artigo, o discente deve:<\/p>\r\n<p>1\u00ba Estar regularmente matriculado na disciplina (veja quadro de procedimentos de matr\u00edcula).<\/p>\r\n<p>2\u00ba Enviar uma c\u00f3pia a cada componente da banca, at\u00e9<strong>\u00a0no m\u00ednimo 10 (dez) dias antes<\/strong> da data de defesa (cumprir a data limite estabelecida pela Coordena\u00e7\u00e3o). <em>O discente que n\u00e3o cumprir o prazo corre o risco de ter a defesa cancelada.<\/em><\/p>\r\n<p>3\u00ba Comparecer \u00e0 data\/hora estabelecida e realizar a defesa. <em>O discente que n\u00e3o comparecer ser\u00e1 reprovado.<\/em><\/p>\r\n<p><strong>O Guia de Normaliza\u00e7\u00e3o ABNT, com documentos, modelos entre outros est\u00e1 dispon\u00edvel <a href=\"http:\/\/biblioteca.uepb.edu.br\/abnt-guia-de-normalizacao\/\">AQUI<\/a>.<\/strong><\/p>\r\n\r\n\r\n\r\n<p class=\"has-medium-font-size\"><strong>PROCEDIMENTOS AP\u00d3S A DEFESA DO TCC:<\/strong><\/p>\r\n\r\n\r\n\r\n<p>Para participar da cola\u00e7\u00e3o de grau, o aluno deve:<\/p>\r\n<p>1\u00ba Ter integralizado toda a carga hor\u00e1ria m\u00ednima de disciplinas e horas extras;<\/p>\r\n<p>2\u00ba Ter sido aprovado na defesa de TCC 2;<\/p>\r\n<p>3\u00ba Ter entregue a vers\u00e3o final corrigida do trabalho;<\/p>\r\n\r\n\r\n\r\n<ul class=\"wp-block-list\">\r\n<li>Ver os procedimentos descritos no quadro \u00e0 esquerda &#8220;<strong>Vers\u00e3o final da monografia<\/strong>&#8221; antes dos pr\u00f3ximos passos.<\/li>\r\n<\/ul>\r\n\r\n\r\n\r\n<p>4\u00ba Ir \u00e0 biblioteca do curso\/campus e solicitar o termo de nada consta. Entregar o nada consta \u00e0 secretaria do curso.<\/p>\r\n<p>5\u00ba Solicitar e entregar o Requerimento Geral na Secretaria Integrada de Curso (SIC), marcando os seguintes itens:<\/p>\r\n<p>Requerimento de Certid\u00e3o de Conclus\u00e3o de Curso (n\u00ba 02),<\/p>\r\n<ul>\r\n<li>Hist\u00f3rico Escolar (n\u00ba 08) e<\/li>\r\n<li>Registro de Diploma (n\u00ba 12) .<\/li>\r\n<\/ul>\r\n\r\n\r\n\r\n<ul class=\"wp-block-list\">\r\n<li style=\"list-style-type: none\">\r\n<ul>\r\n<li>O requerimento est\u00e1 dispon\u00edvel <a href=\"https:\/\/docs.google.com\/spreadsheet\/ccc?key=0An4jAq-vG8BcdDhDV0hsUTBfdjhWV2w0YkQ3NXpFUmc\">AQUI<\/a> ou pode ser solicitado na SIC.\u00a0<\/li>\r\n<\/ul>\r\n<\/li>\r\n<\/ul>\r\n\r\n\r\n\r\n<p>6\u00ba Solicitar e entregar o termo de compromisso da beca na SIC.<\/p>\r\n\r\n\r\n\r\n<ul class=\"wp-block-list\">\r\n<li>Pegar o termo na secretaria ou fazer download\u00a0<a href=\"https:\/\/docs.google.com\/open?id=0BxxIsZ0rwLYTcmh1RHhEUjBSMGc\">aqui<\/a>.\u00a0<\/li>\r\n<\/ul>\r\n\r\n\r\n\r\n<p>O prazo para entrega dos documentos descritos nos passos 3, 4, 5 e 6 ser\u00e3o estabelecidos semestralmente pela coordena\u00e7\u00e3o de TCC.<\/p>\r\n<p class=\"has-medium-font-size\"><strong>Vers\u00e3o final do TCC<\/strong><\/p>\r\n<p><strong>\r\n\r\n<\/strong><\/p>\r\n<p>Ap\u00f3s a defesa, o aluno deve realizar as corre\u00e7\u00f5es estabelecidas pela banca e Entregar seu Trabalho de Conclus\u00e3o de Curso em vers\u00e3o digital, gravado em CD (contendo obrigatoriamente\u00a0<strong><a href=\"https:\/\/sistemas.uepb.edu.br\/sicb\/\" target=\"_blank\" rel=\"noreferrer noopener\">Ficha Catalogr\u00e1fica<\/a><\/strong>\u00a0e Folha de Aprova\u00e7\u00e3o assinada pelos membros da banca) diretamente a biblioteca vinculada ao seu Curso\/Campus com os seguintes documentos impressos e assinados:<\/p>\r\n<p><strong>\r\n\r\n<\/strong><\/p>\r\n<ul class=\"wp-block-list\">\r\n<li><a href=\"http:\/\/biblioteca.uepb.edu.br\/?wpfb_dl=16\" target=\"_blank\" rel=\"noreferrer noopener\">Declara\u00e7\u00e3o de autoriza\u00e7\u00e3o de entrega do TCC<\/a><\/li>\r\n<li><a href=\"http:\/\/biblioteca.uepb.edu.br\/?wpfb_dl=6\" target=\"_blank\" rel=\"noreferrer noopener\">Termo DSpace\u00a0web &#8211; UEPB<\/a><\/li>\r\n<\/ul>\r\n<p><strong>O discente que n\u00e3o realizar qualquer um dos passos descritos acima, N\u00c3O colar\u00e1 grau.<\/strong><\/p>\r\n","protected":false},"excerpt":{"rendered":"<p>\u00a0 Vers\u00e3o atual da disciplina (2021.1) DATAS IMPORTANTES Disponibilidade de orienta\u00e7\u00e3o: 05\/09\/2023; Data limite para entrega do termo de compromisso e termo de responsabilidade: 08\/09\/2023; Per\u00edodo de entrega TCC 1\/TCC 2: 10\/11\/2023 &#8211; 16\/11\/2023; Prazo para entrega dos documentos finais (nada consta, beca, requerimento): 10 (dez) dias ap\u00f3s a data da defesa; Prazo para entrega <a class=\"leiamais\" href=\"https:\/\/departamentos.uepb.edu.br\/comp-ccea\/tcc-monografia\/\">Leia Mais&#8230;<\/a><\/p>\n","protected":false},"author":21,"featured_media":0,"parent":0,"menu_order":0,"comment_status":"closed","ping_status":"closed","template":"","meta":{"jetpack_post_was_ever_published":false,"footnotes":""},"class_list":["post-109","page","type-page","status-publish","hentry"],"jetpack_sharing_enabled":true,"jetpack_shortlink":"https:\/\/wp.me\/PaWyUo-1L","_links":{"self":[{"href":"https:\/\/departamentos.uepb.edu.br\/comp-ccea\/wp-json\/wp\/v2\/pages\/109","targetHints":{"allow":["GET"]}}],"collection":[{"href":"https:\/\/departamentos.uepb.edu.br\/comp-ccea\/wp-json\/wp\/v2\/pages"}],"about":[{"href":"https:\/\/departamentos.uepb.edu.br\/comp-ccea\/wp-json\/wp\/v2\/types\/page"}],"author":[{"embeddable":true,"href":"https:\/\/departamentos.uepb.edu.br\/comp-ccea\/wp-json\/wp\/v2\/users\/21"}],"replies":[{"embeddable":true,"href":"https:\/\/departamentos.uepb.edu.br\/comp-ccea\/wp-json\/wp\/v2\/comments?post=109"}],"version-history":[{"count":17,"href":"https:\/\/departamentos.uepb.edu.br\/comp-ccea\/wp-json\/wp\/v2\/pages\/109\/revisions"}],"predecessor-version":[{"id":523,"href":"https:\/\/departamentos.uepb.edu.br\/comp-ccea\/wp-json\/wp\/v2\/pages\/109\/revisions\/523"}],"wp:attachment":[{"href":"https:\/\/departamentos.uepb.edu.br\/comp-ccea\/wp-json\/wp\/v2\/media?parent=109"}],"curies":[{"name":"wp","href":"https:\/\/api.w.org\/{rel}","templated":true}]}}