{"id":122,"date":"2019-06-16T18:21:44","date_gmt":"2019-06-16T21:21:44","guid":{"rendered":"https:\/\/departamentos.uepb.edu.br\/comp-ccea\/?page_id=122"},"modified":"2019-06-16T18:39:53","modified_gmt":"2019-06-16T21:39:53","slug":"entende-2019","status":"publish","type":"page","link":"https:\/\/departamentos.uepb.edu.br\/comp-ccea\/entende-2019\/","title":{"rendered":"ENTENDE 2019"},"content":{"rendered":"\n<p>O III ENTENDE (Encontro de Tecnologias e Ensino Digital) da UEPB aconteceu nos dias 29 e 30 de maio de 2019 e foi SUCESSO!<\/p>\n\n\n\n<ul class=\"wp-block-gallery columns-2 is-cropped wp-block-gallery-1 is-layout-flex wp-block-gallery-is-layout-flex\"><li class=\"blocks-gallery-item\"><figure><img loading=\"lazy\" decoding=\"async\" width=\"453\" height=\"512\" src=\"https:\/\/departamentos.uepb.edu.br\/comp-ccea\/files\/2019\/06\/ENTENDE-logo-1.png\" alt=\"\" data-id=\"130\" data-link=\"https:\/\/departamentos.uepb.edu.br\/comp-ccea\/entende-2019\/entende-logo-1\/\" class=\"wp-image-130 img-responsive\" srcset=\"https:\/\/departamentos.uepb.edu.br\/comp-ccea\/files\/2019\/06\/ENTENDE-logo-1.png 453w, https:\/\/departamentos.uepb.edu.br\/comp-ccea\/files\/2019\/06\/ENTENDE-logo-1-265x300.png 265w, https:\/\/departamentos.uepb.edu.br\/comp-ccea\/files\/2019\/06\/ENTENDE-logo-1-370x418.png 370w\" sizes=\"auto, (max-width: 453px) 100vw, 453px\" \/><\/figure><\/li><li class=\"blocks-gallery-item\"><figure><img loading=\"lazy\" decoding=\"async\" width=\"405\" height=\"558\" src=\"https:\/\/departamentos.uepb.edu.br\/comp-ccea\/files\/2019\/06\/ENTENDE-prec\u0327os.png\" alt=\"\" data-id=\"131\" data-link=\"https:\/\/departamentos.uepb.edu.br\/comp-ccea\/entende-2019\/entende-prec%cc%a7os\/\" class=\"wp-image-131 img-responsive\" srcset=\"https:\/\/departamentos.uepb.edu.br\/comp-ccea\/files\/2019\/06\/ENTENDE-prec\u0327os.png 405w, https:\/\/departamentos.uepb.edu.br\/comp-ccea\/files\/2019\/06\/ENTENDE-prec\u0327os-218x300.png 218w, https:\/\/departamentos.uepb.edu.br\/comp-ccea\/files\/2019\/06\/ENTENDE-prec\u0327os-370x510.png 370w\" sizes=\"auto, (max-width: 405px) 100vw, 405px\" \/><\/figure><\/li><\/ul>\n\n\n\n<p><strong>Programa\u00e7\u00e3o<\/strong><\/p>\n\n\n\n<figure class=\"wp-block-image is-resized\"><img loading=\"lazy\" decoding=\"async\" src=\"https:\/\/departamentos.uepb.edu.br\/comp-ccea\/files\/2019\/06\/ENTENDE-Programac\u0327a\u0303o.png\" alt=\"\" class=\"wp-image-125 img-responsive\" width=\"402\" height=\"557\" srcset=\"https:\/\/departamentos.uepb.edu.br\/comp-ccea\/files\/2019\/06\/ENTENDE-Programac\u0327a\u0303o.png 416w, https:\/\/departamentos.uepb.edu.br\/comp-ccea\/files\/2019\/06\/ENTENDE-Programac\u0327a\u0303o-217x300.png 217w, https:\/\/departamentos.uepb.edu.br\/comp-ccea\/files\/2019\/06\/ENTENDE-Programac\u0327a\u0303o-370x512.png 370w\" sizes=\"auto, (max-width: 402px) 100vw, 402px\" \/><\/figure>\n\n\n\n<p><strong>Palestrantes<\/strong><\/p>\n\n\n\n<ul class=\"wp-block-gallery columns-2 is-cropped wp-block-gallery-2 is-layout-flex wp-block-gallery-is-layout-flex\"><li class=\"blocks-gallery-item\"><figure><img loading=\"lazy\" decoding=\"async\" width=\"483\" height=\"496\" src=\"https:\/\/departamentos.uepb.edu.br\/comp-ccea\/files\/2019\/06\/keynote-ENTENDE.png\" alt=\"\" data-id=\"127\" data-link=\"https:\/\/departamentos.uepb.edu.br\/comp-ccea\/entende-2019\/keynote-entende\/\" class=\"wp-image-127 img-responsive\" srcset=\"https:\/\/departamentos.uepb.edu.br\/comp-ccea\/files\/2019\/06\/keynote-ENTENDE.png 483w, https:\/\/departamentos.uepb.edu.br\/comp-ccea\/files\/2019\/06\/keynote-ENTENDE-292x300.png 292w, https:\/\/departamentos.uepb.edu.br\/comp-ccea\/files\/2019\/06\/keynote-ENTENDE-370x380.png 370w\" sizes=\"auto, (max-width: 483px) 100vw, 483px\" \/><\/figure><\/li><li class=\"blocks-gallery-item\"><figure><img loading=\"lazy\" decoding=\"async\" width=\"491\" height=\"520\" src=\"https:\/\/departamentos.uepb.edu.br\/comp-ccea\/files\/2019\/06\/closing-ENTENDE.png\" alt=\"\" data-id=\"128\" data-link=\"https:\/\/departamentos.uepb.edu.br\/comp-ccea\/entende-2019\/closing-entende\/\" class=\"wp-image-128 img-responsive\" srcset=\"https:\/\/departamentos.uepb.edu.br\/comp-ccea\/files\/2019\/06\/closing-ENTENDE.png 491w, https:\/\/departamentos.uepb.edu.br\/comp-ccea\/files\/2019\/06\/closing-ENTENDE-283x300.png 283w, https:\/\/departamentos.uepb.edu.br\/comp-ccea\/files\/2019\/06\/closing-ENTENDE-370x392.png 370w\" sizes=\"auto, (max-width: 491px) 100vw, 491px\" \/><\/figure><\/li><\/ul>\n\n\n\n<p><strong>Apresenta\u00e7\u00e3o cultural<\/strong><\/p>\n\n\n\n<figure class=\"wp-block-image is-resized\"><img loading=\"lazy\" decoding=\"async\" src=\"https:\/\/departamentos.uepb.edu.br\/comp-ccea\/files\/2019\/06\/entende-cultural.png\" alt=\"\" class=\"wp-image-129 img-responsive\" width=\"310\" height=\"340\" srcset=\"https:\/\/departamentos.uepb.edu.br\/comp-ccea\/files\/2019\/06\/entende-cultural.png 411w, https:\/\/departamentos.uepb.edu.br\/comp-ccea\/files\/2019\/06\/entende-cultural-273x300.png 273w, https:\/\/departamentos.uepb.edu.br\/comp-ccea\/files\/2019\/06\/entende-cultural-370x406.png 370w\" sizes=\"auto, (max-width: 310px) 100vw, 310px\" \/><\/figure>\n\n\n\n<p><strong>Fotos<\/strong><\/p>\n\n\n\n<ul class=\"wp-block-gallery columns-3 is-cropped wp-block-gallery-3 is-layout-flex wp-block-gallery-is-layout-flex\"><li class=\"blocks-gallery-item\"><figure><img loading=\"lazy\" decoding=\"async\" width=\"560\" height=\"415\" src=\"https:\/\/departamentos.uepb.edu.br\/comp-ccea\/files\/2019\/06\/entende1.png\" alt=\"\" data-id=\"132\" data-link=\"https:\/\/departamentos.uepb.edu.br\/comp-ccea\/entende-2019\/entende1\/\" class=\"wp-image-132 img-responsive\" srcset=\"https:\/\/departamentos.uepb.edu.br\/comp-ccea\/files\/2019\/06\/entende1.png 560w, https:\/\/departamentos.uepb.edu.br\/comp-ccea\/files\/2019\/06\/entende1-300x222.png 300w, https:\/\/departamentos.uepb.edu.br\/comp-ccea\/files\/2019\/06\/entende1-370x274.png 370w\" sizes=\"auto, (max-width: 560px) 100vw, 560px\" \/><\/figure><\/li><li class=\"blocks-gallery-item\"><figure><img loading=\"lazy\" decoding=\"async\" width=\"575\" height=\"353\" src=\"https:\/\/departamentos.uepb.edu.br\/comp-ccea\/files\/2019\/06\/entende2.png\" alt=\"\" data-id=\"133\" data-link=\"https:\/\/departamentos.uepb.edu.br\/comp-ccea\/entende-2019\/entende2\/\" class=\"wp-image-133 img-responsive\" srcset=\"https:\/\/departamentos.uepb.edu.br\/comp-ccea\/files\/2019\/06\/entende2.png 575w, https:\/\/departamentos.uepb.edu.br\/comp-ccea\/files\/2019\/06\/entende2-300x184.png 300w, https:\/\/departamentos.uepb.edu.br\/comp-ccea\/files\/2019\/06\/entende2-370x227.png 370w\" sizes=\"auto, (max-width: 575px) 100vw, 575px\" \/><\/figure><\/li><li class=\"blocks-gallery-item\"><figure><img loading=\"lazy\" decoding=\"async\" width=\"569\" height=\"418\" src=\"https:\/\/departamentos.uepb.edu.br\/comp-ccea\/files\/2019\/06\/entende3.png\" alt=\"\" data-id=\"134\" data-link=\"https:\/\/departamentos.uepb.edu.br\/comp-ccea\/entende-2019\/entende3\/\" class=\"wp-image-134 img-responsive\" srcset=\"https:\/\/departamentos.uepb.edu.br\/comp-ccea\/files\/2019\/06\/entende3.png 569w, https:\/\/departamentos.uepb.edu.br\/comp-ccea\/files\/2019\/06\/entende3-300x220.png 300w, https:\/\/departamentos.uepb.edu.br\/comp-ccea\/files\/2019\/06\/entende3-370x272.png 370w\" sizes=\"auto, (max-width: 569px) 100vw, 569px\" \/><\/figure><\/li><li class=\"blocks-gallery-item\"><figure><img loading=\"lazy\" decoding=\"async\" width=\"519\" height=\"432\" src=\"https:\/\/departamentos.uepb.edu.br\/comp-ccea\/files\/2019\/06\/entende4.png\" alt=\"\" data-id=\"135\" data-link=\"https:\/\/departamentos.uepb.edu.br\/comp-ccea\/entende-2019\/entende4\/\" class=\"wp-image-135 img-responsive\" srcset=\"https:\/\/departamentos.uepb.edu.br\/comp-ccea\/files\/2019\/06\/entende4.png 519w, https:\/\/departamentos.uepb.edu.br\/comp-ccea\/files\/2019\/06\/entende4-300x250.png 300w, https:\/\/departamentos.uepb.edu.br\/comp-ccea\/files\/2019\/06\/entende4-370x308.png 370w\" sizes=\"auto, (max-width: 519px) 100vw, 519px\" \/><\/figure><\/li><li class=\"blocks-gallery-item\"><figure><img loading=\"lazy\" decoding=\"async\" width=\"558\" height=\"360\" src=\"https:\/\/departamentos.uepb.edu.br\/comp-ccea\/files\/2019\/06\/entende5.png\" alt=\"\" data-id=\"136\" data-link=\"https:\/\/departamentos.uepb.edu.br\/comp-ccea\/entende-2019\/entende5\/\" class=\"wp-image-136 img-responsive\" srcset=\"https:\/\/departamentos.uepb.edu.br\/comp-ccea\/files\/2019\/06\/entende5.png 558w, https:\/\/departamentos.uepb.edu.br\/comp-ccea\/files\/2019\/06\/entende5-300x194.png 300w, https:\/\/departamentos.uepb.edu.br\/comp-ccea\/files\/2019\/06\/entende5-370x239.png 370w\" sizes=\"auto, (max-width: 558px) 100vw, 558px\" \/><\/figure><\/li><li class=\"blocks-gallery-item\"><figure><img loading=\"lazy\" decoding=\"async\" width=\"572\" height=\"344\" src=\"https:\/\/departamentos.uepb.edu.br\/comp-ccea\/files\/2019\/06\/entende6.png\" alt=\"\" data-id=\"137\" data-link=\"https:\/\/departamentos.uepb.edu.br\/comp-ccea\/entende-2019\/entende6\/\" class=\"wp-image-137 img-responsive\" srcset=\"https:\/\/departamentos.uepb.edu.br\/comp-ccea\/files\/2019\/06\/entende6.png 572w, https:\/\/departamentos.uepb.edu.br\/comp-ccea\/files\/2019\/06\/entende6-300x180.png 300w, https:\/\/departamentos.uepb.edu.br\/comp-ccea\/files\/2019\/06\/entende6-370x223.png 370w\" sizes=\"auto, (max-width: 572px) 100vw, 572px\" \/><\/figure><\/li><li class=\"blocks-gallery-item\"><figure><img loading=\"lazy\" decoding=\"async\" width=\"591\" height=\"342\" src=\"https:\/\/departamentos.uepb.edu.br\/comp-ccea\/files\/2019\/06\/entende7.png\" alt=\"\" data-id=\"138\" data-link=\"https:\/\/departamentos.uepb.edu.br\/comp-ccea\/entende-2019\/entende7\/\" class=\"wp-image-138 img-responsive\" srcset=\"https:\/\/departamentos.uepb.edu.br\/comp-ccea\/files\/2019\/06\/entende7.png 591w, https:\/\/departamentos.uepb.edu.br\/comp-ccea\/files\/2019\/06\/entende7-300x174.png 300w, https:\/\/departamentos.uepb.edu.br\/comp-ccea\/files\/2019\/06\/entende7-370x214.png 370w\" sizes=\"auto, (max-width: 591px) 100vw, 591px\" \/><\/figure><\/li><li class=\"blocks-gallery-item\"><figure><img loading=\"lazy\" decoding=\"async\" width=\"587\" height=\"284\" src=\"https:\/\/departamentos.uepb.edu.br\/comp-ccea\/files\/2019\/06\/entende8.png\" alt=\"\" data-id=\"139\" data-link=\"https:\/\/departamentos.uepb.edu.br\/comp-ccea\/entende-2019\/entende8\/\" class=\"wp-image-139 img-responsive\" srcset=\"https:\/\/departamentos.uepb.edu.br\/comp-ccea\/files\/2019\/06\/entende8.png 587w, https:\/\/departamentos.uepb.edu.br\/comp-ccea\/files\/2019\/06\/entende8-300x145.png 300w, https:\/\/departamentos.uepb.edu.br\/comp-ccea\/files\/2019\/06\/entende8-370x179.png 370w\" sizes=\"auto, (max-width: 587px) 100vw, 587px\" \/><\/figure><\/li><li class=\"blocks-gallery-item\"><figure><img loading=\"lazy\" decoding=\"async\" width=\"588\" height=\"318\" src=\"https:\/\/departamentos.uepb.edu.br\/comp-ccea\/files\/2019\/06\/entende9.png\" alt=\"\" data-id=\"140\" data-link=\"https:\/\/departamentos.uepb.edu.br\/comp-ccea\/entende-2019\/entende9\/\" class=\"wp-image-140 img-responsive\" srcset=\"https:\/\/departamentos.uepb.edu.br\/comp-ccea\/files\/2019\/06\/entende9.png 588w, https:\/\/departamentos.uepb.edu.br\/comp-ccea\/files\/2019\/06\/entende9-300x162.png 300w, https:\/\/departamentos.uepb.edu.br\/comp-ccea\/files\/2019\/06\/entende9-370x200.png 370w\" sizes=\"auto, (max-width: 588px) 100vw, 588px\" \/><\/figure><\/li><\/ul>\n\n\n\n<p><strong>Inscri\u00e7\u00f5es<\/strong><\/p>\n\n\n\n<p>As inscri\u00e7\u00f5es podem ser realizadas com os membros do CA de Computa\u00e7\u00e3o, atrav\u00e9s dos contatos abaixo:<\/p>\n\n\n\n<p>Maria Luiza: 99821-7220<br>Arthur Camur\u00e7a: 99189-7479<br>Mirelly Lucena: 99912-4677<br>Sulyn Medeiros : 99955-2521<br>Josedi Oliveira: 99903-6572<br>Kleber Santos: 98209-7201<br>Rog\u00e9rio Filho: 99650-1189<br>Savio Gustavo: 99600-0472<br>Matheus Paulino: 98136-7384<\/p>\n","protected":false},"excerpt":{"rendered":"<p>O III ENTENDE (Encontro de Tecnologias e Ensino Digital) da UEPB aconteceu nos dias 29 e 30 de maio de 2019 e foi SUCESSO! Programa\u00e7\u00e3o Palestrantes Apresenta\u00e7\u00e3o cultural Fotos Inscri\u00e7\u00f5es As inscri\u00e7\u00f5es podem ser realizadas com os membros do CA de Computa\u00e7\u00e3o, atrav\u00e9s dos contatos abaixo: Maria Luiza: 99821-7220Arthur Camur\u00e7a: 99189-7479Mirelly Lucena: 99912-4677Sulyn Medeiros : <a class=\"leiamais\" href=\"https:\/\/departamentos.uepb.edu.br\/comp-ccea\/entende-2019\/\">Leia Mais&#8230;<\/a><\/p>\n","protected":false},"author":21,"featured_media":0,"parent":0,"menu_order":0,"comment_status":"closed","ping_status":"closed","template":"","meta":{"jetpack_post_was_ever_published":false,"footnotes":""},"class_list":["post-122","page","type-page","status-publish","hentry"],"jetpack_sharing_enabled":true,"jetpack_shortlink":"https:\/\/wp.me\/PaWyUo-1Y","_links":{"self":[{"href":"https:\/\/departamentos.uepb.edu.br\/comp-ccea\/wp-json\/wp\/v2\/pages\/122","targetHints":{"allow":["GET"]}}],"collection":[{"href":"https:\/\/departamentos.uepb.edu.br\/comp-ccea\/wp-json\/wp\/v2\/pages"}],"about":[{"href":"https:\/\/departamentos.uepb.edu.br\/comp-ccea\/wp-json\/wp\/v2\/types\/page"}],"author":[{"embeddable":true,"href":"https:\/\/departamentos.uepb.edu.br\/comp-ccea\/wp-json\/wp\/v2\/users\/21"}],"replies":[{"embeddable":true,"href":"https:\/\/departamentos.uepb.edu.br\/comp-ccea\/wp-json\/wp\/v2\/comments?post=122"}],"version-history":[{"count":2,"href":"https:\/\/departamentos.uepb.edu.br\/comp-ccea\/wp-json\/wp\/v2\/pages\/122\/revisions"}],"predecessor-version":[{"id":141,"href":"https:\/\/departamentos.uepb.edu.br\/comp-ccea\/wp-json\/wp\/v2\/pages\/122\/revisions\/141"}],"wp:attachment":[{"href":"https:\/\/departamentos.uepb.edu.br\/comp-ccea\/wp-json\/wp\/v2\/media?parent=122"}],"curies":[{"name":"wp","href":"https:\/\/api.w.org\/{rel}","templated":true}]}}