{"id":152,"date":"2019-06-16T22:07:54","date_gmt":"2019-06-17T01:07:54","guid":{"rendered":"https:\/\/departamentos.uepb.edu.br\/comp-ccea\/?page_id=152"},"modified":"2023-10-30T19:14:59","modified_gmt":"2023-10-30T22:14:59","slug":"estagio","status":"publish","type":"page","link":"https:\/\/departamentos.uepb.edu.br\/comp-ccea\/estagio\/","title":{"rendered":"Est\u00e1gio"},"content":{"rendered":"\r\n<p>O curso de Bacharelado em Ci\u00eancia da Computa\u00e7\u00e3o oferece 01 (uma) disciplina Eletiva de Est\u00e1gio Supervisionado, totalizando uma carga hor\u00e1ria de 360 horas.\u00a0<\/p>\r\n\r\n\r\n\r\n<p><br \/>O est\u00e1gio em Ci\u00eancia da Computa\u00e7\u00e3o consiste no desenvolvimento de atividades da \u00e1rea da Ci\u00eancia da Computa\u00e7\u00e3o em\u00a0organiza\u00e7\u00f5es, sob a supervis\u00e3o de um de seus profissionais qualificados, cujo nome\u00a0dever\u00e1 ser submetido e aprovado pela Coordena\u00e7\u00e3o de Est\u00e1gio. O plano de trabalho dever\u00e1 justificar um m\u00ednimo de 360 horas de atividades, que dever\u00e3o ser cumpridas em um semestre letivo. Ao final do est\u00e1gio, o aluno dever\u00e1 apresentar um relat\u00f3rio e defend\u00ea-lo perante comiss\u00e3o designada pela Coordena\u00e7\u00e3o de Est\u00e1gio.<\/p>\r\n\r\n\r\n\r\n<p>As etapas s\u00e3o a seguir.\u00a0<\/p>\r\n\r\n\r\n\r\n<p><strong>Etapa 1: Documenta\u00e7\u00e3o (junto a coordena\u00e7\u00e3o de est\u00e1gio e monitoria) (20h)<\/strong><\/p>\r\n\r\n\r\n\r\n<p>Nesta fase, os alunos dever\u00e3o preencher e entregar os seguintes documentos:<\/p>\r\n\r\n\r\n\r\n<ul class=\"wp-block-list\">\r\n<li>Declara\u00e7\u00e3o de Matr\u00edcula (2 c\u00f3pias)<\/li>\r\n<li><a href=\"https:\/\/uepb.edu.br\/prograd\/download\/plano-de-estagio-nao-obrigatorio-2021\/?wpdmdl=23704&amp;masterkey\">Plano de Est\u00e1gio<\/a> (1 c\u00f3pia)<\/li>\r\n<li><a href=\"https:\/\/uepb.edu.br\/prograd\/download\/declaracao-de-aceite-nao-obrigatorio\/?wpdmdl=23885&amp;masterkey\">Declara\u00e7\u00e3o de Aceite de Supervis\u00e3o<\/a> (1 c\u00f3pia)<\/li>\r\n<li><a href=\"https:\/\/uepb.edu.br\/prograd\/download\/tc-nao-obrigatorio-2021\/?wpdmdl=23705&amp;masterkey\">Termo de Compromisso<\/a> (3 c\u00f3pias)\u00a0\r\n<ul>\r\n<li>(Geralmente emitido pela empresa (Concedente), em que as partes interessadas devem assinar: o estagi\u00e1rio, a Concedente e a Institui\u00e7\u00e3o de ensino. <em>A assinatura do termo de compromisso por parte da institui\u00e7\u00e3o de ensino cabe \u00e0 Pro-Reitoria de Ensino de Gradua\u00e7\u00e3o e\/ou coordenador(a) Geral de Est\u00e1gios Supervisionados<\/em>. Lembrando que os termos de compromisso dever\u00e3o estar todos compat\u00edveis as normas da lei vigente (Lei 11.788\/2008))<\/li>\r\n<\/ul>\r\n<\/li>\r\n<\/ul>\r\n\r\n\r\n\r\n\r\n\r\n<p><strong>Etapa 2: Informa\u00e7\u00f5es Gerais e Revis\u00e3o\u00a0<\/strong><strong>(20h)<\/strong><\/p>\r\n\r\n\r\n\r\n<p>O professor far\u00e1 exposi\u00e7\u00e3o sobre os conte\u00fados necess\u00e1rios para o correto andamento do est\u00e1gio.<\/p>\r\n<p><strong>Etapa 3: Realiza\u00e7\u00e3o do est\u00e1gio (300h)<\/strong><\/p>\r\n<p>Os alunos estar\u00e3o realizando o est\u00e1gio nas organiza\u00e7\u00f5es escolhidas. O professor dever\u00e1 fazer o acompanhamento semanal das atividades previstas no plano de atividades de cada aluno.<\/p>\r\n<p><strong>Etapa 4: Relat\u00f3rio Final (20h)<\/strong><\/p>\r\n<p>Os alunos dever\u00e3o produzir e entregar o relat\u00f3rio final de est\u00e1gio.<br \/>O professor dever\u00e1 acompanhar a elabora\u00e7\u00e3o do relat\u00f3rio final e realizar a avalia\u00e7\u00e3o final do aluno.\u00a0<br \/>Documentos necess\u00e1rio:<\/p>\r\n\r\n\r\n\r\n<ul class=\"wp-block-list\">\r\n<li><a href=\"https:\/\/drive.google.com\/file\/d\/11AAlBlVnh1p0vu8mREdjqbKvrdp_i8kT\/view\" target=\"_blank\" rel=\"noreferrer noopener\">Modelo para Elabora\u00e7\u00e3o do Relat\u00f3rio Final<\/a><\/li>\r\n<li><a href=\"https:\/\/drive.google.com\/file\/d\/1IYnNJWQRBPr4zZR0i61kTomvq5gU99Hr\/view\" target=\"_blank\" rel=\"noreferrer noopener\">Modelo para Elabora\u00e7\u00e3o de Convalida\u00e7\u00e3o de Est\u00e1gio<\/a><\/li>\r\n<\/ul>\r\n\r\n\r\n\r\n<p><em>obs: por decis\u00e3o do NDE do curso, ao cursar a disciplina de est\u00e1gio o aluno estar\u00e1 dispensado de seis disciplinas eletivas.<\/em><\/p>\r\n","protected":false},"excerpt":{"rendered":"<p>O curso de Bacharelado em Ci\u00eancia da Computa\u00e7\u00e3o oferece 01 (uma) disciplina Eletiva de Est\u00e1gio Supervisionado, totalizando uma carga hor\u00e1ria de 360 horas.\u00a0 O est\u00e1gio em Ci\u00eancia da Computa\u00e7\u00e3o consiste no desenvolvimento de atividades da \u00e1rea da Ci\u00eancia da Computa\u00e7\u00e3o em\u00a0organiza\u00e7\u00f5es, sob a supervis\u00e3o de um de seus profissionais qualificados, cujo nome\u00a0dever\u00e1 ser submetido e <a class=\"leiamais\" href=\"https:\/\/departamentos.uepb.edu.br\/comp-ccea\/estagio\/\">Leia Mais&#8230;<\/a><\/p>\n","protected":false},"author":21,"featured_media":0,"parent":0,"menu_order":0,"comment_status":"closed","ping_status":"closed","template":"","meta":{"jetpack_post_was_ever_published":false,"footnotes":""},"class_list":["post-152","page","type-page","status-publish","hentry"],"jetpack_sharing_enabled":true,"jetpack_shortlink":"https:\/\/wp.me\/PaWyUo-2s","_links":{"self":[{"href":"https:\/\/departamentos.uepb.edu.br\/comp-ccea\/wp-json\/wp\/v2\/pages\/152","targetHints":{"allow":["GET"]}}],"collection":[{"href":"https:\/\/departamentos.uepb.edu.br\/comp-ccea\/wp-json\/wp\/v2\/pages"}],"about":[{"href":"https:\/\/departamentos.uepb.edu.br\/comp-ccea\/wp-json\/wp\/v2\/types\/page"}],"author":[{"embeddable":true,"href":"https:\/\/departamentos.uepb.edu.br\/comp-ccea\/wp-json\/wp\/v2\/users\/21"}],"replies":[{"embeddable":true,"href":"https:\/\/departamentos.uepb.edu.br\/comp-ccea\/wp-json\/wp\/v2\/comments?post=152"}],"version-history":[{"count":6,"href":"https:\/\/departamentos.uepb.edu.br\/comp-ccea\/wp-json\/wp\/v2\/pages\/152\/revisions"}],"predecessor-version":[{"id":577,"href":"https:\/\/departamentos.uepb.edu.br\/comp-ccea\/wp-json\/wp\/v2\/pages\/152\/revisions\/577"}],"wp:attachment":[{"href":"https:\/\/departamentos.uepb.edu.br\/comp-ccea\/wp-json\/wp\/v2\/media?parent=152"}],"curies":[{"name":"wp","href":"https:\/\/api.w.org\/{rel}","templated":true}]}}