{"id":155,"date":"2019-06-16T22:15:19","date_gmt":"2019-06-17T01:15:19","guid":{"rendered":"https:\/\/departamentos.uepb.edu.br\/comp-ccea\/?page_id=155"},"modified":"2024-08-01T14:19:37","modified_gmt":"2024-08-01T17:19:37","slug":"fale-conosco","status":"publish","type":"page","link":"https:\/\/departamentos.uepb.edu.br\/comp-ccea\/fale-conosco\/","title":{"rendered":"Fale Conosco"},"content":{"rendered":"<div class=\"wpb-content-wrapper\"><p>[vc_row][vc_column width=&#8221;2\/5&#8243;][vc_column_text css=&#8221;&#8221;]<strong>Coordena\u00e7\u00e3o do Curso de Ci\u00eancia de Computa\u00e7\u00e3o \/ CCEA \/ Campus VII<\/strong><\/p>\n<ul class=\"wp-block-list\">\n<li>Juc\u00e9lio Soares dos Santos (Coordenador)<\/li>\n<li>Ros\u00e2ngela de Ara\u00fajo Medeiros (Coordenadora Adjunta)<\/li>\n<\/ul>\n<p><strong>E-mail<\/strong>: coord.computacao.ccea@setor.uepb.edu.br<\/p>\n<p><strong>Telefones<\/strong>: (83)\u00a03421-1475\/3421-3251 Ramal 25<\/p>\n<p><strong>Redes sociais:<br \/>\n<\/strong><\/p>\n<ul>\n<li><strong>Instagram<\/strong>:\u00a0<a href=\"https:\/\/www.instagram.com\/computacao.ccea\/\" target=\"_blank\" rel=\"noreferrer noopener\">@computacao.ccea<\/a><\/li>\n<li><strong>Facebook<\/strong>:\u00a0<a href=\"https:\/\/www.facebook.com\/computacaoccea\/\" target=\"_blank\" rel=\"noreferrer noopener\">Computa\u00e7\u00e3o CCEA<\/a>.<\/li>\n<li><strong>Ouvidoria<\/strong>:\u00a0<a href=\"https:\/\/departamentos.uepb.edu.br\/comp-ccea\/ouvidoria\/\" target=\"_blank\" rel=\"noreferrer noopener\" aria-label=\" (opens in a new tab)\">Ouvidoria<\/a>.<\/li>\n<\/ul>\n<p>[\/vc_column_text][\/vc_column][vc_column width=&#8221;3\/5&#8243;][vc_text_separator title=&#8221;Redes Sociais&#8221; title_align=&#8221;separator_align_left&#8221; css=&#8221;&#8221;][vc_column_text css=&#8221;&#8221;]<\/p>\n<div class=\"mdl-cell mdl-cell--12-col\">\n<p class=\"title\"><span style=\"font-size: 16px;\">Nossas redes sociais s\u00e3o os canais de comunica\u00e7\u00e3o para consulta de informa\u00e7\u00f5es gerais sobre os eventos que est\u00e3o acontecendo na Universidade, siga nossos perfis e fique por dentro das atividades e datas em realiza\u00e7\u00e3o no Campus VII:<\/span><\/p>\n<\/div>\n<div class=\"mdl-cell mdl-cell--12-col\">\n<ul>\n<li>Curso de Ci\u00eancia da Computa\u00e7\u00e3o:\u00a0<a href=\"http:\/\/instagram.com\/computacao.ccea\">@computacao.ccea<\/a><\/li>\n<li>Congresso Sertanejo de Computa\u00e7\u00e3o no Instagram:\u00a0<a href=\"http:\/\/instagram.com\/sercomppb\">@sercomppb<\/a><\/li>\n<li>Centro Acad\u00eamico de Ci\u00eancia Computa\u00e7\u00e3o no Instagram:\u00a0<a href=\"http:\/\/instagram.com\/cacc_uepb\">@cacc_uepb<\/a><\/li>\n<li>Associa\u00e7\u00e3o Atl\u00e9tica Acad\u00eamica de Ci\u00eancia da Computa\u00e7\u00e3o:\u00a0<a href=\"https:\/\/www.instagram.com\/atleticarevoadapb\/\">@atleticarevoadauepb<\/a><\/li>\n<li>P\u00e1gina da <a href=\"https:\/\/departamentos.uepb.edu.br\/comp-ccea\/ouvidoria\/\">Ouvidoria do curso de Computa\u00e7\u00e3o do Campus VII<\/a><\/li>\n<li>Nossa p\u00e1gina no Facebook <a href=\"https:\/\/www.facebook.com\/computacaoccea\/\" target=\"_blank\" rel=\"noreferrer noopener\">Computa\u00e7\u00e3o CCEA<\/a> e grupo do curso <a href=\"https:\/\/www.facebook.com\/groups\/LicCompPatos\/\">Computa\u00e7\u00e3o do Campus VII no Facebook<\/a>.<\/li>\n<\/ul>\n<\/div>\n<p>[\/vc_column_text][\/vc_column][\/vc_row]<\/p>\n<\/div>","protected":false},"excerpt":{"rendered":"<p>[vc_row][vc_column width=&#8221;2\/5&#8243;][vc_column_text css=&#8221;&#8221;]Coordena\u00e7\u00e3o do Curso de Ci\u00eancia de Computa\u00e7\u00e3o \/ CCEA \/ Campus VII Juc\u00e9lio Soares dos Santos (Coordenador) Ros\u00e2ngela de Ara\u00fajo Medeiros (Coordenadora Adjunta) E-mail: coord.computacao.ccea@setor.uepb.edu.br Telefones: (83)\u00a03421-1475\/3421-3251 Ramal 25 Redes sociais: Instagram:\u00a0@computacao.ccea Facebook:\u00a0Computa\u00e7\u00e3o CCEA. Ouvidoria:\u00a0Ouvidoria. [\/vc_column_text][\/vc_column][vc_column width=&#8221;3\/5&#8243;][vc_text_separator title=&#8221;Redes Sociais&#8221; title_align=&#8221;separator_align_left&#8221; css=&#8221;&#8221;][vc_column_text css=&#8221;&#8221;] Nossas redes sociais s\u00e3o os canais de comunica\u00e7\u00e3o para consulta de <a class=\"leiamais\" href=\"https:\/\/departamentos.uepb.edu.br\/comp-ccea\/fale-conosco\/\">Leia Mais&#8230;<\/a><\/p>\n","protected":false},"author":21,"featured_media":0,"parent":0,"menu_order":0,"comment_status":"closed","ping_status":"closed","template":"","meta":{"jetpack_post_was_ever_published":false,"footnotes":""},"class_list":["post-155","page","type-page","status-publish","hentry"],"jetpack_sharing_enabled":true,"jetpack_shortlink":"https:\/\/wp.me\/PaWyUo-2v","_links":{"self":[{"href":"https:\/\/departamentos.uepb.edu.br\/comp-ccea\/wp-json\/wp\/v2\/pages\/155","targetHints":{"allow":["GET"]}}],"collection":[{"href":"https:\/\/departamentos.uepb.edu.br\/comp-ccea\/wp-json\/wp\/v2\/pages"}],"about":[{"href":"https:\/\/departamentos.uepb.edu.br\/comp-ccea\/wp-json\/wp\/v2\/types\/page"}],"author":[{"embeddable":true,"href":"https:\/\/departamentos.uepb.edu.br\/comp-ccea\/wp-json\/wp\/v2\/users\/21"}],"replies":[{"embeddable":true,"href":"https:\/\/departamentos.uepb.edu.br\/comp-ccea\/wp-json\/wp\/v2\/comments?post=155"}],"version-history":[{"count":14,"href":"https:\/\/departamentos.uepb.edu.br\/comp-ccea\/wp-json\/wp\/v2\/pages\/155\/revisions"}],"predecessor-version":[{"id":590,"href":"https:\/\/departamentos.uepb.edu.br\/comp-ccea\/wp-json\/wp\/v2\/pages\/155\/revisions\/590"}],"wp:attachment":[{"href":"https:\/\/departamentos.uepb.edu.br\/comp-ccea\/wp-json\/wp\/v2\/media?parent=155"}],"curies":[{"name":"wp","href":"https:\/\/api.w.org\/{rel}","templated":true}]}}