{"id":158,"date":"2019-06-16T22:20:48","date_gmt":"2019-06-17T01:20:48","guid":{"rendered":"https:\/\/departamentos.uepb.edu.br\/comp-ccea\/?page_id=158"},"modified":"2023-09-22T11:54:47","modified_gmt":"2023-09-22T14:54:47","slug":"extensao","status":"publish","type":"page","link":"https:\/\/departamentos.uepb.edu.br\/comp-ccea\/extensao\/","title":{"rendered":"Extens\u00e3o"},"content":{"rendered":"<table style=\"text-align: center\" border=\"1\" cellspacing=\"0\" cellpadding=\"5\">\n<tbody>\n<tr style=\"font-weight: bold\">\n<td>Projetos<\/td>\n<td>Orientadores<\/td>\n<\/tr>\n<tr>\n<td>Clube de Programa\u00e7\u00e3o: Expandindo o Conhecimento em Programa\u00e7\u00e3o e Incentivando a Cultura de Competi\u00e7\u00f5es<\/td>\n<td>Janderson Jason Barbosa Aguiar<\/td>\n<\/tr>\n<tr>\n<td>Cursinho de Computa\u00e7\u00e3o: Estudos para ENADE e Concursos Diversos<\/td>\n<td>Janderson Jason Barbosa Aguiar<\/td>\n<\/tr>\n<tr>\n<td>Consolida\u00e7\u00e3o da Empresa J\u00fanior do Curso de Computa\u00e7\u00e3o da Universidade Estadual da Para\u00edba &#8211; Campus VII &#8211; KNEX<\/td>\n<td>Demetrio Gomes Mestre<\/td>\n<\/tr>\n<tr>\n<td>Experimenta\u00e7\u00f5es Did\u00e1ticas no Ensino Superior em Tempos C\u00edbridos<\/td>\n<td>Ros\u00e2ngela de Araujo Medeiros<\/td>\n<\/tr>\n<tr>\n<td>Fala, Computa\u00e7\u00e3o<\/td>\n<td>Ros\u00e2ngela de Araujo Medeiros<\/td>\n<\/tr>\n<tr>\n<td>Hermes: Pr\u00e1tica Pedag\u00f3gica para a Forma\u00e7\u00e3o Cont\u00ednua do Futuro Profissional em Computa\u00e7\u00e3o e para a Divulga\u00e7\u00e3o do Curso de Bacharelado em Ci\u00eancia da Computa\u00e7\u00e3o<\/td>\n<td>Pablo Ribeiro Su\u00e1rez<\/td>\n<\/tr>\n<tr>\n<td>Logical Space: Criando Espa\u00e7os para o Ensino de L\u00f3gica de Programa\u00e7\u00e3o para Alunos do Ensino Fundamental II.<\/td>\n<td>Mikaelle Oliveira Santos Gomes<\/td>\n<\/tr>\n<tr>\n<td>Brincar de Aprender: Aplica\u00e7\u00e3o de Jogos Educativos no Ensino de Crian\u00e7as Especiais<\/td>\n<td>Jannayna Domingues Barros Filgueira<\/td>\n<\/tr>\n<tr>\n<td>Pyladies \u2013 Mulheres da Computa\u00e7\u00e3o<\/td>\n<td>Jannayna Domingues Barros Filgueira<\/td>\n<\/tr>\n<tr>\n<td>Prognitive: Promovendo Habilidades Cognitivas de Programa\u00e7\u00e3o para Alunos do Ensino M\u00e9dio, T\u00e9cnico e Profissionalizante da Regi\u00e3o de Patos-PB.<\/td>\n<td>Jucelio Soares dos Santos<\/td>\n<\/tr>\n<\/tbody>\n<\/table>\n","protected":false},"excerpt":{"rendered":"<p>Projetos Orientadores Clube de Programa\u00e7\u00e3o: Expandindo o Conhecimento em Programa\u00e7\u00e3o e Incentivando a Cultura de Competi\u00e7\u00f5es Janderson Jason Barbosa Aguiar Cursinho de Computa\u00e7\u00e3o: Estudos para ENADE e Concursos Diversos Janderson Jason Barbosa Aguiar Consolida\u00e7\u00e3o da Empresa J\u00fanior do Curso de Computa\u00e7\u00e3o da Universidade Estadual da Para\u00edba &#8211; Campus VII &#8211; KNEX Demetrio Gomes Mestre Experimenta\u00e7\u00f5es <a class=\"leiamais\" href=\"https:\/\/departamentos.uepb.edu.br\/comp-ccea\/extensao\/\">Leia Mais&#8230;<\/a><\/p>\n","protected":false},"author":21,"featured_media":0,"parent":0,"menu_order":0,"comment_status":"closed","ping_status":"closed","template":"","meta":{"jetpack_post_was_ever_published":false,"footnotes":""},"class_list":["post-158","page","type-page","status-publish","hentry"],"jetpack_sharing_enabled":true,"jetpack_shortlink":"https:\/\/wp.me\/PaWyUo-2y","_links":{"self":[{"href":"https:\/\/departamentos.uepb.edu.br\/comp-ccea\/wp-json\/wp\/v2\/pages\/158","targetHints":{"allow":["GET"]}}],"collection":[{"href":"https:\/\/departamentos.uepb.edu.br\/comp-ccea\/wp-json\/wp\/v2\/pages"}],"about":[{"href":"https:\/\/departamentos.uepb.edu.br\/comp-ccea\/wp-json\/wp\/v2\/types\/page"}],"author":[{"embeddable":true,"href":"https:\/\/departamentos.uepb.edu.br\/comp-ccea\/wp-json\/wp\/v2\/users\/21"}],"replies":[{"embeddable":true,"href":"https:\/\/departamentos.uepb.edu.br\/comp-ccea\/wp-json\/wp\/v2\/comments?post=158"}],"version-history":[{"count":10,"href":"https:\/\/departamentos.uepb.edu.br\/comp-ccea\/wp-json\/wp\/v2\/pages\/158\/revisions"}],"predecessor-version":[{"id":572,"href":"https:\/\/departamentos.uepb.edu.br\/comp-ccea\/wp-json\/wp\/v2\/pages\/158\/revisions\/572"}],"wp:attachment":[{"href":"https:\/\/departamentos.uepb.edu.br\/comp-ccea\/wp-json\/wp\/v2\/media?parent=158"}],"curies":[{"name":"wp","href":"https:\/\/api.w.org\/{rel}","templated":true}]}}