{"id":161,"date":"2019-06-16T22:33:50","date_gmt":"2019-06-17T01:33:50","guid":{"rendered":"https:\/\/departamentos.uepb.edu.br\/comp-ccea\/?page_id=161"},"modified":"2023-09-22T10:33:33","modified_gmt":"2023-09-22T13:33:33","slug":"monitoria","status":"publish","type":"page","link":"https:\/\/departamentos.uepb.edu.br\/comp-ccea\/monitoria\/","title":{"rendered":"Monitoria"},"content":{"rendered":"\r\n<p class=\"has-medium-font-size\"><strong>Lista de Monitores<\/strong><\/p>\r\n<p>Uma modalidade de ensino desenvolvida por um discente e supervisionada por um docente, para que o discente possa adquirir pr\u00e1ticas docentes auxiliando o docente nas aulas e ajudando os alunos.<\/p>\r\n<p>O edital de monitoria e anexos est\u00e3o dispon\u00edveis <a href=\"https:\/\/uepb.edu.br\/pro-reitoria-de-graduacao-divulga-edital-para-selecao-do-programa-de-monitoria-do-semestre-letivo-2023-2\/\">AQUI<\/a>, mas quaisquer d\u00favidas podem ser resolvidas entrando em contato com a coordena\u00e7\u00e3o de Monitoria.<\/p>\r\n<p><strong>Email: <a href=\"mailto:monitoriaestagioccea@gmail.com\">monitoriaestagioccea@gmail.com<\/a><\/strong><\/p>\r\n<p class=\"has-medium-font-size\"><strong>Sele\u00e7\u00e3o 2023.2 &#8211; Resultado Final<\/strong><\/p>\r\n<p>Para visualizar resultado completo da sele\u00e7\u00e3o clique <a href=\"https:\/\/docs.google.com\/document\/d\/1j4eVmmjTMYd6dJB0LgU9BxK0EcUpnGel\/edit?usp=sharing&amp;ouid=106094340479761529850&amp;rtpof=true&amp;sd=true\">AQUI<\/a>.<\/p>\r\n<p><\/p>\r\n<table style=\"text-align: center\" border=\"1\" cellspacing=\"0\" cellpadding=\"5\">\r\n<tbody>\r\n<tr style=\"font-weight: bold\">\r\n<td>Componente Curricular<\/td>\r\n<td>Monitor(a)<\/td>\r\n<td>Per\u00edodo de Atua\u00e7\u00e3o<\/td>\r\n<td>Email<\/td>\r\n<\/tr>\r\n<tr>\r\n<td>Algoritmos<\/td>\r\n<td>Eric Luiz Lendro Soares<\/td>\r\n<td>2023.2 &#8211; 2024.1<\/td>\r\n<td>eric.soares@aluno.uepb.edu.br<\/td>\r\n<\/tr>\r\n<tr>\r\n<td>Algoritmos<\/td>\r\n<td>Lucas de Medeiros Trindade<\/td>\r\n<td>2023.2 &#8211; 2024.1<\/td>\r\n<td>lucas.trindade@aluno.uepb.edu.br<\/td>\r\n<\/tr>\r\n<tr>\r\n<td>Algoritmos<\/td>\r\n<td>Alison da Costa Silva<\/td>\r\n<td>2023.2 &#8211; 2024.1<\/td>\r\n<td>alison.costa@aluno.uepb.edu.br<\/td>\r\n<\/tr>\r\n<tr>\r\n<td>Algoritmos<\/td>\r\n<td>Beatriz Wanderley Gomes<\/td>\r\n<td>2023.2 &#8211; 2024.1<\/td>\r\n<td>beatriz.gomes@aluno.uepb.edu.br<\/td>\r\n<\/tr>\r\n<tr>\r\n<td>Algoritmos<\/td>\r\n<td>William Pereira de Almeida<\/td>\r\n<td>2023.2 &#8211; 2024.1<\/td>\r\n<td>william.pereira@aluno.uepb.edu.br<\/td>\r\n<\/tr>\r\n<tr>\r\n<td>Algoritmos<\/td>\r\n<td>Vit\u00f3rio Gomes de Freitas<\/td>\r\n<td>2023.2 &#8211; 2024.1<\/td>\r\n<td>vitorio.freitas@aluno.uepb.edu.br<\/td>\r\n<\/tr>\r\n<tr>\r\n<td>An\u00e1lise e Projeto de Sistemas<\/td>\r\n<td>Ronildo Lima dos Santos Junior<\/td>\r\n<td>2023.1 &#8211; 2023.2<\/td>\r\n<td>ronildo.junior@aluno.uepb.edu.br<\/td>\r\n<\/tr>\r\n<tr>\r\n<td>Banco de Dados<\/td>\r\n<td>Componente Curricular<\/td>\r\n<td>2023.1 &#8211; 2023.2<\/td>\r\n<td>cassio.urtiga@aluno.uepb.edu.br<\/td>\r\n<\/tr>\r\n<tr>\r\n<td>C\u00e1lculo Diferencial e Integral II<\/td>\r\n<td>Thulio Bezerra Alves<\/td>\r\n<td>2023.2 &#8211; 2024.1<\/td>\r\n<td>thulio.alves@aluno.uepb.edu.br<\/td>\r\n<\/tr>\r\n<tr>\r\n<td>C\u00e1lculo Diferencial e Integral II<\/td>\r\n<td>Jos\u00e9 Matheus Rodrigues Diniz<\/td>\r\n<td>2023.2 &#8211; 2024.1<\/td>\r\n<td>jose.matheus.diniz@aluno.uepb.edu.br<\/td>\r\n<\/tr>\r\n<tr>\r\n<td>C\u00e1lculo Num\u00e9rico<\/td>\r\n<td>Vit\u00f3ria Maria Albuquerque da Silva<\/td>\r\n<td>2023.2 &#8211; 2024.1<\/td>\r\n<td>vitoria.maria.albuquerque@aluno.uepb.edu.br<\/td>\r\n<\/tr>\r\n<tr>\r\n<td>Estrutura de Dados<\/td>\r\n<td>Jos\u00e9 Isaac Barbosa Aguiar<\/td>\r\n<td>2023.2 &#8211; 2024.1<\/td>\r\n<td>jose.campos@aluno.uepb.edu.br<\/td>\r\n<\/tr>\r\n<tr>\r\n<td>Introdu\u00e7\u00e3o \u00e0 Computa\u00e7\u00e3o<\/td>\r\n<td>Weverton Mamede Leite<\/td>\r\n<td>2023.2 &#8211; 2024.1<\/td>\r\n<td>weverton.leite@aluno.uepb.edu.br<\/td>\r\n<\/tr>\r\n<tr>\r\n<td>Introdu\u00e7\u00e3o \u00e0 Computa\u00e7\u00e3o<\/td>\r\n<td>Maria Camila Gon\u00e7alves Guimar\u00e3es<\/td>\r\n<td>2023.2 &#8211; 2024.1<\/td>\r\n<td>maria.camila.guimaraes@aluno.uepb.edu.br<\/td>\r\n<\/tr>\r\n<tr>\r\n<td>Lab. de Engenharia de Software<\/td>\r\n<td>Noemi Leandro Medeiros da N\u00f3brega<\/td>\r\n<td>2023.1 &#8211; 2023.2<\/td>\r\n<td>noemi.nobrega@aluno.uepb.edu.br<\/td>\r\n<\/tr>\r\n<tr>\r\n<td>Lab. de Engenharia de Software<\/td>\r\n<td>Laura Rafaella Feitosa Alves de Oliveira<\/td>\r\n<td>2023.1 &#8211; 2023.2<\/td>\r\n<td>laura.oliveira@aluno.uepb.edu.br<\/td>\r\n<\/tr>\r\n<tr>\r\n<td>Lab. de Engenharia de Software<\/td>\r\n<td>Felipe Dantas do Nascimento<\/td>\r\n<td>2023.1 &#8211; 2023.2<\/td>\r\n<td>felipe.nascimento@aluno.uepb.edu.br<\/td>\r\n<\/tr>\r\n<tr>\r\n<td>Linguagens de Programa\u00e7\u00e3o I<\/td>\r\n<td>Hugo Jordan Cirilo Teotonio<\/td>\r\n<td>2023.2 &#8211; 2024.1<\/td>\r\n<td>hugo.teotonio@aluno.uepb.edu.br<\/td>\r\n<\/tr>\r\n<tr>\r\n<td>Metodologia Cient\u00edfica<\/td>\r\n<td>Jos\u00e9 Luiz Leite de Barros Neto<\/td>\r\n<td>2023.2 &#8211; 2024.1<\/td>\r\n<td>jose.luiz.neto@aluno.uepb.edu.br<\/td>\r\n<\/tr>\r\n<tr>\r\n<td>Metodologia Cient\u00edfica<\/td>\r\n<td>Jos\u00e9 Guilherme Morato de Bizerra de Lima<\/td>\r\n<td>2023.1 &#8211; 2023.2<\/td>\r\n<td>jose.morato@aluno.uepb.edu.br<\/td>\r\n<\/tr>\r\n<tr>\r\n<td>Metodologia Cient\u00edfica<\/td>\r\n<td>Anniely Mariah Soares de Medeiros<\/td>\r\n<td>2023.1 &#8211; 2023.2<\/td>\r\n<td>anniely.medeiros@aluno.uepb.edu.br<\/td>\r\n<\/tr>\r\n<tr>\r\n<td>Metodologia Cient\u00edfica<\/td>\r\n<td>Jorge Longo da Silva Neto<\/td>\r\n<td>2023.1 &#8211; 2023.2<\/td>\r\n<td>jorge.neto@aluno.uepb.edu.br<\/td>\r\n<\/tr>\r\n<tr>\r\n<td>Paradigmas de Linguagens de Programa\u00e7\u00e3o<\/td>\r\n<td>Miqu\u00e9ias Garcia de Lucena<\/td>\r\n<td>2023.2 &#8211; 2024.1<\/td>\r\n<td>miqueias.lucena@aluno.uepb.edu.br<\/td>\r\n<\/tr>\r\n<tr>\r\n<td>Sistemas de Informa\u00e7\u00e3o<\/td>\r\n<td>Weberton Fernandes Batista<\/td>\r\n<td>2023.2 &#8211; 2024.1<\/td>\r\n<td>weberton.batista@aluno.uepb.edu.br<\/td>\r\n<\/tr>\r\n<tr>\r\n<td>Sistemas de Informa\u00e7\u00e3o<\/td>\r\n<td>Christian Vieri Santos Lucen<\/td>\r\n<td>2023.2 &#8211; 2024.1<\/td>\r\n<td>christian.lucena@aluno.uepb.edu.br<\/td>\r\n<\/tr>\r\n<tr>\r\n<td>Sistemas de Informa\u00e7\u00e3o<\/td>\r\n<td>Lucas de Lima Garreto<\/td>\r\n<td>2023.1 &#8211; 2023.2<\/td>\r\n<td>lucas.garreto@aluno.uepb.edu.br<\/td>\r\n<\/tr>\r\n<\/tbody>\r\n<\/table>","protected":false},"excerpt":{"rendered":"<p>Lista de Monitores Uma modalidade de ensino desenvolvida por um discente e supervisionada por um docente, para que o discente possa adquirir pr\u00e1ticas docentes auxiliando o docente nas aulas e ajudando os alunos. O edital de monitoria e anexos est\u00e3o dispon\u00edveis AQUI, mas quaisquer d\u00favidas podem ser resolvidas entrando em contato com a coordena\u00e7\u00e3o de <a class=\"leiamais\" href=\"https:\/\/departamentos.uepb.edu.br\/comp-ccea\/monitoria\/\">Leia Mais&#8230;<\/a><\/p>\n","protected":false},"author":21,"featured_media":0,"parent":0,"menu_order":0,"comment_status":"closed","ping_status":"closed","template":"","meta":{"jetpack_post_was_ever_published":false,"footnotes":""},"class_list":["post-161","page","type-page","status-publish","hentry"],"jetpack_sharing_enabled":true,"jetpack_shortlink":"https:\/\/wp.me\/PaWyUo-2B","_links":{"self":[{"href":"https:\/\/departamentos.uepb.edu.br\/comp-ccea\/wp-json\/wp\/v2\/pages\/161","targetHints":{"allow":["GET"]}}],"collection":[{"href":"https:\/\/departamentos.uepb.edu.br\/comp-ccea\/wp-json\/wp\/v2\/pages"}],"about":[{"href":"https:\/\/departamentos.uepb.edu.br\/comp-ccea\/wp-json\/wp\/v2\/types\/page"}],"author":[{"embeddable":true,"href":"https:\/\/departamentos.uepb.edu.br\/comp-ccea\/wp-json\/wp\/v2\/users\/21"}],"replies":[{"embeddable":true,"href":"https:\/\/departamentos.uepb.edu.br\/comp-ccea\/wp-json\/wp\/v2\/comments?post=161"}],"version-history":[{"count":12,"href":"https:\/\/departamentos.uepb.edu.br\/comp-ccea\/wp-json\/wp\/v2\/pages\/161\/revisions"}],"predecessor-version":[{"id":550,"href":"https:\/\/departamentos.uepb.edu.br\/comp-ccea\/wp-json\/wp\/v2\/pages\/161\/revisions\/550"}],"wp:attachment":[{"href":"https:\/\/departamentos.uepb.edu.br\/comp-ccea\/wp-json\/wp\/v2\/media?parent=161"}],"curies":[{"name":"wp","href":"https:\/\/api.w.org\/{rel}","templated":true}]}}