{"id":173,"date":"2019-06-16T23:15:02","date_gmt":"2019-06-17T02:15:02","guid":{"rendered":"https:\/\/departamentos.uepb.edu.br\/comp-ccea\/?page_id=173"},"modified":"2019-06-16T23:15:04","modified_gmt":"2019-06-17T02:15:04","slug":"apresentacao-do-curso","status":"publish","type":"page","link":"https:\/\/departamentos.uepb.edu.br\/comp-ccea\/apresentacao-do-curso\/","title":{"rendered":"Apresenta\u00e7\u00e3o do Curso"},"content":{"rendered":"\n<p>O curso de Ci\u00eancia da Computa\u00e7\u00e3o da UEPB &#8211; Campus VII deve formar profissionais capazes de desenvolver suas atividades nos mais diversos campos do conhecimento humano relacionado \u00e0 computa\u00e7\u00e3o, com profici\u00eancia, vis\u00e3o cr\u00edtica e conduta \u00e9tica. <\/p>\n\n\n\n<p>Para tal fim, buscar\u00e1 dotar o corpo discente do curso de uma s\u00f3lida e atualizada forma\u00e7\u00e3o computacional, de forma que o capacite a resolver os problemas tecnol\u00f3gicos em diversas \u00e1reas do conhecimento. Al\u00e9m disso, deve estimular sua capacidade criativa e ampliar sua curiosidade cient\u00edfica para que permita atua\u00e7\u00e3o profissional cr\u00edtica e \u00e9tica, diante dos fatos, em sintonia com as necessidades regionais e nacionais.<\/p>\n\n\n\n<p>Durante a realiza\u00e7\u00e3o do curso, o aluno encontrar\u00e1, portanto situa\u00e7\u00f5es pedag\u00f3gicas, estudos de caso, e educadores que buscar\u00e3o:<\/p>\n\n\n\n<p>\u2022 Promover uma educa\u00e7\u00e3o formadora, capaz de mobilizar e gerar atitudes, valores e saberes pr\u00f3prios para uma vida profissional plena e provedora de responsabilidades;<br> \u2022 Fornecer recursos intelectuais com vistas \u00e0 interdisciplinaridade, a comunica\u00e7\u00e3o e a articula\u00e7\u00e3o entre as diversas \u00e1reas do conhecimento;<br> \u2022 Fornecer subs\u00eddios para os egressos utilizarem os avan\u00e7os da computa\u00e7\u00e3o com o objetivo de gerar inova\u00e7\u00f5es;<br> \u2022 Desenvolver nos egressos a forma\u00e7\u00e3o em inform\u00e1tica com rigor cient\u00edfico, tecnol\u00f3gico, \u00e9tico, human\u00edstico e did\u00e1tico pedag\u00f3gico orientando-se pela pesquisa\/a\u00e7\u00e3o;<br> \u2022 Desenvolver no egresso forma\u00e7\u00e3o acad\u00eamica necess\u00e1ria para continuidade dos estudos em n\u00edvel de p\u00f3s-gradua\u00e7\u00e3o.<\/p>\n","protected":false},"excerpt":{"rendered":"<p>O curso de Ci\u00eancia da Computa\u00e7\u00e3o da UEPB &#8211; Campus VII deve formar profissionais capazes de desenvolver suas atividades nos mais diversos campos do conhecimento humano relacionado \u00e0 computa\u00e7\u00e3o, com profici\u00eancia, vis\u00e3o cr\u00edtica e conduta \u00e9tica. Para tal fim, buscar\u00e1 dotar o corpo discente do curso de uma s\u00f3lida e atualizada forma\u00e7\u00e3o computacional, de forma <a class=\"leiamais\" href=\"https:\/\/departamentos.uepb.edu.br\/comp-ccea\/apresentacao-do-curso\/\">Leia Mais&#8230;<\/a><\/p>\n","protected":false},"author":21,"featured_media":0,"parent":0,"menu_order":0,"comment_status":"closed","ping_status":"closed","template":"","meta":{"jetpack_post_was_ever_published":false,"footnotes":""},"class_list":["post-173","page","type-page","status-publish","hentry"],"jetpack_sharing_enabled":true,"jetpack_shortlink":"https:\/\/wp.me\/PaWyUo-2N","_links":{"self":[{"href":"https:\/\/departamentos.uepb.edu.br\/comp-ccea\/wp-json\/wp\/v2\/pages\/173","targetHints":{"allow":["GET"]}}],"collection":[{"href":"https:\/\/departamentos.uepb.edu.br\/comp-ccea\/wp-json\/wp\/v2\/pages"}],"about":[{"href":"https:\/\/departamentos.uepb.edu.br\/comp-ccea\/wp-json\/wp\/v2\/types\/page"}],"author":[{"embeddable":true,"href":"https:\/\/departamentos.uepb.edu.br\/comp-ccea\/wp-json\/wp\/v2\/users\/21"}],"replies":[{"embeddable":true,"href":"https:\/\/departamentos.uepb.edu.br\/comp-ccea\/wp-json\/wp\/v2\/comments?post=173"}],"version-history":[{"count":1,"href":"https:\/\/departamentos.uepb.edu.br\/comp-ccea\/wp-json\/wp\/v2\/pages\/173\/revisions"}],"predecessor-version":[{"id":174,"href":"https:\/\/departamentos.uepb.edu.br\/comp-ccea\/wp-json\/wp\/v2\/pages\/173\/revisions\/174"}],"wp:attachment":[{"href":"https:\/\/departamentos.uepb.edu.br\/comp-ccea\/wp-json\/wp\/v2\/media?parent=173"}],"curies":[{"name":"wp","href":"https:\/\/api.w.org\/{rel}","templated":true}]}}