{"id":175,"date":"2019-06-16T23:19:38","date_gmt":"2019-06-17T02:19:38","guid":{"rendered":"https:\/\/departamentos.uepb.edu.br\/comp-ccea\/?page_id=175"},"modified":"2019-06-16T23:19:44","modified_gmt":"2019-06-17T02:19:44","slug":"perfil-do-egresso","status":"publish","type":"page","link":"https:\/\/departamentos.uepb.edu.br\/comp-ccea\/perfil-do-egresso\/","title":{"rendered":"Perfil do Egresso"},"content":{"rendered":"\n<p>O perfil do profissional formado \u00e9 o de um cientista de computa\u00e7\u00e3o. Esse deve reunir conhecimentos b\u00e1sicos para a aplica\u00e7\u00e3o da ci\u00eancia e da tecnologia, para o desenvolvimento tecnol\u00f3gico e desenvolvimento cient\u00edfico, possuir atua\u00e7\u00e3o profissional voltada para a qualidade, o compromisso social,  compromisso organizacional e a \u00e9tica. <\/p>\n\n\n\n<p>O Bacharel em Ci\u00eancia da Computa\u00e7\u00e3o ter\u00e1 base interdisciplinar e tecnologicamente generalista, mas com possibilidade de especializa\u00e7\u00e3o em alguma \u00e1rea de sua escolha, o que permite grande flexibilidade de atua\u00e7\u00e3o em v\u00e1rias \u00e1reas do conhecimento que requerem o dom\u00ednio de t\u00e9cnicas computacionais. Dever\u00e3o possuir capacidade de racioc\u00ednio l\u00f3gico e abstrato, compreender e aplicar conceitos, princ\u00edpios e pr\u00e1ticas essenciais no contexto de cen\u00e1rios bem definidos, mostrando discernimento na sele\u00e7\u00e3o e aplica\u00e7\u00e3o de t\u00e9cnicas e ferramentas. <\/p>\n\n\n\n<p>Dentre outras coisas, esse profissional \u00e9 capaz de projetar, implementar, implantar, manter e operar ambientes computacionais para solucionar problemas nas diversas \u00e1reas de aplica\u00e7\u00e3o do curso, com s\u00f3lido embasamento cient\u00edfico-tecnol\u00f3gico. <\/p>\n\n\n\n<p>Visando o exerc\u00edcio profissional em Computa\u00e7\u00e3o, em \u00e2mbito regional e nacional, o egresso do curso de bacharelado em Ci\u00eancia da Computa\u00e7\u00e3o dever\u00e1 ser capaz de:<\/p>\n\n\n\n<ul class=\"wp-block-list\"><li>Projetar e construir modelos computacionais para aplica\u00e7\u00f5es de naturezas diversas;<\/li><li>Oferecer suporte e gerenciamento no setor tecnol\u00f3gico;<\/li><li>Desenvolver aplica\u00e7\u00f5es para redes de computadores;<\/li><li>Racionaliza\u00e7\u00e3o, sele\u00e7\u00e3o e administra\u00e7\u00e3o de recursos de hardware;<\/li><li>Desenvolvimento de interfaces e aplicativos para automa\u00e7\u00e3o;<\/li><li>Administra\u00e7\u00e3o de Bancos de Dados;<\/li><li>Ger\u00eancia em Inform\u00e1tica, desenvolvendo atividades de planejamento e execu\u00e7\u00e3o de tarefas pertinentes \u00e0 \u00e1rea;<\/li><li>Desenvolvimento de sistemas aplicativos comerciais ou cient\u00edficos;<\/li><li>Pesquisa de novos modelos computacionais;<\/li><li>Pesquisa em \u00e1reas afins \u00e0 computa\u00e7\u00e3o.<\/li><\/ul>\n\n\n\n<p>O mercado de trabalho para o profissional de Ci\u00eancia da Computa\u00e7\u00e3o \u00e9 um dos mais carentes e promissores. Visto que, a necessidade por profissionais especializados e de pesquisadores de novas tecnologias na \u00e1rea cresce diariamente nas empresas interessadas em aplicar a tecnologia da informa\u00e7\u00e3o como instrumento para automa\u00e7\u00e3o do seu processo organizacional.<\/p>\n\n\n\n<p>Assim, o Bacharel em Ci\u00eancia da Computa\u00e7\u00e3o pode exercer diversas fun\u00e7\u00f5es em empresas que utilizem tecnologia da informa\u00e7\u00e3o, tais como empreendedor, consultor, coordenador de equipe, membro de equipe ou pesquisador. Dentro dessas fun\u00e7\u00f5es os formandos podem atuar em cargos como engenheiro de software, programador, desenvolvedor, analista de sistema, gerente de projetos, engenheiro de redes, gerente de redes, auditor de sistemas e v\u00e1rias outras denomina\u00e7\u00f5es de cargos e fun\u00e7\u00f5es.<\/p>\n\n\n\n<p>Al\u00e9m da inser\u00e7\u00e3o no mercado de trabalho, o aluno egresso tem a possibilidade de seguir seus estudo em um curso de p\u00f3s-gradua\u00e7\u00e3o, tanto Lato-Sensu quanto \u2013 Especializa\u00e7\u00e3o, quanto Stricto-Sensu \u2013 Mestrado e Doutorado.<\/p>\n","protected":false},"excerpt":{"rendered":"<p>O perfil do profissional formado \u00e9 o de um cientista de computa\u00e7\u00e3o. Esse deve reunir conhecimentos b\u00e1sicos para a aplica\u00e7\u00e3o da ci\u00eancia e da tecnologia, para o desenvolvimento tecnol\u00f3gico e desenvolvimento cient\u00edfico, possuir atua\u00e7\u00e3o profissional voltada para a qualidade, o compromisso social, compromisso organizacional e a \u00e9tica. O Bacharel em Ci\u00eancia da Computa\u00e7\u00e3o ter\u00e1 base <a class=\"leiamais\" href=\"https:\/\/departamentos.uepb.edu.br\/comp-ccea\/perfil-do-egresso\/\">Leia Mais&#8230;<\/a><\/p>\n","protected":false},"author":21,"featured_media":0,"parent":0,"menu_order":0,"comment_status":"closed","ping_status":"closed","template":"","meta":{"jetpack_post_was_ever_published":false,"footnotes":""},"class_list":["post-175","page","type-page","status-publish","hentry"],"jetpack_sharing_enabled":true,"jetpack_shortlink":"https:\/\/wp.me\/PaWyUo-2P","_links":{"self":[{"href":"https:\/\/departamentos.uepb.edu.br\/comp-ccea\/wp-json\/wp\/v2\/pages\/175","targetHints":{"allow":["GET"]}}],"collection":[{"href":"https:\/\/departamentos.uepb.edu.br\/comp-ccea\/wp-json\/wp\/v2\/pages"}],"about":[{"href":"https:\/\/departamentos.uepb.edu.br\/comp-ccea\/wp-json\/wp\/v2\/types\/page"}],"author":[{"embeddable":true,"href":"https:\/\/departamentos.uepb.edu.br\/comp-ccea\/wp-json\/wp\/v2\/users\/21"}],"replies":[{"embeddable":true,"href":"https:\/\/departamentos.uepb.edu.br\/comp-ccea\/wp-json\/wp\/v2\/comments?post=175"}],"version-history":[{"count":1,"href":"https:\/\/departamentos.uepb.edu.br\/comp-ccea\/wp-json\/wp\/v2\/pages\/175\/revisions"}],"predecessor-version":[{"id":176,"href":"https:\/\/departamentos.uepb.edu.br\/comp-ccea\/wp-json\/wp\/v2\/pages\/175\/revisions\/176"}],"wp:attachment":[{"href":"https:\/\/departamentos.uepb.edu.br\/comp-ccea\/wp-json\/wp\/v2\/media?parent=175"}],"curies":[{"name":"wp","href":"https:\/\/api.w.org\/{rel}","templated":true}]}}