{"id":179,"date":"2019-06-16T23:27:55","date_gmt":"2019-06-17T02:27:55","guid":{"rendered":"https:\/\/departamentos.uepb.edu.br\/comp-ccea\/?page_id=179"},"modified":"2019-06-16T23:27:57","modified_gmt":"2019-06-17T02:27:57","slug":"duracao-do-curso","status":"publish","type":"page","link":"https:\/\/departamentos.uepb.edu.br\/comp-ccea\/duracao-do-curso\/","title":{"rendered":"Dura\u00e7\u00e3o do Curso"},"content":{"rendered":"\n<p>O tempo de conclus\u00e3o do curso de Bacharelado em Ci\u00eancia da Computa\u00e7\u00e3o em conformidade com a Resolu\u00e7\u00e3o CONSUNI\/UEPB 2, DE 19 de fevereiro de 2016 ser\u00e1 efetivado mediante a integraliza\u00e7\u00e3o de 3080 (tr\u00eas mil e oitenta) horas, nas quais a articula\u00e7\u00e3o teoria-pr\u00e1tica garanta, nos termos dos seus projetos pedag\u00f3gicos, as seguintes dimens\u00f5es dos componentes comuns:<\/p>\n\n\n\n<p><br>I \u2013  2.880 (duas mil oitocentos e oitenta) horas de aulas para os conte\u00fados<br>curriculares de natureza cient\u00edfica-cultural; (necess\u00e1rias para integraliza\u00e7\u00e3o)<br>II \u2013 200 (duzentas) horas para outras formas de atividades<br>acad\u00eamico-cient\u00edfico-culturais; (necess\u00e1rias para integraliza\u00e7\u00e3o)<br>III \u2013 300 (trezentas) horas para disciplinas optativas de car\u00e1ter n\u00e3o<br>obrigat\u00f3rio. (necess\u00e1rias para integraliza\u00e7\u00e3o)<br>IV \u2013 360 (trezentos e sessenta) horas para est\u00e1gio optativo n\u00e3o obrigat\u00f3rio, que podem dispensar parte do item III.<br>V \u2013 90 (noventa) horas para disciplinas optativas de car\u00e1ter &#8220;livre&#8221; (em outros cursos da mesma institui\u00e7\u00e3o, por exemplo), que podem dispensar parte do item III.<\/p>\n","protected":false},"excerpt":{"rendered":"<p>O tempo de conclus\u00e3o do curso de Bacharelado em Ci\u00eancia da Computa\u00e7\u00e3o em conformidade com a Resolu\u00e7\u00e3o CONSUNI\/UEPB 2, DE 19 de fevereiro de 2016 ser\u00e1 efetivado mediante a integraliza\u00e7\u00e3o de 3080 (tr\u00eas mil e oitenta) horas, nas quais a articula\u00e7\u00e3o teoria-pr\u00e1tica garanta, nos termos dos seus projetos pedag\u00f3gicos, as seguintes dimens\u00f5es dos componentes comuns: <a class=\"leiamais\" href=\"https:\/\/departamentos.uepb.edu.br\/comp-ccea\/duracao-do-curso\/\">Leia Mais&#8230;<\/a><\/p>\n","protected":false},"author":21,"featured_media":0,"parent":0,"menu_order":0,"comment_status":"closed","ping_status":"closed","template":"","meta":{"jetpack_post_was_ever_published":false,"footnotes":""},"class_list":["post-179","page","type-page","status-publish","hentry"],"jetpack_sharing_enabled":true,"jetpack_shortlink":"https:\/\/wp.me\/PaWyUo-2T","_links":{"self":[{"href":"https:\/\/departamentos.uepb.edu.br\/comp-ccea\/wp-json\/wp\/v2\/pages\/179","targetHints":{"allow":["GET"]}}],"collection":[{"href":"https:\/\/departamentos.uepb.edu.br\/comp-ccea\/wp-json\/wp\/v2\/pages"}],"about":[{"href":"https:\/\/departamentos.uepb.edu.br\/comp-ccea\/wp-json\/wp\/v2\/types\/page"}],"author":[{"embeddable":true,"href":"https:\/\/departamentos.uepb.edu.br\/comp-ccea\/wp-json\/wp\/v2\/users\/21"}],"replies":[{"embeddable":true,"href":"https:\/\/departamentos.uepb.edu.br\/comp-ccea\/wp-json\/wp\/v2\/comments?post=179"}],"version-history":[{"count":1,"href":"https:\/\/departamentos.uepb.edu.br\/comp-ccea\/wp-json\/wp\/v2\/pages\/179\/revisions"}],"predecessor-version":[{"id":180,"href":"https:\/\/departamentos.uepb.edu.br\/comp-ccea\/wp-json\/wp\/v2\/pages\/179\/revisions\/180"}],"wp:attachment":[{"href":"https:\/\/departamentos.uepb.edu.br\/comp-ccea\/wp-json\/wp\/v2\/media?parent=179"}],"curies":[{"name":"wp","href":"https:\/\/api.w.org\/{rel}","templated":true}]}}