{"id":183,"date":"2021-03-10T23:40:33","date_gmt":"2021-03-11T02:40:33","guid":{"rendered":"https:\/\/departamentos.uepb.edu.br\/comp-ccea\/?page_id=183"},"modified":"2023-09-22T11:20:20","modified_gmt":"2023-09-22T14:20:20","slug":"horario-de-aulas","status":"publish","type":"page","link":"https:\/\/departamentos.uepb.edu.br\/comp-ccea\/horario-de-aulas\/","title":{"rendered":"Hor\u00e1rio de Aulas"},"content":{"rendered":"\r\n<p>Acesse os hor\u00e1rios de aulas do curso de Ci\u00eancia da Computa\u00e7\u00e3o &#8211; Campus VII, bem como as disponibilidades de cada um dos docentes <a href=\"https:\/\/docs.google.com\/spreadsheets\/d\/1z9XziC42Zni7tPGLLbBYPcWOXLeAXT9do6BoEeLPHQ4\/edit#gid=1095555404\">AQUI<\/a>.<\/p>\r\n<p>&nbsp;<\/p>\r\n\r\n\r\n","protected":false},"excerpt":{"rendered":"<p>Acesse os hor\u00e1rios de aulas do curso de Ci\u00eancia da Computa\u00e7\u00e3o &#8211; Campus VII, bem como as disponibilidades de cada um dos docentes AQUI. &nbsp;<\/p>\n","protected":false},"author":21,"featured_media":0,"parent":0,"menu_order":0,"comment_status":"closed","ping_status":"closed","template":"","meta":{"jetpack_post_was_ever_published":false,"footnotes":""},"class_list":["post-183","page","type-page","status-publish","hentry"],"jetpack_sharing_enabled":true,"jetpack_shortlink":"https:\/\/wp.me\/PaWyUo-2X","_links":{"self":[{"href":"https:\/\/departamentos.uepb.edu.br\/comp-ccea\/wp-json\/wp\/v2\/pages\/183","targetHints":{"allow":["GET"]}}],"collection":[{"href":"https:\/\/departamentos.uepb.edu.br\/comp-ccea\/wp-json\/wp\/v2\/pages"}],"about":[{"href":"https:\/\/departamentos.uepb.edu.br\/comp-ccea\/wp-json\/wp\/v2\/types\/page"}],"author":[{"embeddable":true,"href":"https:\/\/departamentos.uepb.edu.br\/comp-ccea\/wp-json\/wp\/v2\/users\/21"}],"replies":[{"embeddable":true,"href":"https:\/\/departamentos.uepb.edu.br\/comp-ccea\/wp-json\/wp\/v2\/comments?post=183"}],"version-history":[{"count":18,"href":"https:\/\/departamentos.uepb.edu.br\/comp-ccea\/wp-json\/wp\/v2\/pages\/183\/revisions"}],"predecessor-version":[{"id":336,"href":"https:\/\/departamentos.uepb.edu.br\/comp-ccea\/wp-json\/wp\/v2\/pages\/183\/revisions\/336"}],"wp:attachment":[{"href":"https:\/\/departamentos.uepb.edu.br\/comp-ccea\/wp-json\/wp\/v2\/media?parent=183"}],"curies":[{"name":"wp","href":"https:\/\/api.w.org\/{rel}","templated":true}]}}