{"id":192,"date":"2019-06-17T00:28:38","date_gmt":"2019-06-17T03:28:38","guid":{"rendered":"https:\/\/departamentos.uepb.edu.br\/comp-ccea\/?page_id=192"},"modified":"2019-06-17T00:28:41","modified_gmt":"2019-06-17T03:28:41","slug":"nucleo-docente-estruturante","status":"publish","type":"page","link":"https:\/\/departamentos.uepb.edu.br\/comp-ccea\/nucleo-docente-estruturante\/","title":{"rendered":"N\u00facleo Docente Estruturante"},"content":{"rendered":"<p><strong>Apresenta\u00e7\u00e3o<\/strong><\/p>\n<p>O N\u00facleo Docente Estruturante \u2013 NDE foi criado pela Portaria do MEC n\u00ba 147, de 2 de fevereiro de 2007 e Normatizado pela Resolu\u00e7\u00e3o CONAES N\u00ba 01 de 17 de Junho de 2010. Seu intuito \u00e9 de qualificar o envolvimento docente no processo de concep\u00e7\u00e3o e consolida\u00e7\u00e3o de um curso de gradua\u00e7\u00e3o.<\/p>\n<p>O NDE tem como fun\u00e7\u00e3o realizar o permanente processo de avalia\u00e7\u00e3o, acompanhamento, concep\u00e7\u00e3o, consolida\u00e7\u00e3o e cont\u00ednua atualiza\u00e7\u00e3o do Projeto Pedag\u00f3gico do Curso (PPC).<\/p>\n<p><strong>Atribui\u00e7\u00f5es do NDE<\/strong><\/p>\n<p>1. Contribuir para a consolida\u00e7\u00e3o do perfil profissional do egresso do curso;<\/p>\n<p>2. Zelar pela integra\u00e7\u00e3o curricular interdisciplinar entre as diferentes atividades de ensino constantes no curr\u00edculo;<\/p>\n<p>3. Indicar formas de incentivo ao desenvolvimento de linhas de pesquisa e extens\u00e3o, oriundas de necessidades da gradua\u00e7\u00e3o, de exig\u00eancias do mercado de trabalho e afinadas com as pol\u00edticas p\u00fablicas relativas \u00e0 \u00e1rea de conhecimento do curso;<\/p>\n<p>4. Zelar pelo cumprimento das Diretrizes Curriculares Nacionais para os cursos de Gradua\u00e7\u00e3o.<\/p>\n<p>O N\u00facleo docente do Curso Bacharelado em Ci\u00eancia da Computa\u00e7\u00e3o \u00e9 atualmente (2019-2022) composto pelos professores Rodrigo Alves Costa (Presidente), Jannayna Domingues Barros Filgueira (Secret\u00e1ria), Carolina Coeli Rodrigues Batista de Ara\u00fajo, Pablo Ribeiro Su\u00e1rez e Ricardo Santos de Oliveira (Membros).<\/p>\n<p><strong>Abaixo seguem as atas de reuni\u00f5es do NDE:<\/strong><\/p>\n\n\n<ul class=\"wp-block-list\"><li><a href=\"https:\/\/departamentos.uepb.edu.br\/comp-ccea\/files\/2019\/06\/2018-11-15-Ata-Reuni\u00e3o-NDE-1.pdf\">2018-11-15 Ata Reuni\u00e3o NDE <\/a><\/li><li><a href=\"https:\/\/departamentos.uepb.edu.br\/comp-ccea\/files\/2019\/06\/2018-08-14-Ata-Reuni%C3%A3o-NDE-1.pdf\">2018-08-14 Ata Reuni\u00e3o NDE<\/a><\/li><li><a href=\"https:\/\/departamentos.uepb.edu.br\/comp-ccea\/files\/2019\/06\/2018-04-27-Ata-Reuni%C3%A3o-NDE-1.pdf\">2018-04-27 Ata Reuni\u00e3o NDE<\/a><\/li><li><a href=\"https:\/\/departamentos.uepb.edu.br\/comp-ccea\/files\/2019\/06\/2018-01-28-Ata-Reuni%C3%A3o-NDE-1.pdf\">2018-01-28 Ata Reuni\u00e3o NDE<\/a><\/li><li><a href=\"https:\/\/departamentos.uepb.edu.br\/comp-ccea\/files\/2019\/06\/2017-12-19-Ata-Reuni%C3%A3o-NDE.pdf\">2017-12-19 Ata Reuni\u00e3o NDE<\/a><\/li><li><a href=\"https:\/\/departamentos.uepb.edu.br\/comp-ccea\/files\/2019\/06\/2017-10-08-Ata-Reuni%C3%A3o-NDE.pdf\">2017-10-08 Ata Reuni\u00e3o NDE<\/a><\/li><li><a href=\"https:\/\/departamentos.uepb.edu.br\/comp-ccea\/files\/2019\/06\/2017-06-29-Ata-Reuni%C3%A3o-NDE.pdf\">2017-06-29 Ata Reuni\u00e3o NDE<\/a><\/li><li><a href=\"https:\/\/departamentos.uepb.edu.br\/comp-ccea\/files\/2019\/06\/2017-02-20-Ata-Reuni%C3%A3o-NDE.pdf\">2017-02-20 Ata Reuni\u00e3o NDE<\/a><\/li><li><a href=\"https:\/\/departamentos.uepb.edu.br\/comp-ccea\/files\/2019\/06\/2016-11-23-Ata-Reuni%C3%A3o-NDE.pdf\">2016-11-23 Ata Reuni\u00e3o NDE<\/a><\/li><li><a href=\"https:\/\/departamentos.uepb.edu.br\/comp-ccea\/files\/2019\/06\/2016-07-20-Ata-Reuni%C3%A3o-NDE.pdf\">2016-07-20 Ata Reuni\u00e3o NDE<\/a><\/li><li><a href=\"https:\/\/departamentos.uepb.edu.br\/comp-ccea\/files\/2019\/06\/2016-03-14-Ata-Reuni%C3%A3o-NDE.pdf\">2016-03-14 Ata Reuni\u00e3o NDE<\/a><\/li><\/ul>\n\n\n\n<p><\/p>\n","protected":false},"excerpt":{"rendered":"<p>Apresenta\u00e7\u00e3o O N\u00facleo Docente Estruturante \u2013 NDE foi criado pela Portaria do MEC n\u00ba 147, de 2 de fevereiro de 2007 e Normatizado pela Resolu\u00e7\u00e3o CONAES N\u00ba 01 de 17 de Junho de 2010. Seu intuito \u00e9 de qualificar o envolvimento docente no processo de concep\u00e7\u00e3o e consolida\u00e7\u00e3o de um curso de gradua\u00e7\u00e3o. O NDE <a class=\"leiamais\" href=\"https:\/\/departamentos.uepb.edu.br\/comp-ccea\/nucleo-docente-estruturante\/\">Leia Mais&#8230;<\/a><\/p>\n","protected":false},"author":21,"featured_media":0,"parent":0,"menu_order":0,"comment_status":"closed","ping_status":"closed","template":"","meta":{"jetpack_post_was_ever_published":false,"footnotes":""},"class_list":["post-192","page","type-page","status-publish","hentry"],"jetpack_sharing_enabled":true,"jetpack_shortlink":"https:\/\/wp.me\/PaWyUo-36","_links":{"self":[{"href":"https:\/\/departamentos.uepb.edu.br\/comp-ccea\/wp-json\/wp\/v2\/pages\/192","targetHints":{"allow":["GET"]}}],"collection":[{"href":"https:\/\/departamentos.uepb.edu.br\/comp-ccea\/wp-json\/wp\/v2\/pages"}],"about":[{"href":"https:\/\/departamentos.uepb.edu.br\/comp-ccea\/wp-json\/wp\/v2\/types\/page"}],"author":[{"embeddable":true,"href":"https:\/\/departamentos.uepb.edu.br\/comp-ccea\/wp-json\/wp\/v2\/users\/21"}],"replies":[{"embeddable":true,"href":"https:\/\/departamentos.uepb.edu.br\/comp-ccea\/wp-json\/wp\/v2\/comments?post=192"}],"version-history":[{"count":1,"href":"https:\/\/departamentos.uepb.edu.br\/comp-ccea\/wp-json\/wp\/v2\/pages\/192\/revisions"}],"predecessor-version":[{"id":206,"href":"https:\/\/departamentos.uepb.edu.br\/comp-ccea\/wp-json\/wp\/v2\/pages\/192\/revisions\/206"}],"wp:attachment":[{"href":"https:\/\/departamentos.uepb.edu.br\/comp-ccea\/wp-json\/wp\/v2\/media?parent=192"}],"curies":[{"name":"wp","href":"https:\/\/api.w.org\/{rel}","templated":true}]}}