{"id":2,"date":"2019-04-30T14:12:26","date_gmt":"2019-04-30T17:12:26","guid":{"rendered":"https:\/\/departamentos.uepb.edu.br\/comp-ccea\/?page_id=2"},"modified":"2024-08-01T14:20:44","modified_gmt":"2024-08-01T17:20:44","slug":"infraestrutura","status":"publish","type":"page","link":"https:\/\/departamentos.uepb.edu.br\/comp-ccea\/infraestrutura\/","title":{"rendered":"Infraestrutura do CCEA"},"content":{"rendered":"<p><strong>Laborat\u00f3rios<\/strong><\/p>\n<p>O curso de Computa\u00e7\u00e3o do Campus VII disp\u00f5e de dois laborat\u00f3rios para aula e projetos de pesquisa que servem para complementa\u00e7\u00e3o de aprendizagem, prepara\u00e7\u00e3o para o mercado de trabalho e estudos de caso.<\/p>\n<p><strong>Biblioteca<\/strong><\/p>\n<p>A Biblioteca Setorial Professor Virg\u00edlio Trindade, localizada nas instala\u00e7\u00f5es do Campus VII, cont\u00e9m o acervo a ser utilizado por alunos e professores do curso de Licenciatura em Computa\u00e7\u00e3o, al\u00e9m de atender aos demais cursos do campus.\u00a0<\/p>\n<p>Para mais detalhes sobre a biblioteca e para consultar a lista de livros dispon\u00edveis, acesse: <a href=\"http:\/\/centros.uepb.edu.br\/ccea\/biblioteca\/\" target=\"_blank\" rel=\"noopener\">http:\/\/centros.uepb.edu.br\/ccea\/biblioteca\/<\/a><\/p>\n","protected":false},"excerpt":{"rendered":"<p>Laborat\u00f3rios O curso de Computa\u00e7\u00e3o do Campus VII disp\u00f5e de dois laborat\u00f3rios para aula e projetos de pesquisa que servem para complementa\u00e7\u00e3o de aprendizagem, prepara\u00e7\u00e3o para o mercado de trabalho e estudos de caso. Biblioteca A Biblioteca Setorial Professor Virg\u00edlio Trindade, localizada nas instala\u00e7\u00f5es do Campus VII, cont\u00e9m o acervo a ser utilizado por alunos <a class=\"leiamais\" href=\"https:\/\/departamentos.uepb.edu.br\/comp-ccea\/infraestrutura\/\">Leia Mais&#8230;<\/a><\/p>\n","protected":false},"author":11,"featured_media":0,"parent":0,"menu_order":0,"comment_status":"closed","ping_status":"open","template":"","meta":{"jetpack_post_was_ever_published":false,"footnotes":""},"class_list":["post-2","page","type-page","status-publish","hentry"],"jetpack_sharing_enabled":true,"jetpack_shortlink":"https:\/\/wp.me\/PaWyUo-2","_links":{"self":[{"href":"https:\/\/departamentos.uepb.edu.br\/comp-ccea\/wp-json\/wp\/v2\/pages\/2","targetHints":{"allow":["GET"]}}],"collection":[{"href":"https:\/\/departamentos.uepb.edu.br\/comp-ccea\/wp-json\/wp\/v2\/pages"}],"about":[{"href":"https:\/\/departamentos.uepb.edu.br\/comp-ccea\/wp-json\/wp\/v2\/types\/page"}],"author":[{"embeddable":true,"href":"https:\/\/departamentos.uepb.edu.br\/comp-ccea\/wp-json\/wp\/v2\/users\/11"}],"replies":[{"embeddable":true,"href":"https:\/\/departamentos.uepb.edu.br\/comp-ccea\/wp-json\/wp\/v2\/comments?post=2"}],"version-history":[{"count":9,"href":"https:\/\/departamentos.uepb.edu.br\/comp-ccea\/wp-json\/wp\/v2\/pages\/2\/revisions"}],"predecessor-version":[{"id":591,"href":"https:\/\/departamentos.uepb.edu.br\/comp-ccea\/wp-json\/wp\/v2\/pages\/2\/revisions\/591"}],"wp:attachment":[{"href":"https:\/\/departamentos.uepb.edu.br\/comp-ccea\/wp-json\/wp\/v2\/media?parent=2"}],"curies":[{"name":"wp","href":"https:\/\/api.w.org\/{rel}","templated":true}]}}