{"id":208,"date":"2019-06-17T01:00:07","date_gmt":"2019-06-17T04:00:07","guid":{"rendered":"https:\/\/departamentos.uepb.edu.br\/comp-ccea\/?page_id=208"},"modified":"2019-06-17T01:04:35","modified_gmt":"2019-06-17T04:04:35","slug":"colegiado-do-curso","status":"publish","type":"page","link":"https:\/\/departamentos.uepb.edu.br\/comp-ccea\/colegiado-do-curso\/","title":{"rendered":"Colegiado do Curso"},"content":{"rendered":"\n<p>De acordo com o <a href=\"http:\/\/proreitorias.uepb.edu.br\/prograd\/regimento-da-graduacao\/\">Regimento Interno dos Cursos de Gradua\u00e7\u00e3o da UEPB<\/a>, <strong>Cap 2o, Subse\u00e7\u00e3o II, Art 9o<\/strong>, cada curso, ou conjunto de Cursos afins, ser\u00e1 gerido e supervisionado, em suas atividades de ensino, pelo Colegiado, presidido pelo Coordenador.<p>No <strong>Art 10o<\/strong>, em conformidade com o Regimento Geral da UEPB o Colegiado ter\u00e1 as seguintes atribui\u00e7\u00f5es:<\/p>\n<p>I \u2013 deliberar, considerando as orienta\u00e7\u00f5es da PROGRAD, sobre o n\u00famero de vagas a serem oferecidos em cada Processo Seletivo, bem como, sobre os crit\u00e9rios espec\u00edficos de sele\u00e7\u00e3o;<\/p>\n<p>II \u2013 deliberar sobre processos referentes \u00e0 matr\u00edcula, trancamento, transfer\u00eancia e dispensa de atividades acad\u00eamicas, aproveitamento de estudos, exerc\u00edcio domiciliar, est\u00e1gios, desligamento, representa\u00e7\u00f5es e recursos impetrados e outros assuntos acad\u00eamicos relativos ao cotidiano do Curso;<\/p>\n<p>III \u2013 encaminhar \u00e0 PROGRAD e, posteriormente, \u00e0 C\u00e2mara de Gradua\u00e7\u00e3o, ap\u00f3s as devidas discuss\u00f5es e aprova\u00e7\u00e3o interna no NDE, qualquer altera\u00e7\u00e3o na proposta do PPC, inclusive, em sua estrutura curricular;<\/p>\n<p>IV- propor ao CONSEPE, por interm\u00e9dio da PROGRAD e C\u00e2mara de Gradua\u00e7\u00e3o, a cria\u00e7\u00e3o, transforma\u00e7\u00e3o, exclus\u00e3o e extin\u00e7\u00e3o de atividade(s) acad\u00eamica(s) do Curso a partir das proposi\u00e7\u00f5es do NDE;<\/p>\n<p>V \u2013 deliberar sobre o Plano de Desenvolvimento do Curso (PDC), elaborado pelo NDE, a partir das orienta\u00e7\u00f5es da PROGRAD, e divulg\u00e1-lo amplamente no \u00e2mbito da Comunidade Acad\u00eamica;<\/p>\n<p>VI \u2013 organizar o processo de sele\u00e7\u00e3o de membros para compor o NDE; e<\/p>\n<p>VII \u2013 desempenhar &nbsp;outras &nbsp;atribui\u00e7\u00f5es &nbsp;inerentes &nbsp;ao &nbsp;seu &nbsp;funcionamento, &nbsp;n\u00e3o especificadas neste Regiment<\/p>\n<p><strong>A<\/strong><strong>r<\/strong><strong>t. 11&nbsp;<\/strong>O Colegiado de curso, conforme o Regimento Geral da UEPB, ser\u00e1 constitu\u00eddo por:<\/p>\n<p>I \u2013 05 (cinco) docentes, no m\u00ednimo, incluindo o Coordenador como seu Presidente, seus respectivos suplentes; e<\/p>\n<p>II \u2013 representa\u00e7\u00e3o discente, com seu respectivo suplente.<\/p>\n<p>O colegiado do curso de Bacharelado em Ci\u00eancia da Computa\u00e7\u00e3o \u00e9 atualmente composto pelos professores: Rodrigo Alves Costa (presidente), Jannayna Domingues Barros Filgueira, Gustavo Cunha Bezerra, Pablo Ribeiro Su\u00e1rez e Ricardo dos Santos Oliveira, e tem a representa\u00e7\u00e3o discente da aluna Maria Lu\u00edza Mendes Barros (presidente do Centro Acad\u00eamico de Computa\u00e7\u00e3o).<\/p>\n\n\n\n<p><strong>Abaixo seguem os arquivos contendo as atas de reuni\u00f5es recentes do colegiado do curso:<\/strong><\/p>\n\n\n\n<div class=\"wp-block-file\"><a href=\"https:\/\/departamentos.uepb.edu.br\/comp-ccea\/files\/2019\/06\/2019-05-25-Ata-Reuni\u00e3o-Ord-Colegiado-1-1.pdf\">2019-05-29-Ata-Reuni\u00e3o-Ord-Colegiado-1-1<\/a><a href=\"https:\/\/departamentos.uepb.edu.br\/comp-ccea\/files\/2019\/06\/2019-05-25-Ata-Reuni\u00e3o-Ord-Colegiado-1-1.pdf\" class=\"wp-block-file__button\" download>Baixar<\/a><\/div>\n\n\n\n<div class=\"wp-block-file\"><a href=\"https:\/\/departamentos.uepb.edu.br\/comp-ccea\/files\/2019\/06\/2019-04-10-Ata-Reuni\u00e3o-Ord-Colegiado-.pdf\">2019-04-10-Ata-Reuni\u00e3o-Ord-Colegiado-<\/a><a href=\"https:\/\/departamentos.uepb.edu.br\/comp-ccea\/files\/2019\/06\/2019-04-10-Ata-Reuni\u00e3o-Ord-Colegiado-.pdf\" class=\"wp-block-file__button\" download>Baixar<\/a><\/div>\n\n\n\n<div class=\"wp-block-file\"><a href=\"https:\/\/departamentos.uepb.edu.br\/comp-ccea\/files\/2019\/06\/2019-03-28-Ata-Reuni\u00e3o-Ord-Colegiado-.pdf\">2019-03-28-Ata-Reuni\u00e3o-Ord-Colegiado-<\/a><a href=\"https:\/\/departamentos.uepb.edu.br\/comp-ccea\/files\/2019\/06\/2019-03-28-Ata-Reuni\u00e3o-Ord-Colegiado-.pdf\" class=\"wp-block-file__button\" download>Baixar<\/a><\/div>\n\n\n\n<div class=\"wp-block-file\"><a href=\"https:\/\/departamentos.uepb.edu.br\/comp-ccea\/files\/2019\/06\/2019-02-28-Ata-Reuni\u00e3o-Ord-Colegiado-.pdf\">2019-02-28-Ata-Reuni\u00e3o-Ord-Colegiado-<\/a><a href=\"https:\/\/departamentos.uepb.edu.br\/comp-ccea\/files\/2019\/06\/2019-02-28-Ata-Reuni\u00e3o-Ord-Colegiado-.pdf\" class=\"wp-block-file__button\" download>Baixar<\/a><\/div>\n\n\n\n<div class=\"wp-block-file\"><a href=\"https:\/\/departamentos.uepb.edu.br\/comp-ccea\/files\/2019\/06\/2019-01-28-Ata-Reuni\u00e3o-Ord-Colegiado.pdf\">2019-01-28-Ata-Reuni\u00e3o-Ord-Colegiado<\/a><a href=\"https:\/\/departamentos.uepb.edu.br\/comp-ccea\/files\/2019\/06\/2019-01-28-Ata-Reuni\u00e3o-Ord-Colegiado.pdf\" class=\"wp-block-file__button\" download>Baixar<\/a><\/div>\n\n\n\n<div class=\"wp-block-file\"><a href=\"https:\/\/departamentos.uepb.edu.br\/comp-ccea\/files\/2019\/06\/2018-11-08-Ata-Reuni\u00e3o-Ord-Colegiado-.pdf\">2018-11-08-Ata-Reuni\u00e3o-Ord-Colegiado-<\/a><a href=\"https:\/\/departamentos.uepb.edu.br\/comp-ccea\/files\/2019\/06\/2018-11-08-Ata-Reuni\u00e3o-Ord-Colegiado-.pdf\" class=\"wp-block-file__button\" download>Baixar<\/a><\/div>\n\n\n\n<div class=\"wp-block-file\"><a href=\"https:\/\/departamentos.uepb.edu.br\/comp-ccea\/files\/2019\/06\/2018-10-08-Ata-Reuni\u00e3o-Ord-Colegiado-.pdf\">2018-10-08-Ata-Reuni\u00e3o-Ord-Colegiado-<\/a><a href=\"https:\/\/departamentos.uepb.edu.br\/comp-ccea\/files\/2019\/06\/2018-10-08-Ata-Reuni\u00e3o-Ord-Colegiado-.pdf\" class=\"wp-block-file__button\" download>Baixar<\/a><\/div>\n\n\n\n<div class=\"wp-block-file\"><a href=\"https:\/\/departamentos.uepb.edu.br\/comp-ccea\/files\/2019\/06\/2018-09-17-Ata-Reuni\u00e3o-Ord-Colegiado-.pdf\">2018-09-17-Ata-Reuni\u00e3o-Ord-Colegiado-<\/a><a href=\"https:\/\/departamentos.uepb.edu.br\/comp-ccea\/files\/2019\/06\/2018-09-17-Ata-Reuni\u00e3o-Ord-Colegiado-.pdf\" class=\"wp-block-file__button\" download>Baixar<\/a><\/div>\n\n\n\n<div class=\"wp-block-file\"><a href=\"https:\/\/departamentos.uepb.edu.br\/comp-ccea\/files\/2019\/06\/2018-08-30-Ata-Reuni\u00e3o-Ord-Colegiado-.pdf\">2018-08-30-Ata-Reuni\u00e3o-Ord-Colegiado-<\/a><a href=\"https:\/\/departamentos.uepb.edu.br\/comp-ccea\/files\/2019\/06\/2018-08-30-Ata-Reuni\u00e3o-Ord-Colegiado-.pdf\" class=\"wp-block-file__button\" download>Baixar<\/a><\/div>\n\n\n\n<div class=\"wp-block-file\"><a href=\"https:\/\/departamentos.uepb.edu.br\/comp-ccea\/files\/2019\/06\/2018-08-03-Ata-Reuni\u00e3o-Ord-Colegiado.pdf\">2018-08-03-Ata-Reuni\u00e3o-Ord-Colegiado<\/a><a href=\"https:\/\/departamentos.uepb.edu.br\/comp-ccea\/files\/2019\/06\/2018-08-03-Ata-Reuni\u00e3o-Ord-Colegiado.pdf\" class=\"wp-block-file__button\" download>Baixar<\/a><\/div>\n\n\n\n<div class=\"wp-block-file\"><a href=\"https:\/\/departamentos.uepb.edu.br\/comp-ccea\/files\/2019\/06\/2018-06-04-Ata-Reuni\u00e3o-Ord-Colegiado-.pdf\">2018-06-04-Ata-Reuni\u00e3o-Ord-Colegiado-<\/a><a href=\"https:\/\/departamentos.uepb.edu.br\/comp-ccea\/files\/2019\/06\/2018-06-04-Ata-Reuni\u00e3o-Ord-Colegiado-.pdf\" class=\"wp-block-file__button\" download>Baixar<\/a><\/div>\n\n\n\n<div class=\"wp-block-file\"><a href=\"https:\/\/departamentos.uepb.edu.br\/comp-ccea\/files\/2019\/06\/2018-05-10-Ata-Reuni\u00e3o-Ord-Colegiado-.pdf\">2018-05-10-Ata-Reuni\u00e3o-Ord-Colegiado-<\/a><a href=\"https:\/\/departamentos.uepb.edu.br\/comp-ccea\/files\/2019\/06\/2018-05-10-Ata-Reuni\u00e3o-Ord-Colegiado-.pdf\" class=\"wp-block-file__button\" download>Baixar<\/a><\/div>\n\n\n\n<div class=\"wp-block-file\"><a href=\"https:\/\/departamentos.uepb.edu.br\/comp-ccea\/files\/2019\/06\/2018-04-11-Ata-Reuni\u00e3o-Ord-Colegiado-.pdf\">2018-04-11-Ata-Reuni\u00e3o-Ord-Colegiado-<\/a><a href=\"https:\/\/departamentos.uepb.edu.br\/comp-ccea\/files\/2019\/06\/2018-04-11-Ata-Reuni\u00e3o-Ord-Colegiado-.pdf\" class=\"wp-block-file__button\" download>Baixar<\/a><\/div>\n\n\n\n<div class=\"wp-block-file\"><a href=\"https:\/\/departamentos.uepb.edu.br\/comp-ccea\/files\/2019\/06\/2018-03-27-Ata-Reuni\u00e3o-Ord-Colegiado-.pdf\">2018-03-27-Ata-Reuni\u00e3o-Ord-Colegiado-<\/a><a href=\"https:\/\/departamentos.uepb.edu.br\/comp-ccea\/files\/2019\/06\/2018-03-27-Ata-Reuni\u00e3o-Ord-Colegiado-.pdf\" class=\"wp-block-file__button\" download>Baixar<\/a><\/div>\n\n\n\n<div class=\"wp-block-file\"><a href=\"https:\/\/departamentos.uepb.edu.br\/comp-ccea\/files\/2019\/06\/2018-02-27-Ata-Reuni\u00e3o-Ord-Colegiado.pdf\">2018-02-27-Ata-Reuni\u00e3o-Ord-Colegiado<\/a><a href=\"https:\/\/departamentos.uepb.edu.br\/comp-ccea\/files\/2019\/06\/2018-02-27-Ata-Reuni\u00e3o-Ord-Colegiado.pdf\" class=\"wp-block-file__button\" download>Baixar<\/a><\/div>\n\n\n\n<div class=\"wp-block-file\"><a href=\"https:\/\/departamentos.uepb.edu.br\/comp-ccea\/files\/2019\/06\/2017-10-18-Ata-Reuni\u00e3o-Ord-Colegiado-.pdf\">2017-10-18-Ata-Reuni\u00e3o-Ord-Colegiado-<\/a><a href=\"https:\/\/departamentos.uepb.edu.br\/comp-ccea\/files\/2019\/06\/2017-10-18-Ata-Reuni\u00e3o-Ord-Colegiado-.pdf\" class=\"wp-block-file__button\" download>Baixar<\/a><\/div>\n\n\n\n<div class=\"wp-block-file\"><a href=\"https:\/\/departamentos.uepb.edu.br\/comp-ccea\/files\/2019\/06\/2017-09-20-Ata-Reuni\u00e3o-Ord-Colegiado-.pdf\">2017-09-20-Ata-Reuni\u00e3o-Ord-Colegiado-<\/a><a href=\"https:\/\/departamentos.uepb.edu.br\/comp-ccea\/files\/2019\/06\/2017-09-20-Ata-Reuni\u00e3o-Ord-Colegiado-.pdf\" class=\"wp-block-file__button\" download>Baixar<\/a><\/div>\n\n\n\n<div class=\"wp-block-file\"><a href=\"https:\/\/departamentos.uepb.edu.br\/comp-ccea\/files\/2019\/06\/2017-09-04-Ata-Reuni\u00e3o-Ord-Colegiado-.pdf\">2017-09-04-Ata-Reuni\u00e3o-Ord-Colegiado-<\/a><a href=\"https:\/\/departamentos.uepb.edu.br\/comp-ccea\/files\/2019\/06\/2017-09-04-Ata-Reuni\u00e3o-Ord-Colegiado-.pdf\" class=\"wp-block-file__button\" download>Baixar<\/a><\/div>\n\n\n\n<div class=\"wp-block-file\"><a href=\"https:\/\/departamentos.uepb.edu.br\/comp-ccea\/files\/2019\/06\/2017-04-20-Ata-Reuni\u00e3o-Ord-Colegiado-.pdf\">2017-04-20-Ata-Reuni\u00e3o-Ord-Colegiado-<\/a><a href=\"https:\/\/departamentos.uepb.edu.br\/comp-ccea\/files\/2019\/06\/2017-04-20-Ata-Reuni\u00e3o-Ord-Colegiado-.pdf\" class=\"wp-block-file__button\" download>Baixar<\/a><\/div>\n\n\n\n<div class=\"wp-block-file\"><a href=\"https:\/\/departamentos.uepb.edu.br\/comp-ccea\/files\/2019\/06\/2017-04-04-Ata-Reuni\u00e3o-Ord-Colegiado-.pdf\">2017-04-04-Ata-Reuni\u00e3o-Ord-Colegiado-<\/a><a href=\"https:\/\/departamentos.uepb.edu.br\/comp-ccea\/files\/2019\/06\/2017-04-04-Ata-Reuni\u00e3o-Ord-Colegiado-.pdf\" class=\"wp-block-file__button\" download>Baixar<\/a><\/div>\n\n\n\n<div class=\"wp-block-file\"><a href=\"https:\/\/departamentos.uepb.edu.br\/comp-ccea\/files\/2019\/06\/2017-03-28-Ata-Reuni\u00e3o-Ord-Colegiado-.pdf\">2017-03-28-Ata-Reuni\u00e3o-Ord-Colegiado-<\/a><a href=\"https:\/\/departamentos.uepb.edu.br\/comp-ccea\/files\/2019\/06\/2017-03-28-Ata-Reuni\u00e3o-Ord-Colegiado-.pdf\" class=\"wp-block-file__button\" download>Baixar<\/a><\/div>\n\n\n\n<div class=\"wp-block-file\"><a href=\"https:\/\/departamentos.uepb.edu.br\/comp-ccea\/files\/2019\/06\/2017-02-06-Ata-Reuni\u00e3o-Ord-Colegiado-.pdf\">2017-02-06-Ata-Reuni\u00e3o-Ord-Colegiado-<\/a><a href=\"https:\/\/departamentos.uepb.edu.br\/comp-ccea\/files\/2019\/06\/2017-02-06-Ata-Reuni\u00e3o-Ord-Colegiado-.pdf\" class=\"wp-block-file__button\" download>Baixar<\/a><\/div>\n\n\n\n<div class=\"wp-block-file\"><a href=\"https:\/\/departamentos.uepb.edu.br\/comp-ccea\/files\/2019\/06\/2017-01-11-Ata-Reuni\u00e3o-Extra-Colegiado.pdf\">2017-01-11-Ata-Reuni\u00e3o-Extra-Colegiado<\/a><a href=\"https:\/\/departamentos.uepb.edu.br\/comp-ccea\/files\/2019\/06\/2017-01-11-Ata-Reuni\u00e3o-Extra-Colegiado.pdf\" class=\"wp-block-file__button\" download>Baixar<\/a><\/div>\n\n\n\n<div class=\"wp-block-file\"><a href=\"https:\/\/departamentos.uepb.edu.br\/comp-ccea\/files\/2019\/06\/2016-12-13-Ata-Reuni\u00e3o-Ord-Colegiado.pdf\">2016-12-13-Ata-Reuni\u00e3o-Ord-Colegiado<\/a><a href=\"https:\/\/departamentos.uepb.edu.br\/comp-ccea\/files\/2019\/06\/2016-12-13-Ata-Reuni\u00e3o-Ord-Colegiado.pdf\" class=\"wp-block-file__button\" download>Baixar<\/a><\/div>\n\n\n\n<div class=\"wp-block-file\"><a href=\"https:\/\/departamentos.uepb.edu.br\/comp-ccea\/files\/2019\/06\/2019-10-25-Ata-Reuni\u00e3o-Ord-Colegiado-.pdf\">2016-10-25-Ata-Reuni\u00e3o-Ord-Colegiado-<\/a><a href=\"https:\/\/departamentos.uepb.edu.br\/comp-ccea\/files\/2019\/06\/2019-10-25-Ata-Reuni\u00e3o-Ord-Colegiado-.pdf\" class=\"wp-block-file__button\" download>Baixar<\/a><\/div>\n\n\n\n<div class=\"wp-block-file\"><a href=\"https:\/\/departamentos.uepb.edu.br\/comp-ccea\/files\/2019\/06\/2016-10-04-Ata-Reuni\u00e3o-Ord-Colegiado-.pdf\">2016-10-04-Ata-Reuni\u00e3o-Ord-Colegiado-<\/a><a href=\"https:\/\/departamentos.uepb.edu.br\/comp-ccea\/files\/2019\/06\/2016-10-04-Ata-Reuni\u00e3o-Ord-Colegiado-.pdf\" class=\"wp-block-file__button\" download>Baixar<\/a><\/div>\n\n\n\n<div class=\"wp-block-file\"><a href=\"https:\/\/departamentos.uepb.edu.br\/comp-ccea\/files\/2019\/06\/2016-09-15-Ata-Reuni\u00e3o-Ord-Colegiado-.pdf\">2016-09-15-Ata-Reuni\u00e3o-Ord-Colegiado-<\/a><a href=\"https:\/\/departamentos.uepb.edu.br\/comp-ccea\/files\/2019\/06\/2016-09-15-Ata-Reuni\u00e3o-Ord-Colegiado-.pdf\" class=\"wp-block-file__button\" download>Baixar<\/a><\/div>\n\n\n\n<div class=\"wp-block-file\"><a href=\"https:\/\/departamentos.uepb.edu.br\/comp-ccea\/files\/2019\/06\/2016-08-17-Ata-Reuniao-Extra-Colegiado.pdf\">2016-08-17-Ata-Reuniao-Extra-Colegiado<\/a><a href=\"https:\/\/departamentos.uepb.edu.br\/comp-ccea\/files\/2019\/06\/2016-08-17-Ata-Reuniao-Extra-Colegiado.pdf\" class=\"wp-block-file__button\" download>Baixar<\/a><\/div>\n\n\n\n<div class=\"wp-block-file\"><a href=\"https:\/\/departamentos.uepb.edu.br\/comp-ccea\/files\/2019\/06\/2016-08-11-Ata-Reuni\u00e3o-Ord-Colegiado-.pdf\">2016-08-11-Ata-Reuni\u00e3o-Ord-Colegiado-<\/a><a href=\"https:\/\/departamentos.uepb.edu.br\/comp-ccea\/files\/2019\/06\/2016-08-11-Ata-Reuni\u00e3o-Ord-Colegiado-.pdf\" class=\"wp-block-file__button\" download>Baixar<\/a><\/div>\n\n\n\n<div class=\"wp-block-file\"><a href=\"https:\/\/departamentos.uepb.edu.br\/comp-ccea\/files\/2019\/06\/2016-07-21-Ata-Reuni\u00e3o-Ord-Colegiado.pdf\">2016-07-21-Ata-Reuni\u00e3o-Ord-Colegiado<\/a><a href=\"https:\/\/departamentos.uepb.edu.br\/comp-ccea\/files\/2019\/06\/2016-07-21-Ata-Reuni\u00e3o-Ord-Colegiado.pdf\" class=\"wp-block-file__button\" download>Baixar<\/a><\/div>\n","protected":false},"excerpt":{"rendered":"<p>De acordo com o Regimento Interno dos Cursos de Gradua\u00e7\u00e3o da UEPB, Cap 2o, Subse\u00e7\u00e3o II, Art 9o, cada curso, ou conjunto de Cursos afins, ser\u00e1 gerido e supervisionado, em suas atividades de ensino, pelo Colegiado, presidido pelo Coordenador. No Art 10o, em conformidade com o Regimento Geral da UEPB o Colegiado ter\u00e1 as seguintes <a class=\"leiamais\" href=\"https:\/\/departamentos.uepb.edu.br\/comp-ccea\/colegiado-do-curso\/\">Leia Mais&#8230;<\/a><\/p>\n","protected":false},"author":21,"featured_media":0,"parent":0,"menu_order":0,"comment_status":"closed","ping_status":"closed","template":"","meta":{"jetpack_post_was_ever_published":false,"footnotes":""},"class_list":["post-208","page","type-page","status-publish","hentry"],"jetpack_sharing_enabled":true,"jetpack_shortlink":"https:\/\/wp.me\/PaWyUo-3m","_links":{"self":[{"href":"https:\/\/departamentos.uepb.edu.br\/comp-ccea\/wp-json\/wp\/v2\/pages\/208","targetHints":{"allow":["GET"]}}],"collection":[{"href":"https:\/\/departamentos.uepb.edu.br\/comp-ccea\/wp-json\/wp\/v2\/pages"}],"about":[{"href":"https:\/\/departamentos.uepb.edu.br\/comp-ccea\/wp-json\/wp\/v2\/types\/page"}],"author":[{"embeddable":true,"href":"https:\/\/departamentos.uepb.edu.br\/comp-ccea\/wp-json\/wp\/v2\/users\/21"}],"replies":[{"embeddable":true,"href":"https:\/\/departamentos.uepb.edu.br\/comp-ccea\/wp-json\/wp\/v2\/comments?post=208"}],"version-history":[{"count":3,"href":"https:\/\/departamentos.uepb.edu.br\/comp-ccea\/wp-json\/wp\/v2\/pages\/208\/revisions"}],"predecessor-version":[{"id":243,"href":"https:\/\/departamentos.uepb.edu.br\/comp-ccea\/wp-json\/wp\/v2\/pages\/208\/revisions\/243"}],"wp:attachment":[{"href":"https:\/\/departamentos.uepb.edu.br\/comp-ccea\/wp-json\/wp\/v2\/media?parent=208"}],"curies":[{"name":"wp","href":"https:\/\/api.w.org\/{rel}","templated":true}]}}