{"id":256,"date":"2021-03-13T21:07:43","date_gmt":"2021-03-14T00:07:43","guid":{"rendered":"https:\/\/departamentos.uepb.edu.br\/comp-ccea\/?page_id=256"},"modified":"2023-09-06T17:25:29","modified_gmt":"2023-09-06T20:25:29","slug":"calendario-academico","status":"publish","type":"page","link":"https:\/\/departamentos.uepb.edu.br\/comp-ccea\/calendario-academico\/","title":{"rendered":"Calend\u00e1rio Acad\u00eamico"},"content":{"rendered":"\r\n<ul class=\"wp-block-list\">\r\n<li><a href=\"https:\/\/uepb.edu.br\/prograd\/download\/calendario-academico-2023-2\/\">Calend\u00e1rio Acad\u00eamico acess\u00edvel &#8211; 2023.2<\/a>\u00a0<\/li>\r\n<\/ul>\r\n\r\n\r\n\r\n<p><strong>Calend\u00e1rio Universit\u00e1rio<\/strong><\/p>\r\n\r\n\r\n\r\n<p>A cada ano letivo, a PROGRAD apresenta ao CONSEPE uma proposta de Calend\u00e1rio que, depois de apreciada e aprovada, por meio de resolu\u00e7\u00e3o espec\u00edfica, deve ter uma divulga\u00e7\u00e3o ampla junto \u00e0 comunidade acad\u00eamica.<\/p>\r\n\r\n\r\n\r\n<p>Os prazos estabelecidos no Calend\u00e1rio Universit\u00e1rio devem ser rigorosamente cumpridos.<\/p>\r\n\r\n\r\n\r\n<p>O ano letivo regular, independente do ano civil, tem, no m\u00ednimo, 200 dias de trabalho acad\u00eamico efetivo, exclu\u00eddo o tempo reservado aos exames finais.<\/p>\r\n\r\n\r\n\r\n<p><strong>Unidades Tem\u00e1ticas<\/strong><\/p>\r\n\r\n\r\n\r\n<p>As atividades did\u00e1ticas s\u00e3o planejadas em Unidades Tem\u00e1ticas que s\u00e3o desenvolvidas a cada cinq\u00fcenta dias letivos.<\/p>\r\n\r\n\r\n\r\n<p>Os componentes curriculares de oferta anual ser\u00e3o desenvolvidos atrav\u00e9s de quatro Unidades Tem\u00e1ticas. J\u00e1 aqueles de oferta semestral ser\u00e3o desenvolvidos em apenas duas Unidades Tem\u00e1ticas na forma descrita acima.<\/p>\r\n\r\n\r\n\r\n<p>No final de cada Unidade Tem\u00e1tica ser\u00e1 atribu\u00edda uma nota que corresponde ao aproveitamento do aluno no Componente Curricular. Esta nota ser\u00e1 o resultado de, no m\u00ednimo, duas atividades de verifica\u00e7\u00e3o da aprendizagem.<\/p>\r\n","protected":false},"excerpt":{"rendered":"<p>Calend\u00e1rio Acad\u00eamico acess\u00edvel &#8211; 2023.2\u00a0 Calend\u00e1rio Universit\u00e1rio A cada ano letivo, a PROGRAD apresenta ao CONSEPE uma proposta de Calend\u00e1rio que, depois de apreciada e aprovada, por meio de resolu\u00e7\u00e3o espec\u00edfica, deve ter uma divulga\u00e7\u00e3o ampla junto \u00e0 comunidade acad\u00eamica. Os prazos estabelecidos no Calend\u00e1rio Universit\u00e1rio devem ser rigorosamente cumpridos. O ano letivo regular, independente <a class=\"leiamais\" href=\"https:\/\/departamentos.uepb.edu.br\/comp-ccea\/calendario-academico\/\">Leia Mais&#8230;<\/a><\/p>\n","protected":false},"author":21,"featured_media":0,"parent":0,"menu_order":0,"comment_status":"closed","ping_status":"closed","template":"","meta":{"jetpack_post_was_ever_published":false,"footnotes":""},"class_list":["post-256","page","type-page","status-publish","hentry"],"jetpack_sharing_enabled":true,"jetpack_shortlink":"https:\/\/wp.me\/PaWyUo-48","_links":{"self":[{"href":"https:\/\/departamentos.uepb.edu.br\/comp-ccea\/wp-json\/wp\/v2\/pages\/256","targetHints":{"allow":["GET"]}}],"collection":[{"href":"https:\/\/departamentos.uepb.edu.br\/comp-ccea\/wp-json\/wp\/v2\/pages"}],"about":[{"href":"https:\/\/departamentos.uepb.edu.br\/comp-ccea\/wp-json\/wp\/v2\/types\/page"}],"author":[{"embeddable":true,"href":"https:\/\/departamentos.uepb.edu.br\/comp-ccea\/wp-json\/wp\/v2\/users\/21"}],"replies":[{"embeddable":true,"href":"https:\/\/departamentos.uepb.edu.br\/comp-ccea\/wp-json\/wp\/v2\/comments?post=256"}],"version-history":[{"count":18,"href":"https:\/\/departamentos.uepb.edu.br\/comp-ccea\/wp-json\/wp\/v2\/pages\/256\/revisions"}],"predecessor-version":[{"id":519,"href":"https:\/\/departamentos.uepb.edu.br\/comp-ccea\/wp-json\/wp\/v2\/pages\/256\/revisions\/519"}],"wp:attachment":[{"href":"https:\/\/departamentos.uepb.edu.br\/comp-ccea\/wp-json\/wp\/v2\/media?parent=256"}],"curies":[{"name":"wp","href":"https:\/\/api.w.org\/{rel}","templated":true}]}}