{"id":34,"date":"2019-06-16T12:35:15","date_gmt":"2019-06-16T15:35:15","guid":{"rendered":"https:\/\/departamentos.uepb.edu.br\/comp-ccea\/?page_id=34"},"modified":"2024-08-01T15:44:01","modified_gmt":"2024-08-01T18:44:01","slug":"corpo-docente","status":"publish","type":"page","link":"https:\/\/departamentos.uepb.edu.br\/comp-ccea\/corpo-docente\/","title":{"rendered":"Corpo Docente"},"content":{"rendered":"\r\n<p>*clique no nome para acessar o curr\u00edculo <em>lattes<\/em> de cada docente<\/p>\r\n<table width=\"100%\">\r\n<tbody>\r\n<tr>\r\n<td>\r\n<p><strong>Professor<\/strong><\/p>\r\n<\/td>\r\n<td>\r\n<p><strong>Classe<\/strong><\/p>\r\n<\/td>\r\n<td>\r\n<p><strong>\u00c1rea<\/strong><\/p>\r\n<\/td>\r\n<td>\r\n<p><strong>e-mail<\/strong><\/p>\r\n<\/td>\r\n<\/tr>\r\n<tr>\r\n<td>\r\n<p><a href=\"http:\/\/lattes.cnpq.br\/7207365006541712\">Demetrio Gomes Mestre<\/a><\/p>\r\n<\/td>\r\n<td>\r\n<p>Doutorado<\/p>\r\n<\/td>\r\n<td>\r\n<p>Computa\u00e7\u00e3o<\/p>\r\n<\/td>\r\n<td>\r\n<p>demetrio.mestre@servidor.uepb.edu.br<\/p>\r\n<\/td>\r\n<\/tr>\r\n<tr>\r\n<td>\r\n<p><a href=\"http:\/\/lattes.cnpq.br\/3935198209157316\">Gustavo Cunha Bezerra<\/a><\/p>\r\n<\/td>\r\n<td>\r\n<p>Doutorado<\/p>\r\n<\/td>\r\n<td>\r\n<p>Filosofia<\/p>\r\n<\/td>\r\n<td>\r\n<p>gustavocunha@servidor.uepb.edu.br<\/p>\r\n<\/td>\r\n<\/tr>\r\n<tr>\r\n<td>\r\n<p><a href=\"http:\/\/lattes.cnpq.br\/1161431252605700\">Janderson Jason Barbosa Aguiar\u00a0<\/a><\/p>\r\n<\/td>\r\n<td>\r\n<p>Doutorado<\/p>\r\n<\/td>\r\n<td>\r\n<p>Computa\u00e7\u00e3o<\/p>\r\n<\/td>\r\n<td>\r\n<p>janderson@servidor.uepb.edu.br<\/p>\r\n<\/td>\r\n<\/tr>\r\n<tr>\r\n<td>\r\n<p><a href=\"http:\/\/lattes.cnpq.br\/3230575707300697\">Jannayna Domingues Barros Filgueira<\/a><\/p>\r\n<\/td>\r\n<td>\r\n<p>Doutorado<\/p>\r\n<\/td>\r\n<td>\r\n<p>Engenharia El\u00e9trica<\/p>\r\n<\/td>\r\n<td>\r\n<p>jannayna@servidor.uepb.edu.br<\/p>\r\n<\/td>\r\n<\/tr>\r\n<tr>\r\n<td>\r\n<p><a href=\"http:\/\/lattes.cnpq.br\/4603605800436333\">Jucelio Soares dos Santos<\/a><\/p>\r\n<\/td>\r\n<td>\r\n<p>Doutorado<\/p>\r\n<\/td>\r\n<td>\r\n<p>Computa\u00e7\u00e3o<\/p>\r\n<\/td>\r\n<td>\r\n<p>jucelio@servidor.uepb.edu.br<\/p>\r\n<\/td>\r\n<\/tr>\r\n<tr>\r\n<td>\r\n<p><a href=\"http:\/\/lattes.cnpq.br\/6280713539327871\">Mikaelle Oliveira Santos Gomes<\/a><\/p>\r\n<\/td>\r\n<td>\r\n<p>Doutorado<\/p>\r\n<\/td>\r\n<td>\r\n<p>Engenharia El\u00e9trica<\/p>\r\n<\/td>\r\n<td>\r\n<p>mikaelleoliveira@servidor.uepb.edu.br\u00a0<\/p>\r\n<\/td>\r\n<\/tr>\r\n<tr>\r\n<td>\r\n<p><a href=\"http:\/\/lattes.cnpq.br\/8141362331388328\">Marta L\u00facia Nunes<\/a><\/p>\r\n<\/td>\r\n<td>\r\n<p>Mestrado<\/p>\r\n<\/td>\r\n<td>\r\n<p>Letras<\/p>\r\n<\/td>\r\n<td>\r\n<p>martalucia@servidor.uepb.edu.br<\/p>\r\n<\/td>\r\n<\/tr>\r\n<tr>\r\n<td>\r\n<p><a href=\"http:\/\/lattes.cnpq.br\/9197555912095838\">Pablo Ribeiro Su\u00e1rez<\/a><\/p>\r\n<\/td>\r\n<td>\r\n<p>Mestrado<\/p>\r\n<\/td>\r\n<td>\r\n<p>Computa\u00e7\u00e3o<\/p>\r\n<\/td>\r\n<td>\r\n<p>prsuarez@servidor.uepb.edu.br<\/p>\r\n<\/td>\r\n<\/tr>\r\n<tr>\r\n<td>\r\n<p><a href=\"http:\/\/lattes.cnpq.br\/6500030283495313\">Ricardo Santos de Oliveira<\/a><\/p>\r\n<\/td>\r\n<td>\r\n<p>Doutorado<\/p>\r\n<\/td>\r\n<td>\r\n<p>Computa\u00e7\u00e3o<\/p>\r\n<\/td>\r\n<td>\r\n<p>ricardo@servidor.uepb.edu.br<\/p>\r\n<\/td>\r\n<\/tr>\r\n<tr>\r\n<td>\r\n<p><a href=\"http:\/\/lattes.cnpq.br\/9704524780307293\">Rodrigo Alves Costa<\/a><\/p>\r\n<\/td>\r\n<td>\r\n<p>Doutorado<\/p>\r\n<\/td>\r\n<td>\r\n<p>Computa\u00e7\u00e3o<\/p>\r\n<\/td>\r\n<td>\r\n<p>rodrigo@servidor.uepb.edu.br<\/p>\r\n<\/td>\r\n<\/tr>\r\n<tr>\r\n<td>\r\n<p><a href=\"http:\/\/lattes.cnpq.br\/3663429901121548\">Ros\u00e2ngela de Ara\u00fajo Medeiros<\/a><\/p>\r\n<\/td>\r\n<td>\r\n<p>Doutorado<\/p>\r\n<\/td>\r\n<td>\r\n<p>Educa\u00e7\u00e3o<\/p>\r\n<\/td>\r\n<td>\r\n<p>rosangelamedeiros@servidor.uepb.edu.br<\/p>\r\n<\/td>\r\n<\/tr>\r\n<tr>\r\n<td>\r\n<p><a href=\"http:\/\/lattes.cnpq.br\/9135441504358460\">Ang\u00e9lica Felix Medeiros<\/a><\/p>\r\n<\/td>\r\n<td>\r\n<p>Mestrado<\/p>\r\n<\/td>\r\n<td>\r\n<p>Computa\u00e7\u00e3o<\/p>\r\n<\/td>\r\n<td>\r\n<p>angelicafelix@servidor.uepb.edu.br<\/p>\r\n<\/td>\r\n<\/tr>\r\n<tr>\r\n<td>\r\n<p><a href=\"http:\/\/lattes.cnpq.br\/4284544647312129\">Ingrid Morgane Medeiros de Lucena<\/a><\/p>\r\n<\/td>\r\n<td>\r\n<p>Mestrado<\/p>\r\n<\/td>\r\n<td>\r\n<p>Computa\u00e7\u00e3o<\/p>\r\n<\/td>\r\n<td>\r\n<p>ingrid@servidor.uepb.edu.br\u00a0<\/p>\r\n<\/td>\r\n<\/tr>\r\n<tr>\r\n<td>\r\n<p><a href=\"http:\/\/lattes.cnpq.br\/4552434451662214\">Giovanna Trigueiro de Almeida Araujo<\/a><\/p>\r\n<\/td>\r\n<td>\r\n<p>Especializa\u00e7\u00e3o<\/p>\r\n<\/td>\r\n<td>\r\n<p>Computa\u00e7\u00e3o<\/p>\r\n<\/td>\r\n<td>\r\n<p>giovanna.trigueiro@servidor.uepb.br<\/p>\r\n<\/td>\r\n<\/tr>\r\n<tr>\r\n<td>\r\n<p><a href=\"http:\/\/lattes.cnpq.br\/6389108835361795\">Janine Vicente Dias<\/a><\/p>\r\n<\/td>\r\n<td>\r\n<p>Doutorado<\/p>\r\n<\/td>\r\n<td>\r\n<p>Sociologia<\/p>\r\n<\/td>\r\n<td>\r\n<p>profjaninedias@servidor.uepb.edu.br<\/p>\r\n<\/td>\r\n<\/tr>\r\n<tr>\r\n<td>\r\n<p><a href=\"http:\/\/lattes.cnpq.br\/2665095745789759\">Jean Pereira Soares<\/a><\/p>\r\n<\/td>\r\n<td>\r\n<p>Gradua\u00e7\u00e3o<\/p>\r\n<\/td>\r\n<td>\r\n<p>Matem\u00e1tica<\/p>\r\n<\/td>\r\n<td>\r\n<p>jean.ps@servidor.uepb.edu.br<\/p>\r\n<\/td>\r\n<\/tr>\r\n<tr>\r\n<td>\r\n<p><a href=\"http:\/\/lattes.cnpq.br\/0358216963761962\">Jos\u00e9 Jandilson de Sousa Arruda<\/a><\/p>\r\n<\/td>\r\n<td>\r\n<p>Especializa\u00e7\u00e3o<\/p>\r\n<\/td>\r\n<td>\r\n<p>Computa\u00e7\u00e3o<\/p>\r\n<\/td>\r\n<td>\r\n<p>jandilson@servidor.uepb.edu.br<\/p>\r\n<\/td>\r\n<\/tr>\r\n<tr>\r\n<td>\r\n<p><a href=\"http:\/\/lattes.cnpq.br\/7782887202025224\">Keila Lucas dos Santos<\/a><\/p>\r\n<\/td>\r\n<td>\r\n<p>Mestrado<\/p>\r\n<\/td>\r\n<td>\r\n<p>Computa\u00e7\u00e3o<\/p>\r\n<\/td>\r\n<td>\r\n<p>keilalucasds@servidor.uepb.edu.br<\/p>\r\n<\/td>\r\n<\/tr>\r\n<tr>\r\n<td>\r\n<p><a href=\"http:\/\/lattes.cnpq.br\/5408936114768426\">Larissa de Ara\u00fajo Batista Su\u00e1rez<\/a><\/p>\r\n<\/td>\r\n<td>\r\n<p>Doutorado<\/p>\r\n<\/td>\r\n<td>\r\n<p>Psicologia<\/p>\r\n<\/td>\r\n<td>\r\n<p>labsuarez@servidor.uepb.edu.br<\/p>\r\n<\/td>\r\n<\/tr>\r\n<tr>\r\n<td>\r\n<p><a href=\"http:\/\/lattes.cnpq.br\/0622744962203227\">Mateus Alves de Oliveira<\/a><\/p>\r\n<\/td>\r\n<td>\r\n<p>Gradua\u00e7\u00e3o<\/p>\r\n<\/td>\r\n<td>\r\n<p>Matem\u00e1tica<\/p>\r\n<\/td>\r\n<td>\r\n<p>profmateus@servidor.uepb.edu.br<\/p>\r\n<\/td>\r\n<\/tr>\r\n<tr>\r\n<td>\r\n<p><a href=\"http:\/\/lattes.cnpq.br\/7442861899921811\">Olaf Alves Bakke<\/a><\/p>\r\n<\/td>\r\n<td>\r\n<p>Mestrado<\/p>\r\n<\/td>\r\n<td>\r\n<p>Letras<\/p>\r\n<\/td>\r\n<td>\r\n<p>ullybakke@servidor.uepb.edu.br<\/p>\r\n<\/td>\r\n<\/tr>\r\n<tr>\r\n<td>\r\n<p><a href=\"http:\/\/lattes.cnpq.br\/5221375146887164\">Su\u00e9llen Rodrigues Ramos da Silva<\/a><\/p>\r\n<\/td>\r\n<td>\r\n<p>Doutorado<\/p>\r\n<\/td>\r\n<td>\r\n<p>Letras<\/p>\r\n<\/td>\r\n<td>\r\n<p>suellen.rodrigues@servidor.uepb.edu.br<\/p>\r\n<\/td>\r\n<\/tr>\r\n<tr>\r\n<td>\r\n<p><a href=\"http:\/\/lattes.cnpq.br\/3598950743934357\">Thiago Alves Sobreira<\/a><\/p>\r\n<\/td>\r\n<td>\r\n<p>Mestrado<\/p>\r\n<\/td>\r\n<td>\r\n<p>Computa\u00e7\u00e3o<\/p>\r\n<\/td>\r\n<td>\r\n<p>thyago.sobreira@servidor.uepb.edu.br<\/p>\r\n<\/td>\r\n<\/tr>\r\n<tr>\r\n<td>\r\n<p><a href=\"http:\/\/lattes.cnpq.br\/4267425155683808\">Vin\u00edcius Reuteman Feitoza Alves de Andrade<\/a><\/p>\r\n<\/td>\r\n<td>\r\n<p>Mestrado<\/p>\r\n<\/td>\r\n<td>\r\n<p>Computa\u00e7\u00e3o<\/p>\r\n<\/td>\r\n<td>\r\n<p>vreuteman@servidor.uepb.edu.br<\/p>\r\n<\/td>\r\n<\/tr>\r\n<\/tbody>\r\n<\/table>\r\n<p>&nbsp;<\/p>\r\n","protected":false},"excerpt":{"rendered":"<p>*clique no nome para acessar o curr\u00edculo lattes de cada docente Professor Classe \u00c1rea e-mail Demetrio Gomes Mestre Doutorado Computa\u00e7\u00e3o demetrio.mestre@servidor.uepb.edu.br Gustavo Cunha Bezerra Doutorado Filosofia gustavocunha@servidor.uepb.edu.br Janderson Jason Barbosa Aguiar\u00a0 Doutorado Computa\u00e7\u00e3o janderson@servidor.uepb.edu.br Jannayna Domingues Barros Filgueira Doutorado Engenharia El\u00e9trica jannayna@servidor.uepb.edu.br Jucelio Soares dos Santos Doutorado Computa\u00e7\u00e3o jucelio@servidor.uepb.edu.br Mikaelle Oliveira Santos Gomes Doutorado Engenharia <a class=\"leiamais\" href=\"https:\/\/departamentos.uepb.edu.br\/comp-ccea\/corpo-docente\/\">Leia Mais&#8230;<\/a><\/p>\n","protected":false},"author":21,"featured_media":0,"parent":0,"menu_order":0,"comment_status":"closed","ping_status":"closed","template":"","meta":{"jetpack_post_was_ever_published":false,"footnotes":""},"class_list":["post-34","page","type-page","status-publish","hentry"],"jetpack_sharing_enabled":true,"jetpack_shortlink":"https:\/\/wp.me\/PaWyUo-y","_links":{"self":[{"href":"https:\/\/departamentos.uepb.edu.br\/comp-ccea\/wp-json\/wp\/v2\/pages\/34","targetHints":{"allow":["GET"]}}],"collection":[{"href":"https:\/\/departamentos.uepb.edu.br\/comp-ccea\/wp-json\/wp\/v2\/pages"}],"about":[{"href":"https:\/\/departamentos.uepb.edu.br\/comp-ccea\/wp-json\/wp\/v2\/types\/page"}],"author":[{"embeddable":true,"href":"https:\/\/departamentos.uepb.edu.br\/comp-ccea\/wp-json\/wp\/v2\/users\/21"}],"replies":[{"embeddable":true,"href":"https:\/\/departamentos.uepb.edu.br\/comp-ccea\/wp-json\/wp\/v2\/comments?post=34"}],"version-history":[{"count":46,"href":"https:\/\/departamentos.uepb.edu.br\/comp-ccea\/wp-json\/wp\/v2\/pages\/34\/revisions"}],"predecessor-version":[{"id":604,"href":"https:\/\/departamentos.uepb.edu.br\/comp-ccea\/wp-json\/wp\/v2\/pages\/34\/revisions\/604"}],"wp:attachment":[{"href":"https:\/\/departamentos.uepb.edu.br\/comp-ccea\/wp-json\/wp\/v2\/media?parent=34"}],"curies":[{"name":"wp","href":"https:\/\/api.w.org\/{rel}","templated":true}]}}