{"id":36,"date":"2019-06-16T12:35:34","date_gmt":"2019-06-16T15:35:34","guid":{"rendered":"https:\/\/departamentos.uepb.edu.br\/comp-ccea\/?page_id=36"},"modified":"2023-09-22T11:10:21","modified_gmt":"2023-09-22T14:10:21","slug":"coordenacao","status":"publish","type":"page","link":"https:\/\/departamentos.uepb.edu.br\/comp-ccea\/coordenacao\/","title":{"rendered":"Coordena\u00e7\u00e3o"},"content":{"rendered":"\r\n<p><strong>Email<\/strong>: coord.computacao.ccea@setor.uepb.edu.br<\/p>\r\n<p><strong>Coordenador do curso<\/strong>: Juc\u00e9lio Soares dos Santos<\/p>\r\n<p><strong>Coordenadora Adjunta do curso<\/strong>: Ros\u00e2ngela de Ara\u00fajo Medeiros<\/p>\r\n<p>\r\n\r\n<\/p>\r\n\r\n\r\n\r\n<p><strong>Secret\u00e1rio do curso<\/strong>: Dami\u00e3o Rodrigues de Sousa<\/p>\r\n<p><strong>Fone<\/strong>: (83)\u00a03421-1475\/3421-3251 Ramal 25<br \/><br \/><\/p>\r\n\r\n\r\n\r\n\r\n\r\n\r\n\r\n<p>&nbsp;<\/p>\r\n","protected":false},"excerpt":{"rendered":"<p>Email: coord.computacao.ccea@setor.uepb.edu.br Coordenador do curso: Juc\u00e9lio Soares dos Santos Coordenadora Adjunta do curso: Ros\u00e2ngela de Ara\u00fajo Medeiros Secret\u00e1rio do curso: Dami\u00e3o Rodrigues de Sousa Fone: (83)\u00a03421-1475\/3421-3251 Ramal 25 &nbsp;<\/p>\n","protected":false},"author":21,"featured_media":0,"parent":0,"menu_order":0,"comment_status":"closed","ping_status":"closed","template":"","meta":{"jetpack_post_was_ever_published":false,"footnotes":""},"class_list":["post-36","page","type-page","status-publish","hentry"],"jetpack_sharing_enabled":true,"jetpack_shortlink":"https:\/\/wp.me\/PaWyUo-A","_links":{"self":[{"href":"https:\/\/departamentos.uepb.edu.br\/comp-ccea\/wp-json\/wp\/v2\/pages\/36","targetHints":{"allow":["GET"]}}],"collection":[{"href":"https:\/\/departamentos.uepb.edu.br\/comp-ccea\/wp-json\/wp\/v2\/pages"}],"about":[{"href":"https:\/\/departamentos.uepb.edu.br\/comp-ccea\/wp-json\/wp\/v2\/types\/page"}],"author":[{"embeddable":true,"href":"https:\/\/departamentos.uepb.edu.br\/comp-ccea\/wp-json\/wp\/v2\/users\/21"}],"replies":[{"embeddable":true,"href":"https:\/\/departamentos.uepb.edu.br\/comp-ccea\/wp-json\/wp\/v2\/comments?post=36"}],"version-history":[{"count":9,"href":"https:\/\/departamentos.uepb.edu.br\/comp-ccea\/wp-json\/wp\/v2\/pages\/36\/revisions"}],"predecessor-version":[{"id":559,"href":"https:\/\/departamentos.uepb.edu.br\/comp-ccea\/wp-json\/wp\/v2\/pages\/36\/revisions\/559"}],"wp:attachment":[{"href":"https:\/\/departamentos.uepb.edu.br\/comp-ccea\/wp-json\/wp\/v2\/media?parent=36"}],"curies":[{"name":"wp","href":"https:\/\/api.w.org\/{rel}","templated":true}]}}