{"id":592,"date":"2024-08-01T14:31:04","date_gmt":"2024-08-01T17:31:04","guid":{"rendered":"https:\/\/departamentos.uepb.edu.br\/comp-ccea\/?page_id=592"},"modified":"2024-08-01T15:45:16","modified_gmt":"2024-08-01T18:45:16","slug":"pagina-inicial","status":"publish","type":"page","link":"https:\/\/departamentos.uepb.edu.br\/comp-ccea\/","title":{"rendered":"P\u00e1gina Inicial"},"content":{"rendered":"<div class=\"wpb-content-wrapper\"><p>[vc_row gap=&#8221;30&#8243;][vc_column width=&#8221;2\/3&#8243;][vc_text_separator title=&#8221;Not\u00edcias&#8221; i_icon_fontawesome=&#8221;fas fa-angle-double-right&#8221; i_color=&#8221;custom&#8221; title_align=&#8221;separator_align_left&#8221; css=&#8221;&#8221; add_icon=&#8221;true&#8221; i_custom_color=&#8221;#cc0000&#8243;]<div class=\"mdl-grid\"><div class=\"mdl-cell--12-col bloco-noticias\"><div class=\"titulo-noticia-widget\"><a href=\"https:\/\/departamentos.uepb.edu.br\/comp-ccea\/2022\/08\/22\/https-uepb-edu-br-pro-reitoria-de-graduacao-publica-edital-de-monitoria-para-componentes-curriculares-do-periodo-letivo-2022-2\/\"><h3 class=\"titulo-destaque-noticia\">Pr\u00f3-Reitoria de Gradua\u00e7\u00e3o publica edital de monitoria para componentes curriculares do per\u00edodo letivo 2022.2<\/h3><\/a><\/div><div class=\"titulo-noticia-widget\"><a href=\"https:\/\/departamentos.uepb.edu.br\/comp-ccea\/2022\/03\/30\/pro-reitoria-de-graduacao-divulga-2a-chamada-da-lista-geral-de-espera-do-sistema-de-selecao-unificada-2022-1\/\"><h3 class=\"titulo-destaque-noticia\">Pr\u00f3-Reitoria de Gradua\u00e7\u00e3o divulga 2\u00aa chamada da lista geral de espera do Sistema de Sele\u00e7\u00e3o Unificada 2022.1<\/h3><\/a><\/div><div class=\"titulo-noticia-widget\"><a href=\"https:\/\/departamentos.uepb.edu.br\/comp-ccea\/2022\/03\/10\/prograd-divulga-editais-para-solicitacao-de-reingresso-transferencia-de-campus-e-mudanca-de-turno\/\"><h3 class=\"titulo-destaque-noticia\">PROGRAD divulga editais para solicita\u00e7\u00e3o de reingresso, transfer\u00eancia de c\u00e2mpus e mudan\u00e7a de turno<\/h3><\/a><\/div><div class=\"titulo-noticia-widget\"><a href=\"https:\/\/departamentos.uepb.edu.br\/comp-ccea\/2021\/07\/22\/estagio-supervisionado\/\"><h3 class=\"titulo-destaque-noticia\">Est\u00e1gio Supervisionado<\/h3><\/a><\/div><div class=\"titulo-noticia-widget\"><a href=\"https:\/\/departamentos.uepb.edu.br\/comp-ccea\/2021\/07\/22\/enade-2021\/\"><h3 class=\"titulo-destaque-noticia\">ENADE 2021<\/h3><\/a><\/div><div class=\"titulo-noticia-widget\"><a href=\"https:\/\/departamentos.uepb.edu.br\/comp-ccea\/2021\/07\/11\/divulgado-o-calendario-de-tcc-i-e-ii-para-o-periodo-2020-2\/\"><h3 class=\"titulo-destaque-noticia\">Divulgado o Calend\u00e1rio de TCC I e II para o per\u00edodo 2021.1<\/h3><\/a><\/div><div class=\"titulo-noticia-widget\"><a href=\"https:\/\/departamentos.uepb.edu.br\/comp-ccea\/2021\/03\/03\/divulgado-os-horarios-de-aulas-para-2020-2-remoto\/\"><h3 class=\"titulo-destaque-noticia\">Divulgado os Hor\u00e1rios de Aulas para 2020.2 - remoto<\/h3><\/a><\/div><div class=\"titulo-noticia-widget\"><a href=\"https:\/\/departamentos.uepb.edu.br\/comp-ccea\/2020\/08\/03\/ctic-informa-sobre-necessidade-de-e-mail-institucional-gsuite-para-utilizacao-de-ferramentas-digitais-do-google\/\"><h3 class=\"titulo-destaque-noticia\">CTIC informa sobre necessidade de e-mail institucional GSuite para utiliza\u00e7\u00e3o de ferramentas digitais do Google<\/h3><\/a><\/div><div class=\"titulo-noticia-widget\"><a href=\"https:\/\/departamentos.uepb.edu.br\/comp-ccea\/2019\/07\/01\/sercomp-2019-chamada-para-monitores\/\"><h3 class=\"titulo-destaque-noticia\">SERCOMP 2019 - Chamada para Monitores<\/h3><\/a><\/div><div class=\"titulo-noticia-widget\"><a href=\"https:\/\/departamentos.uepb.edu.br\/comp-ccea\/2019\/06\/29\/divulgada-primeira-chamada-da-lista-de-espera-para-ingresso-na-universidade-estadual-pelo-sisu-2019-2\/\"><h3 class=\"titulo-destaque-noticia\">Divulgada primeira chamada da Lista de Espera para ingresso na Universidade Estadual pelo SiSU 2019.2<\/h3><\/a><\/div><\/div><\/div>[\/vc_column][vc_column width=&#8221;1\/3&#8243;][vc_text_separator title=&#8221;Links \u00fateis&#8221; i_icon_fontawesome=&#8221;fas fa-angle-double-right&#8221; i_color=&#8221;custom&#8221; title_align=&#8221;separator_align_left&#8221; css=&#8221;&#8221; add_icon=&#8221;true&#8221; i_custom_color=&#8221;#cc0000&#8243;][vc_btn title=&#8221;CCEA UEPB &#8211; Campus VII (Patos-PB)&#8221; shape=&#8221;square&#8221; color=&#8221;pink&#8221; size=&#8221;lg&#8221; align=&#8221;left&#8221; css=&#8221;.vc_custom_1722537985653{margin-bottom: 10px !important;}&#8221; button_block=&#8221;true&#8221; link=&#8221;url:https%3A%2F%2Fcentros.uepb.edu.br%2Fccea%2F|target:_blank&#8221;][vc_btn title=&#8221;PROGRAD &#8211; Pr\u00f3-Reitoria de Gradua\u00e7\u00e3o&#8221; shape=&#8221;square&#8221; color=&#8221;juicy-pink&#8221; size=&#8221;lg&#8221; align=&#8221;left&#8221; css=&#8221;.vc_custom_1722537992389{margin-bottom: 10px !important;}&#8221; button_block=&#8221;true&#8221; link=&#8221;url:https%3A%2F%2Fuepb.edu.br%2Fprograd%2F|target:_blank&#8221;][vc_btn title=&#8221;SUAP&#8221; shape=&#8221;square&#8221; color=&#8221;inverse&#8221; size=&#8221;lg&#8221; align=&#8221;left&#8221; css=&#8221;.vc_custom_1722537535044{margin-bottom: 5px !important;}&#8221; button_block=&#8221;true&#8221; link=&#8221;url:http%3A%2F%2Fsuap.uepb.edu.br%2F|target:_blank&#8221;][\/vc_column][\/vc_row]<\/p>\n<\/div>","protected":false},"excerpt":{"rendered":"<p>[vc_row gap=&#8221;30&#8243;][vc_column width=&#8221;2\/3&#8243;][vc_text_separator title=&#8221;Not\u00edcias&#8221; i_icon_fontawesome=&#8221;fas fa-angle-double-right&#8221; i_color=&#8221;custom&#8221; title_align=&#8221;separator_align_left&#8221; css=&#8221;&#8221; add_icon=&#8221;true&#8221; i_custom_color=&#8221;#cc0000&#8243;][\/vc_column][vc_column width=&#8221;1\/3&#8243;][vc_text_separator title=&#8221;Links \u00fateis&#8221; i_icon_fontawesome=&#8221;fas fa-angle-double-right&#8221; i_color=&#8221;custom&#8221; title_align=&#8221;separator_align_left&#8221; css=&#8221;&#8221; add_icon=&#8221;true&#8221; i_custom_color=&#8221;#cc0000&#8243;][vc_btn title=&#8221;CCEA UEPB &#8211; Campus VII (Patos-PB)&#8221; shape=&#8221;square&#8221; color=&#8221;pink&#8221; size=&#8221;lg&#8221; align=&#8221;left&#8221; css=&#8221;.vc_custom_1722537985653{margin-bottom: 10px !important;}&#8221; button_block=&#8221;true&#8221; link=&#8221;url:https%3A%2F%2Fcentros.uepb.edu.br%2Fccea%2F|target:_blank&#8221;][vc_btn title=&#8221;PROGRAD &#8211; Pr\u00f3-Reitoria de Gradua\u00e7\u00e3o&#8221; shape=&#8221;square&#8221; color=&#8221;juicy-pink&#8221; size=&#8221;lg&#8221; align=&#8221;left&#8221; css=&#8221;.vc_custom_1722537992389{margin-bottom: 10px !important;}&#8221; button_block=&#8221;true&#8221; link=&#8221;url:https%3A%2F%2Fuepb.edu.br%2Fprograd%2F|target:_blank&#8221;][vc_btn title=&#8221;SUAP&#8221; shape=&#8221;square&#8221; color=&#8221;inverse&#8221; size=&#8221;lg&#8221; align=&#8221;left&#8221; <a class=\"leiamais\" href=\"https:\/\/departamentos.uepb.edu.br\/comp-ccea\/\">Leia Mais&#8230;<\/a><\/p>\n","protected":false},"author":13,"featured_media":0,"parent":0,"menu_order":0,"comment_status":"closed","ping_status":"closed","template":"","meta":{"jetpack_post_was_ever_published":false,"footnotes":""},"class_list":["post-592","page","type-page","status-publish","hentry"],"jetpack_sharing_enabled":true,"jetpack_shortlink":"https:\/\/wp.me\/PaWyUo-9y","_links":{"self":[{"href":"https:\/\/departamentos.uepb.edu.br\/comp-ccea\/wp-json\/wp\/v2\/pages\/592","targetHints":{"allow":["GET"]}}],"collection":[{"href":"https:\/\/departamentos.uepb.edu.br\/comp-ccea\/wp-json\/wp\/v2\/pages"}],"about":[{"href":"https:\/\/departamentos.uepb.edu.br\/comp-ccea\/wp-json\/wp\/v2\/types\/page"}],"author":[{"embeddable":true,"href":"https:\/\/departamentos.uepb.edu.br\/comp-ccea\/wp-json\/wp\/v2\/users\/13"}],"replies":[{"embeddable":true,"href":"https:\/\/departamentos.uepb.edu.br\/comp-ccea\/wp-json\/wp\/v2\/comments?post=592"}],"version-history":[{"count":8,"href":"https:\/\/departamentos.uepb.edu.br\/comp-ccea\/wp-json\/wp\/v2\/pages\/592\/revisions"}],"predecessor-version":[{"id":605,"href":"https:\/\/departamentos.uepb.edu.br\/comp-ccea\/wp-json\/wp\/v2\/pages\/592\/revisions\/605"}],"wp:attachment":[{"href":"https:\/\/departamentos.uepb.edu.br\/comp-ccea\/wp-json\/wp\/v2\/media?parent=592"}],"curies":[{"name":"wp","href":"https:\/\/api.w.org\/{rel}","templated":true}]}}