{"id":69,"date":"2019-06-16T16:05:41","date_gmt":"2019-06-16T19:05:41","guid":{"rendered":"https:\/\/departamentos.uepb.edu.br\/comp-ccea\/?page_id=69"},"modified":"2019-06-16T16:05:44","modified_gmt":"2019-06-16T19:05:44","slug":"historia","status":"publish","type":"page","link":"https:\/\/departamentos.uepb.edu.br\/comp-ccea\/historia\/","title":{"rendered":"Hist\u00f3ria"},"content":{"rendered":"\n<p>Em 2006, a UEPB passou a implementar um plano de expans\u00e3o para p\u00f3los regionais de desenvolvimento estadual. Tal expans\u00e3o levou em considera\u00e7\u00e3o a import\u00e2ncia para a sociedade paraibana da cria\u00e7\u00e3o de novas oportunidades de forma\u00e7\u00e3o em n\u00edvel superior. <\/p>\n\n\n\n<p>Dentro desse plano de expans\u00e3o o Conselho Universit\u00e1rio da Universidade Estadual da Para\u00edba (CONSUNI), com a aprova\u00e7\u00e3o da RESOLU\u00c7\u00c3O\/UEPB\/CONSUNI\/017\/2006 de 29 de Mar\u00e7o de 2006, criou o Curso de Licenciatura em Computa\u00e7\u00e3o para funcionar no Campus Ant\u00f4nio Mariz (Campus VII), localizado na cidade de Patos-PB.<br><\/p>\n\n\n\n<p>O curso conta com salas de aula climatizadas, dois laborat\u00f3rios pr\u00f3prio de inform\u00e1tica e um amplo acervo bibliogr\u00e1fico dispon\u00edvel para consulta. O corpo docente \u00e9 formado por professores especialistas, mestres e doutores, que atuam em atividades de ensino, pesquisa e extens\u00e3o. \u00a0<\/p>\n\n\n\n<p>Anualmente, t\u00eam sido realizados dois eventos cient\u00edficos para integra\u00e7\u00e3o de alunos e professores, e demais cursos do campus, o Encontro de Tecnologias e Ensino Digital (ENTENDE) e o Congresso Sertanejo de Computa\u00e7\u00e3o (SERCOMP).\u00a0<\/p>\n\n\n\n<p>A primeira turma de concluintes foi formada em 2010.1 e h\u00e1 um projeto para acompanhamento de egressos em fase de implanta\u00e7\u00e3o.<\/p>\n\n\n\n<p>O curso atualmente encontra-se sob a coordena\u00e7\u00e3o dos professores Rodrigo Alves Costa, doutor em Ci\u00eancia da Computa\u00e7\u00e3o pela Universidade Federal de Pernambuco (UFPE), e da professora Jannayna Domingues Barros Filgueira, doutora em Ci\u00eancia da Computa\u00e7\u00e3o pela Universidade Federal do Rio Grande do Norte (UFRN).<\/p>\n","protected":false},"excerpt":{"rendered":"<p>Em 2006, a UEPB passou a implementar um plano de expans\u00e3o para p\u00f3los regionais de desenvolvimento estadual. Tal expans\u00e3o levou em considera\u00e7\u00e3o a import\u00e2ncia para a sociedade paraibana da cria\u00e7\u00e3o de novas oportunidades de forma\u00e7\u00e3o em n\u00edvel superior. Dentro desse plano de expans\u00e3o o Conselho Universit\u00e1rio da Universidade Estadual da Para\u00edba (CONSUNI), com a aprova\u00e7\u00e3o <a class=\"leiamais\" href=\"https:\/\/departamentos.uepb.edu.br\/comp-ccea\/historia\/\">Leia Mais&#8230;<\/a><\/p>\n","protected":false},"author":21,"featured_media":0,"parent":0,"menu_order":0,"comment_status":"closed","ping_status":"closed","template":"","meta":{"jetpack_post_was_ever_published":false,"footnotes":""},"class_list":["post-69","page","type-page","status-publish","hentry"],"jetpack_sharing_enabled":true,"jetpack_shortlink":"https:\/\/wp.me\/PaWyUo-17","_links":{"self":[{"href":"https:\/\/departamentos.uepb.edu.br\/comp-ccea\/wp-json\/wp\/v2\/pages\/69","targetHints":{"allow":["GET"]}}],"collection":[{"href":"https:\/\/departamentos.uepb.edu.br\/comp-ccea\/wp-json\/wp\/v2\/pages"}],"about":[{"href":"https:\/\/departamentos.uepb.edu.br\/comp-ccea\/wp-json\/wp\/v2\/types\/page"}],"author":[{"embeddable":true,"href":"https:\/\/departamentos.uepb.edu.br\/comp-ccea\/wp-json\/wp\/v2\/users\/21"}],"replies":[{"embeddable":true,"href":"https:\/\/departamentos.uepb.edu.br\/comp-ccea\/wp-json\/wp\/v2\/comments?post=69"}],"version-history":[{"count":1,"href":"https:\/\/departamentos.uepb.edu.br\/comp-ccea\/wp-json\/wp\/v2\/pages\/69\/revisions"}],"predecessor-version":[{"id":70,"href":"https:\/\/departamentos.uepb.edu.br\/comp-ccea\/wp-json\/wp\/v2\/pages\/69\/revisions\/70"}],"wp:attachment":[{"href":"https:\/\/departamentos.uepb.edu.br\/comp-ccea\/wp-json\/wp\/v2\/media?parent=69"}],"curies":[{"name":"wp","href":"https:\/\/api.w.org\/{rel}","templated":true}]}}