{"id":71,"date":"2019-06-16T16:07:31","date_gmt":"2019-06-16T19:07:31","guid":{"rendered":"https:\/\/departamentos.uepb.edu.br\/comp-ccea\/?page_id=71"},"modified":"2019-06-16T16:07:33","modified_gmt":"2019-06-16T19:07:33","slug":"regimentos","status":"publish","type":"page","link":"https:\/\/departamentos.uepb.edu.br\/comp-ccea\/regimentos\/","title":{"rendered":"Regimentos"},"content":{"rendered":"\n<ul class=\"wp-block-list\"><li>Para conhecer melhor a estrutura acad\u00eamica, leia o Regimento dos cursos de gradua\u00e7\u00e3o da UEPB dispon\u00edvel\u00a0<a rel=\"noreferrer noopener\" href=\"http:\/\/proreitorias.uepb.edu.br\/prograd\/regimento-da-graduacao\/\" target=\"_blank\">aqui<\/a>.<\/li><li>Para conhecer melhor o curso de Bacharelado em Ci\u00eancia da Computa\u00e7\u00e3o, leia o Projeto Pedag\u00f3gico de Curso\u00a0<a rel=\"noreferrer noopener\" href=\"https:\/\/drive.google.com\/file\/d\/0B34jAq-vG8BcMllaY2JNLVFlSjA\/view?usp=sharing\" target=\"_blank\">aqui<\/a>.<\/li><li>Para conhecer melhor o curso, leia o Plano Pol\u00edtico Pedag\u00f3gico\u00a0de Licenciatura em Computa\u00e7\u00e3o\u00a0dispon\u00edvel\u00a0<a rel=\"noreferrer noopener\" href=\"https:\/\/docs.google.com\/open?id=0B34jAq-vG8BcZUhYMmdhRGhNclE\" target=\"_blank\">aqui<\/a>.<\/li><li>A altera\u00e7\u00e3o na carga hor\u00e1ria da grade curricular (40h para 30h) est\u00e1 dispon\u00edvel\u00a0<a rel=\"noreferrer noopener\" href=\"http:\/\/www.uepb.edu.br\/download\/resolucoes-consepe\/consepe-2011\/031-2011%20APROVA%20A%20CARGA%20HOR%C3%81RIA.pdf\" target=\"_blank\">aqui<\/a>.<\/li><li>Todas as Resolu\u00e7\u00f5es que regulamentam o curso podem ser encontradas\u00a0<a rel=\"noreferrer noopener\" href=\"http:\/\/www.uepb.edu.br\/resolucoes-consepe\/\" target=\"_blank\">aqui<\/a>.<\/li><\/ul>\n\n\n\n<p><\/p>\n","protected":false},"excerpt":{"rendered":"<p>Para conhecer melhor a estrutura acad\u00eamica, leia o Regimento dos cursos de gradua\u00e7\u00e3o da UEPB dispon\u00edvel\u00a0aqui. Para conhecer melhor o curso de Bacharelado em Ci\u00eancia da Computa\u00e7\u00e3o, leia o Projeto Pedag\u00f3gico de Curso\u00a0aqui. Para conhecer melhor o curso, leia o Plano Pol\u00edtico Pedag\u00f3gico\u00a0de Licenciatura em Computa\u00e7\u00e3o\u00a0dispon\u00edvel\u00a0aqui. A altera\u00e7\u00e3o na carga hor\u00e1ria da grade curricular (40h <a class=\"leiamais\" href=\"https:\/\/departamentos.uepb.edu.br\/comp-ccea\/regimentos\/\">Leia Mais&#8230;<\/a><\/p>\n","protected":false},"author":21,"featured_media":0,"parent":0,"menu_order":0,"comment_status":"closed","ping_status":"closed","template":"","meta":{"jetpack_post_was_ever_published":false,"footnotes":""},"class_list":["post-71","page","type-page","status-publish","hentry"],"jetpack_sharing_enabled":true,"jetpack_shortlink":"https:\/\/wp.me\/PaWyUo-19","_links":{"self":[{"href":"https:\/\/departamentos.uepb.edu.br\/comp-ccea\/wp-json\/wp\/v2\/pages\/71","targetHints":{"allow":["GET"]}}],"collection":[{"href":"https:\/\/departamentos.uepb.edu.br\/comp-ccea\/wp-json\/wp\/v2\/pages"}],"about":[{"href":"https:\/\/departamentos.uepb.edu.br\/comp-ccea\/wp-json\/wp\/v2\/types\/page"}],"author":[{"embeddable":true,"href":"https:\/\/departamentos.uepb.edu.br\/comp-ccea\/wp-json\/wp\/v2\/users\/21"}],"replies":[{"embeddable":true,"href":"https:\/\/departamentos.uepb.edu.br\/comp-ccea\/wp-json\/wp\/v2\/comments?post=71"}],"version-history":[{"count":1,"href":"https:\/\/departamentos.uepb.edu.br\/comp-ccea\/wp-json\/wp\/v2\/pages\/71\/revisions"}],"predecessor-version":[{"id":72,"href":"https:\/\/departamentos.uepb.edu.br\/comp-ccea\/wp-json\/wp\/v2\/pages\/71\/revisions\/72"}],"wp:attachment":[{"href":"https:\/\/departamentos.uepb.edu.br\/comp-ccea\/wp-json\/wp\/v2\/media?parent=71"}],"curies":[{"name":"wp","href":"https:\/\/api.w.org\/{rel}","templated":true}]}}