{"id":97,"date":"2019-06-16T16:53:34","date_gmt":"2019-06-16T19:53:34","guid":{"rendered":"https:\/\/departamentos.uepb.edu.br\/comp-ccea\/?page_id=97"},"modified":"2019-06-16T16:53:37","modified_gmt":"2019-06-16T19:53:37","slug":"ouvidoria","status":"publish","type":"page","link":"https:\/\/departamentos.uepb.edu.br\/comp-ccea\/ouvidoria\/","title":{"rendered":"Ouvidoria"},"content":{"rendered":"<p>A Ouvidoria \u00e9 o meio oficial de alunos, professores e funcion\u00e1rios apresentarem seus coment\u00e1rios sobre os diversos aspectos do curso.<\/p>\n<p>A coordena\u00e7\u00e3o ir\u00e1 semanalmente ler as contribui\u00e7\u00f5es e fazer os encaminhamentos que se fizerem necess\u00e1rios. Ao fim de cada m\u00eas, ser\u00e3o postadas aqui no site as principais demandas recebidas e as a\u00e7\u00f5es realizadas para solucion\u00e1-las.<\/p>\n<p>Para contribuir com a melhoria do curso, preencha o formul\u00e1rio dispon\u00edvel <a href=\"https:\/\/docs.google.com\/spreadsheet\/viewform?formkey=dHVfQnNoazRXMFdkSVNoVHdEQjg5aGc6MQ#gid=0\">AQUI<\/a> e ajude-nos a conhecer os pontos fracos e fortes do curso, enviando suas sugest\u00f5es, reclama\u00e7\u00f5es e elogios.<\/p>\n<p>H\u00e1 tamb\u00e9m a Ouvidoria a UEPB, onde \u00e9 poss\u00edvel registrar as impress\u00f5es da universidade como um todo. A ouvidoria da universidade pode ser acessada no link a seguir: <a href=\"http:\/\/www.uepb.edu.br\/paginas-do-menu\/ouvidoria\/\">http:\/\/www.uepb.edu.br\/paginas-do-menu\/ouvidoria\/<\/a><\/p>\n<p>Agradecemos antecipadamente sua contribui\u00e7\u00e3o!<\/p>\n\n\n<p><\/p>\n","protected":false},"excerpt":{"rendered":"<p>A Ouvidoria \u00e9 o meio oficial de alunos, professores e funcion\u00e1rios apresentarem seus coment\u00e1rios sobre os diversos aspectos do curso. A coordena\u00e7\u00e3o ir\u00e1 semanalmente ler as contribui\u00e7\u00f5es e fazer os encaminhamentos que se fizerem necess\u00e1rios. Ao fim de cada m\u00eas, ser\u00e3o postadas aqui no site as principais demandas recebidas e as a\u00e7\u00f5es realizadas para solucion\u00e1-las. <a class=\"leiamais\" href=\"https:\/\/departamentos.uepb.edu.br\/comp-ccea\/ouvidoria\/\">Leia Mais&#8230;<\/a><\/p>\n","protected":false},"author":21,"featured_media":0,"parent":0,"menu_order":0,"comment_status":"closed","ping_status":"closed","template":"","meta":{"jetpack_post_was_ever_published":false,"footnotes":""},"class_list":["post-97","page","type-page","status-publish","hentry"],"jetpack_sharing_enabled":true,"jetpack_shortlink":"https:\/\/wp.me\/PaWyUo-1z","_links":{"self":[{"href":"https:\/\/departamentos.uepb.edu.br\/comp-ccea\/wp-json\/wp\/v2\/pages\/97","targetHints":{"allow":["GET"]}}],"collection":[{"href":"https:\/\/departamentos.uepb.edu.br\/comp-ccea\/wp-json\/wp\/v2\/pages"}],"about":[{"href":"https:\/\/departamentos.uepb.edu.br\/comp-ccea\/wp-json\/wp\/v2\/types\/page"}],"author":[{"embeddable":true,"href":"https:\/\/departamentos.uepb.edu.br\/comp-ccea\/wp-json\/wp\/v2\/users\/21"}],"replies":[{"embeddable":true,"href":"https:\/\/departamentos.uepb.edu.br\/comp-ccea\/wp-json\/wp\/v2\/comments?post=97"}],"version-history":[{"count":1,"href":"https:\/\/departamentos.uepb.edu.br\/comp-ccea\/wp-json\/wp\/v2\/pages\/97\/revisions"}],"predecessor-version":[{"id":98,"href":"https:\/\/departamentos.uepb.edu.br\/comp-ccea\/wp-json\/wp\/v2\/pages\/97\/revisions\/98"}],"wp:attachment":[{"href":"https:\/\/departamentos.uepb.edu.br\/comp-ccea\/wp-json\/wp\/v2\/media?parent=97"}],"curies":[{"name":"wp","href":"https:\/\/api.w.org\/{rel}","templated":true}]}}