{"id":22,"date":"2012-07-03T14:25:42","date_gmt":"2012-07-03T14:25:42","guid":{"rendered":"https:\/\/departamentos.uepb.edu.br\/estatistica\/?page_id=22"},"modified":"2025-09-11T19:01:58","modified_gmt":"2025-09-11T22:01:58","slug":"corpo-docente","status":"publish","type":"page","link":"https:\/\/departamentos.uepb.edu.br\/estatistica\/corpo-docente\/","title":{"rendered":"Corpo docente"},"content":{"rendered":"<p><strong>Docentes Permanentes<\/strong><\/p>\n<p>&nbsp;<\/p>\n<p>Ana Patr\u00edcia Bastos Peixoto<\/p>\n<p>Cargo: Professor Doutor C<\/p>\n<p>Titula\u00e7\u00e3o: Doutora<\/p>\n<p>\u00c1rea de Interesse: Planejamento e an\u00e1lise de experimentos; Modelos de regress\u00e3o n\u00e3o linear; M\u00e9todos multivariados.<\/p>\n<p>Lattes: <a href=\"http:\/\/lattes.cnpq.br\/9225009996177154\" target=\"_blank\" rel=\"noopener noreferrer\">http:\/\/lattes.cnpq.br\/9225009996177154<\/a><\/p>\n<p>e-mail: anapatricia@cct.uepb.edu.br<\/p>\n<p>&nbsp;<\/p>\n<p>Divanilda Maia Esteves<\/p>\n<p>Cargo: Professor Doutor Associado A<\/p>\n<p>Titula\u00e7\u00e3o: Doutora<\/p>\n<p>\u00c1rea de Interesse: Probabilidade e Processos estoc\u00e1sticos.<\/p>\n<p>Lattes: <a href=\"http:\/\/lattes.cnpq.br\/0088762333310000\" target=\"_blank\" rel=\"noopener noreferrer\">http:\/\/lattes.cnpq.br\/0088762333310000<\/a><\/p>\n<p>e-mail: diana.maia@gmail.com<\/p>\n<p>&nbsp;<\/p>\n<p>Elias Dias Coelho Neto<\/p>\n<p>Cargo: Professor Doutor B<\/p>\n<p>Titula\u00e7\u00e3o: Doutor<\/p>\n<p>\u00c1rea de Interesse: Gen\u00e9tica de Popula\u00e7\u00f5es; Modelos Neutros Ecol\u00f3gicos.<\/p>\n<p>Lattes: <a href=\"http:\/\/lattes.cnpq.br\/3898684024508889\" target=\"_blank\" rel=\"noopener noreferrer\">http:\/\/lattes.cnpq.br\/3898684024508889<\/a><\/p>\n<p>e-mail: eliasdc@gmail.co<\/p>\n<p>&nbsp;<\/p>\n<p>Edwirde Luiz Silva<\/p>\n<p>Cargo: Professor Doutor Associado A<\/p>\n<p>Titula\u00e7\u00e3o: Doutor<\/p>\n<p>\u00c1rea de Interesse: M\u00e9todos Multivariados; Redes neurais.<\/p>\n<p>Lattes: <a href=\"http:\/\/lattes.cnpq.br\/1696321149610614\" target=\"_blank\" rel=\"noopener noreferrer\">http:\/\/lattes.cnpq.br\/1696321149610614<\/a><\/p>\n<p>e-mail: edwirde@uepb.edu.br<\/p>\n<p>&nbsp;<\/p>\n<p>Gustavo Henrique Esteves<\/p>\n<p>Cargo: Professor Doutor Associado A<\/p>\n<p>Titula\u00e7\u00e3o: Doutor<\/p>\n<p>\u00c1rea de Interesse: Bioinform\u00e1tica;<\/p>\n<p>Lattes: <a href=\"http:\/\/lattes.cnpq.br\/0807322008863049\" target=\"_blank\" rel=\"noopener noreferrer\">http:\/\/lattes.cnpq.br\/0807322008863049<\/a><\/p>\n<p>e-mail: gesteves@gmail.com<\/p>\n<p>Pagina Pessoal: <a href=\"http:\/\/professores.uepb.edu.br\/gesteves\/\">http:\/\/professores.uepb.edu.br\/gesteves\/<\/a><\/p>\n<p>&nbsp;<\/p>\n<p>M\u00e1cio Augusto de Albuquerque<\/p>\n<p>Cargo: Professor Doutor B<\/p>\n<p>Titula\u00e7\u00e3o: Doutor<\/p>\n<p>\u00c1rea de Interesse: Probabilidade e estat\u00edstica; M\u00e9todos multivariados.<\/p>\n<p>Lattes:<a href=\"http:\/\/lattes.cnpq.br\/0787613042987844\" target=\"_blank\" rel=\"noopener noreferrer\"> http:\/\/lattes.cnpq.br\/0787613042987844<\/a><\/p>\n<p>e-mail: macioaa@uol.com.br\/marcioaa@uepb.edu.br<\/p>\n<p>&nbsp;<\/p>\n<p>Pedro Cezar Pereira Coelho<\/p>\n<p>Cargo: Professor Doutor A<\/p>\n<p>Titula\u00e7\u00e3o: Doutor<\/p>\n<p>Area de Interesse: Amostragem; Educa\u00e7\u00e3o Estat\u00edstica.<\/p>\n<p>Lattes: <a href=\"http:\/\/lattes.cnpq.br\/5800078647608597\" target=\"_blank\" rel=\"noopener noreferrer\">http:\/\/lattes.cnpq.br\/5800078647608597<\/a><\/p>\n<p>e-mail: pedrocezar@oi.com.br<\/p>\n<p>&nbsp;<\/p>\n<p>Ricardo Alves de Olinda<\/p>\n<p>Cargo: Professor Doutor C<\/p>\n<p>Titula\u00e7\u00e3o: Doutor<\/p>\n<p>\u00c1rea de Interesse: Estat\u00edstica espacial, Extremos espaciais, Teoria de valores extremos, planejamento e an\u00e1lise de experimentos e M\u00e9todos multivariados<\/p>\n<p>Lattes: <a href=\"http:\/\/lattes.cnpq.br\/7767223263366578\" target=\"_blank\" rel=\"noopener noreferrer\">http:\/\/lattes.cnpq.br\/7767223263366578<\/a><\/p>\n<p>e-mail: prof_ricardo@servidor.uepb.edu.br<\/p>\n<p>&nbsp;<\/p>\n<p>S\u00edlvio Fernando Alves Xavier J\u00fanior<\/p>\n<p>Cargo: Professor Doutor A<\/p>\n<p>Titula\u00e7\u00e3o: Doutor<\/p>\n<p>\u00c1rea de Interesse: Infer\u00eancia estat\u00edstica; An\u00e1lise de tend\u00eancias; S\u00e9ries tempor\u00e1is.<\/p>\n<p>Lattes: <a href=\"http:\/\/lattes.cnpq.br\/7089093133803231\" target=\"_blank\" rel=\"noopener noreferrer\">http:\/\/lattes.cnpq.br\/7089093133803231<\/a><\/p>\n<p>e-mail: silvio@cct.uepb.edu.br<\/p>\n<p>&nbsp;<\/p>\n<p>Tiago Almeida de Oliveira<\/p>\n<p>Cargo: Professor Doutor C<\/p>\n<p>Titula\u00e7\u00e3o: Doutor<\/p>\n<p>\u00c1rea de Interesse: Modelos de regress\u00e3o; Modelos Mistos; Modelos lineares generalizados; An\u00e1lise de sobreviv\u00eancia.<\/p>\n<p>Lattes: <a href=\"http:\/\/lattes.cnpq.br\/9996806607402954\" target=\"_blank\" rel=\"noopener noreferrer\">http:\/\/lattes.cnpq.br\/9996806607402954<\/a><\/p>\n<p>e-mail: tadolive@cct.uepb.edu.br<\/p>\n<p>Pagina Pessoal: <a href=\"http:\/\/professores.uepb.edu.br\/tiagoalmeida\/\" target=\"_blank\" rel=\"noopener noreferrer\">http:\/\/professores.uepb.edu.br\/tiagoalmeida\/<\/a><\/p>\n<p>&nbsp;<\/p>\n<p>Walber Alexandre Belo<\/p>\n<p>Titula\u00e7\u00e3o: Graduado<\/p>\n<p>\u00c1rea de Interesse: Probabilidade e Estat\u00edstica<\/p>\n<p>Lattes:<\/p>\n<p>e-mail: walbalexandre@gmail.com<\/p>\n<p>&nbsp;<\/p>\n<p>&nbsp;<\/p>\n<p><strong>Docentes Colaboradores<\/strong><\/p>\n<ul>\n<li><span class=\"fontstyle0\">Albaro Ramon Paiva Sanz &#8211; albaropaiva@servidor.uepb.edu.br\u00a0<\/span><\/li>\n<li><span class=\"fontstyle0\">David Ven\u00e2ncio da Cruz &#8211; venancio.cruz@servidor.uepb.edu.br\u00a0<\/span><\/li>\n<li><span class=\"fontstyle0\">Dayane Nascimento Sobreira &#8211; dayanessobreira@servidor.uepb.edu.br\u00a0<\/span><\/li>\n<li><span class=\"fontstyle0\">F\u00e1bio Azevedo de Souza &#8211; fabio.azevedo@servidor.uepb.edu.br<\/span><\/li>\n<li>Fernanda Clotilde da Silva &#8211; fernanda.clotilde@gmail.com<\/li>\n<li>Hiago Jos\u00e9 Andrade de Albuquerque Martins &#8211; hiago.martins@servidor.uepb.edu.br<\/li>\n<li>Lucas Cardoso Pereira &#8211; lucascardoso@servidor.uepb.edu.br<\/li>\n<li><a href=\"http:\/\/lattes.cnpq.br\/8693742313046596\" target=\"_blank\" rel=\"noopener noreferrer\">Maria das Vit\u00f3rias Alexandre Serafim<\/a> &#8211; <span class=\"fontstyle0\">vitoria.serafim@servidor.uepb.edu.br<\/span><\/li>\n<li><span class=\"fontstyle0\">Maria Joseane Cruz da Silva &#8211; maria.joseane@servidor.uepb.edu.br\u00a0<\/span><\/li>\n<li>Rom\u00e1rio de Sousa Almeida &#8211; romario.almeida@servidor.uepb.edu.br<\/li>\n<\/ul>\n<p><strong>Docentes Aposentados<\/strong><\/p>\n<p>Fernando Bezerra Cavalcant<\/p>\n<p>Titula\u00e7\u00e3o: Mestre<\/p>\n<p>\u00c1rea: Planejamento e an\u00e1lise de experimentos.<br \/>\nFrancisco Guedes<\/p>\n<p>Titula\u00e7\u00e3o: Graduado<\/p>\n<p>\u00c1rea de Interesse: Probabilidade e Estat\u00edstica<\/p>\n<p>Jo\u00e3o Gil de Luna<\/p>\n<p>Cargo: Professor Doutor Titular<\/p>\n<p>Titula\u00e7\u00e3o: Doutor<\/p>\n<p>Area de Interesse: Planejamento e an\u00e1lise de experimentos; Modelos lineares; M\u00e9todos multivariados.<\/p>\n<p>Paulo Jorge Soares Azevedo<\/p>\n<p>Titula\u00e7\u00e3o: Doutor<\/p>\n<p>\u00c1rea de Interesse: Pesquisa e marketing<\/p>\n<p>Juarez Fernandes de Oliveira<\/p>\n<p>Cargo: Professor Mestre<\/p>\n<p>Titula\u00e7\u00e3o: Mestre<\/p>\n<p>\u00c1rea de Interesse: Amostragem; M\u00e9todos multivariados.<\/p>\n<p>Lattes: <a href=\"http:\/\/lattes.cnpq.br\/6323220572460396\" target=\"_blank\" rel=\"noopener noreferrer\">http:\/\/lattes.cnpq.br\/6323220572460396<\/a><\/p>\n<p>e-mail: livculturapb@gmail.com<\/p>\n","protected":false},"excerpt":{"rendered":"<p>Docentes Permanentes &nbsp; Ana Patr\u00edcia Bastos Peixoto Cargo: Professor Doutor C Titula\u00e7\u00e3o: Doutora \u00c1rea de Interesse: Planejamento e an\u00e1lise de experimentos; Modelos de regress\u00e3o n\u00e3o linear; M\u00e9todos multivariados. Lattes: http:\/\/lattes.cnpq.br\/9225009996177154 e-mail: anapatricia@cct.uepb.edu.br &nbsp; Divanilda Maia Esteves Cargo: Professor Doutor Associado A Titula\u00e7\u00e3o: Doutora \u00c1rea de Interesse: Probabilidade e Processos estoc\u00e1sticos. Lattes: http:\/\/lattes.cnpq.br\/0088762333310000 e-mail: diana.maia@gmail.com &nbsp; <a class=\"leiamais\" href=\"https:\/\/departamentos.uepb.edu.br\/estatistica\/corpo-docente\/\">Leia Mais&#8230;<\/a><\/p>\n","protected":false},"author":3,"featured_media":0,"parent":0,"menu_order":12,"comment_status":"open","ping_status":"open","template":"","meta":{"jetpack_post_was_ever_published":false,"footnotes":""},"class_list":["post-22","page","type-page","status-publish","hentry"],"jetpack_sharing_enabled":true,"jetpack_shortlink":"https:\/\/wp.me\/P7IIha-m","_links":{"self":[{"href":"https:\/\/departamentos.uepb.edu.br\/estatistica\/wp-json\/wp\/v2\/pages\/22","targetHints":{"allow":["GET"]}}],"collection":[{"href":"https:\/\/departamentos.uepb.edu.br\/estatistica\/wp-json\/wp\/v2\/pages"}],"about":[{"href":"https:\/\/departamentos.uepb.edu.br\/estatistica\/wp-json\/wp\/v2\/types\/page"}],"author":[{"embeddable":true,"href":"https:\/\/departamentos.uepb.edu.br\/estatistica\/wp-json\/wp\/v2\/users\/3"}],"replies":[{"embeddable":true,"href":"https:\/\/departamentos.uepb.edu.br\/estatistica\/wp-json\/wp\/v2\/comments?post=22"}],"version-history":[{"count":43,"href":"https:\/\/departamentos.uepb.edu.br\/estatistica\/wp-json\/wp\/v2\/pages\/22\/revisions"}],"predecessor-version":[{"id":770,"href":"https:\/\/departamentos.uepb.edu.br\/estatistica\/wp-json\/wp\/v2\/pages\/22\/revisions\/770"}],"wp:attachment":[{"href":"https:\/\/departamentos.uepb.edu.br\/estatistica\/wp-json\/wp\/v2\/media?parent=22"}],"curies":[{"name":"wp","href":"https:\/\/api.w.org\/{rel}","templated":true}]}}