{"id":28,"date":"2012-07-03T14:26:15","date_gmt":"2012-07-03T14:26:15","guid":{"rendered":"https:\/\/departamentos.uepb.edu.br\/estatistica\/?page_id=28"},"modified":"2025-09-11T17:34:03","modified_gmt":"2025-09-11T20:34:03","slug":"contato","status":"publish","type":"page","link":"https:\/\/departamentos.uepb.edu.br\/estatistica\/contato\/","title":{"rendered":"Contato"},"content":{"rendered":"<p><strong>Chefe de Departamento<\/strong><\/p>\n<p>Prof. Dr. Elias Dias Coelho Neto<br \/>\n<strong>e-mail:<\/strong> eliasdc@gmail.com<\/p>\n<p><strong>Chefe Adjunto de Departamento<\/strong><\/p>\n<p>Prof. Dr. S\u00edlvio Fernando Alves Xavier Jr.<br \/>\n<strong>e-mail: <\/strong>profsilviofernando@gmail.com<strong><br \/>\n<\/strong><\/p>\n<p><strong>Secret\u00e1ria da Chefia<\/strong><br \/>\nTereza Gabriely Mendes Monteiro de Asevedo<br \/>\n<strong>e-mail:<\/strong> depto.estatistica.cct@setor.uepb.edu.br<\/p>\n<p><strong>Coordenador de Curso<\/strong><\/p>\n<p>Prof. Dra. Ana Patr\u00edcia Bastos Peixoto<br \/>\n<strong>e-mail:<\/strong>anapatricia@cct.uepb.edu.br<\/p>\n<p><strong>Coordenador Adjunto de Curso<\/strong><\/p>\n<p>Divanilda Maia Esteves<br \/>\n<strong>e-mail:<\/strong>diana.maia@servidor.uepb.edu.br<\/p>\n<p><strong>Secret\u00e1ria da Coordena\u00e7\u00e3o<\/strong><br \/>\nIsadora Ribeiro de Andrade<br \/>\n<strong>e-mail<\/strong>: coordenacao.estatistica@gsuite.uepb.edu.br<\/p>\n<p><strong>Telefone:<\/strong> 3315-3459<\/p>\n","protected":false},"excerpt":{"rendered":"<p>Chefe de Departamento Prof. Dr. Elias Dias Coelho Neto e-mail: eliasdc@gmail.com Chefe Adjunto de Departamento Prof. Dr. S\u00edlvio Fernando Alves Xavier Jr. e-mail: profsilviofernando@gmail.com Secret\u00e1ria da Chefia Tereza Gabriely Mendes Monteiro de Asevedo e-mail: depto.estatistica.cct@setor.uepb.edu.br Coordenador de Curso Prof. Dra. Ana Patr\u00edcia Bastos Peixoto e-mail:anapatricia@cct.uepb.edu.br Coordenador Adjunto de Curso Divanilda Maia Esteves e-mail:diana.maia@servidor.uepb.edu.br Secret\u00e1ria da <a class=\"leiamais\" href=\"https:\/\/departamentos.uepb.edu.br\/estatistica\/contato\/\">Leia Mais&#8230;<\/a><\/p>\n","protected":false},"author":19,"featured_media":0,"parent":0,"menu_order":11,"comment_status":"open","ping_status":"open","template":"","meta":{"jetpack_post_was_ever_published":false,"footnotes":""},"class_list":["post-28","page","type-page","status-publish","hentry"],"jetpack_sharing_enabled":true,"jetpack_shortlink":"https:\/\/wp.me\/P7IIha-s","_links":{"self":[{"href":"https:\/\/departamentos.uepb.edu.br\/estatistica\/wp-json\/wp\/v2\/pages\/28","targetHints":{"allow":["GET"]}}],"collection":[{"href":"https:\/\/departamentos.uepb.edu.br\/estatistica\/wp-json\/wp\/v2\/pages"}],"about":[{"href":"https:\/\/departamentos.uepb.edu.br\/estatistica\/wp-json\/wp\/v2\/types\/page"}],"author":[{"embeddable":true,"href":"https:\/\/departamentos.uepb.edu.br\/estatistica\/wp-json\/wp\/v2\/users\/19"}],"replies":[{"embeddable":true,"href":"https:\/\/departamentos.uepb.edu.br\/estatistica\/wp-json\/wp\/v2\/comments?post=28"}],"version-history":[{"count":20,"href":"https:\/\/departamentos.uepb.edu.br\/estatistica\/wp-json\/wp\/v2\/pages\/28\/revisions"}],"predecessor-version":[{"id":766,"href":"https:\/\/departamentos.uepb.edu.br\/estatistica\/wp-json\/wp\/v2\/pages\/28\/revisions\/766"}],"wp:attachment":[{"href":"https:\/\/departamentos.uepb.edu.br\/estatistica\/wp-json\/wp\/v2\/media?parent=28"}],"curies":[{"name":"wp","href":"https:\/\/api.w.org\/{rel}","templated":true}]}}