{"id":35,"date":"2024-08-06T10:40:21","date_gmt":"2024-08-06T13:40:21","guid":{"rendered":"https:\/\/departamentos.uepb.edu.br\/fisicaccts\/?page_id=35"},"modified":"2024-08-06T10:49:34","modified_gmt":"2024-08-06T13:49:34","slug":"pagina-inicial","status":"publish","type":"page","link":"https:\/\/departamentos.uepb.edu.br\/fisicaccts\/","title":{"rendered":"P\u00e1gina Inicial"},"content":{"rendered":"<div class=\"wpb-content-wrapper\"><p>[vc_row gap=&#8221;30&#8243;][vc_column width=&#8221;3\/4&#8243;][vc_text_separator title=&#8221;Not\u00edcias&#8221; i_icon_fontawesome=&#8221;fas fa-angle-double-right&#8221; i_color=&#8221;custom&#8221; title_align=&#8221;separator_align_left&#8221; css=&#8221;.vc_custom_1722951871514{margin-top: 30px !important;}&#8221; add_icon=&#8221;true&#8221; i_custom_color=&#8221;#cc0000&#8243;]<div class=\"mdl-grid\"><div class=\"mdl-cell--12-col bloco-noticias\"><div class=\"titulo-noticia-widget\"><a href=\"https:\/\/departamentos.uepb.edu.br\/fisicaccts\/2016\/09\/21\/campus-de-araruna-comemora-seis-anos-de-fundacao-com-atividades-academicas-e-culturais\/\"><h3 class=\"titulo-destaque-noticia\">C\u00e2mpus de Araruna comemora seis anos de funda\u00e7\u00e3o com atividades acad\u00eamicas e culturais<\/h3><\/a><\/div><div class=\"titulo-noticia-widget\"><a href=\"https:\/\/departamentos.uepb.edu.br\/fisicaccts\/2016\/09\/12\/campus-viii-celebra-sexto-aniversario-com-feira-cientifico-cultural-atividades-culturais-e-extensionistas\/\"><h3 class=\"titulo-destaque-noticia\">C\u00e2mpus VIII celebra sexto anivers\u00e1rio com feira cient\u00edfico-cultural, atividades culturais e extensionistas<\/h3><\/a><\/div><div class=\"titulo-noticia-widget\"><a href=\"https:\/\/departamentos.uepb.edu.br\/fisicaccts\/2016\/07\/11\/empossados-novos-diretores-do-centro-de-ciencias-tecnologia-e-saude-da-universidade-estadual\/\"><h3 class=\"titulo-destaque-noticia\">Empossados novos diretores do Centro de Ci\u00eancias, Tecnologia e Sa\u00fade da Universidade Estadual<\/h3><\/a><\/div><div class=\"titulo-noticia-widget\"><a href=\"https:\/\/departamentos.uepb.edu.br\/fisicaccts\/2016\/02\/19\/novas-estruturas-dos-cursos-de-engenharia-civil-fisica-e-odontologia-sao-entregues-a-comunidade-do-campus-viii\/\"><h3 class=\"titulo-destaque-noticia\">Novas estruturas dos cursos de Engenharia Civil, F\u00edsica e Odontologia s\u00e3o entregues a comunidade do C\u00e2mpus VIII<\/h3><\/a><\/div><\/div><\/div>[\/vc_column][vc_column width=&#8221;1\/4&#8243;][vc_text_separator title=&#8221;Links \u00fateis&#8221; i_icon_fontawesome=&#8221;fas fa-angle-double-right&#8221; i_color=&#8221;custom&#8221; title_align=&#8221;separator_align_left&#8221; css=&#8221;.vc_custom_1722951919026{margin-top: 30px !important;}&#8221; add_icon=&#8221;true&#8221; i_custom_color=&#8221;#cc0000&#8243;][vc_btn title=&#8221;SUAP&#8221; shape=&#8221;square&#8221; color=&#8221;inverse&#8221; size=&#8221;lg&#8221; align=&#8221;left&#8221; css=&#8221;.vc_custom_1722952182745{margin-bottom: 5px !important;}&#8221; button_block=&#8221;true&#8221; link=&#8221;url:http%3A%2F%2Fsuap.uepb.edu.br%2F|target:_blank&#8221;][vc_btn title=&#8221;CCTS&#8221; shape=&#8221;square&#8221; color=&#8221;inverse&#8221; size=&#8221;lg&#8221; align=&#8221;left&#8221; css=&#8221;.vc_custom_1722952257284{margin-bottom: 5px !important;}&#8221; button_block=&#8221;true&#8221; link=&#8221;url:https%3A%2F%2Fcentros.uepb.edu.br%2Fccts%2F|target:_blank&#8221;][\/vc_column][\/vc_row]<\/p>\n<\/div>","protected":false},"excerpt":{"rendered":"<p>[vc_row gap=&#8221;30&#8243;][vc_column width=&#8221;3\/4&#8243;][vc_text_separator title=&#8221;Not\u00edcias&#8221; i_icon_fontawesome=&#8221;fas fa-angle-double-right&#8221; i_color=&#8221;custom&#8221; title_align=&#8221;separator_align_left&#8221; css=&#8221;.vc_custom_1722951871514{margin-top: 30px !important;}&#8221; add_icon=&#8221;true&#8221; i_custom_color=&#8221;#cc0000&#8243;][\/vc_column][vc_column width=&#8221;1\/4&#8243;][vc_text_separator title=&#8221;Links \u00fateis&#8221; i_icon_fontawesome=&#8221;fas fa-angle-double-right&#8221; i_color=&#8221;custom&#8221; title_align=&#8221;separator_align_left&#8221; css=&#8221;.vc_custom_1722951919026{margin-top: 30px !important;}&#8221; add_icon=&#8221;true&#8221; i_custom_color=&#8221;#cc0000&#8243;][vc_btn title=&#8221;SUAP&#8221; shape=&#8221;square&#8221; color=&#8221;inverse&#8221; size=&#8221;lg&#8221; align=&#8221;left&#8221; css=&#8221;.vc_custom_1722952182745{margin-bottom: 5px !important;}&#8221; button_block=&#8221;true&#8221; link=&#8221;url:http%3A%2F%2Fsuap.uepb.edu.br%2F|target:_blank&#8221;][vc_btn title=&#8221;CCTS&#8221; shape=&#8221;square&#8221; color=&#8221;inverse&#8221; size=&#8221;lg&#8221; align=&#8221;left&#8221; css=&#8221;.vc_custom_1722952257284{margin-bottom: 5px !important;}&#8221; button_block=&#8221;true&#8221; link=&#8221;url:https%3A%2F%2Fcentros.uepb.edu.br%2Fccts%2F|target:_blank&#8221;][\/vc_column][\/vc_row]<\/p>\n","protected":false},"author":13,"featured_media":0,"parent":0,"menu_order":0,"comment_status":"closed","ping_status":"closed","template":"","meta":{"footnotes":""},"class_list":["post-35","page","type-page","status-publish","hentry"],"_links":{"self":[{"href":"https:\/\/departamentos.uepb.edu.br\/fisicaccts\/wp-json\/wp\/v2\/pages\/35","targetHints":{"allow":["GET"]}}],"collection":[{"href":"https:\/\/departamentos.uepb.edu.br\/fisicaccts\/wp-json\/wp\/v2\/pages"}],"about":[{"href":"https:\/\/departamentos.uepb.edu.br\/fisicaccts\/wp-json\/wp\/v2\/types\/page"}],"author":[{"embeddable":true,"href":"https:\/\/departamentos.uepb.edu.br\/fisicaccts\/wp-json\/wp\/v2\/users\/13"}],"replies":[{"embeddable":true,"href":"https:\/\/departamentos.uepb.edu.br\/fisicaccts\/wp-json\/wp\/v2\/comments?post=35"}],"version-history":[{"count":7,"href":"https:\/\/departamentos.uepb.edu.br\/fisicaccts\/wp-json\/wp\/v2\/pages\/35\/revisions"}],"predecessor-version":[{"id":42,"href":"https:\/\/departamentos.uepb.edu.br\/fisicaccts\/wp-json\/wp\/v2\/pages\/35\/revisions\/42"}],"wp:attachment":[{"href":"https:\/\/departamentos.uepb.edu.br\/fisicaccts\/wp-json\/wp\/v2\/media?parent=35"}],"curies":[{"name":"wp","href":"https:\/\/api.w.org\/{rel}","templated":true}]}}