{"id":9,"date":"2017-03-06T08:53:13","date_gmt":"2017-03-06T11:53:13","guid":{"rendered":"https:\/\/departamentos.uepb.edu.br\/fisicaccts\/?page_id=9"},"modified":"2017-03-08T07:43:05","modified_gmt":"2017-03-08T10:43:05","slug":"o-curso","status":"publish","type":"page","link":"https:\/\/departamentos.uepb.edu.br\/fisicaccts\/o-curso\/","title":{"rendered":"O Curso"},"content":{"rendered":"<p>O curso de Licenciatura em F\u00edsica do Centro de Ci\u00eancias, Tecnologia e Sa\u00fade &#8211; CCTS da Universidade Estadual da Para\u00edba (RESOLU\u00c7\u00c3O UEPB\/CONSUNI\/030-2013) tem por objetivo formar professores licenciados em F\u00edsica, preparando-os para o pleno exerc\u00edcio do magist\u00e9rio na Educa\u00e7\u00e3o B\u00e1sica e suas respectivas etapas e modalidades educacionais ou para a atua\u00e7\u00e3o em espa\u00e7os n\u00e3o formais de ensino e educa\u00e7\u00e3o cient\u00edfica a partir de um percurso formativo fundado num curr\u00edculo moderno que contempla e alia as s\u00f3lidas forma\u00e7\u00f5es em F\u00edsica e did\u00e1tico-pedag\u00f3gicas, sobretudo na rela\u00e7\u00e3o indissoci\u00e1vel entre teoria e pr\u00e1tica. A integraliza\u00e7\u00e3o curricular da Licenciatura em F\u00edsica compreende 3.275 horas, dentre componentes, est\u00e1gios curriculares e Atividades Acad\u00eamico Cient\u00edfico-Culturais (AACC).<\/p>\n<p><strong>Turno:<\/strong> Matutino e Vespertino<\/p>\n<p><strong>Dura\u00e7\u00e3o:<\/strong> M\u00ednimo de 8 semestres e m\u00e1ximo de 12 semestres.<\/p>\n<p><strong>Coordenador:<\/strong> Prof. Dr. Jos\u00e9 Jamilton Rodrigues dos Santos \u2013 <a href=\"mailto:jjrodrigues@uepb.edu.br\">jjrodrigues@uepb.edu.br<\/a><\/p>\n<p><strong>Coordenador adjunto:<\/strong> Prof. Dr. Jo\u00e3o Hugo Baracuy da Cunha Campos \u2013 <a href=\"mailto:joaohugo@uepb.edu.br\">joaohugo@uepb.edu.br<\/a><\/p>\n<p><strong>Modalidade:<\/strong> Seriado\/Semestral<\/p>\n<p><strong>Regime acad\u00eamico:<\/strong> Integral<\/p>\n<p><strong>Cria\u00e7\u00e3o:<\/strong> RESOLU\u00c7\u00c3O\/UEPB\/CONSUNI\/030\/2013<\/p>\n<p><strong>Forma\u00e7\u00e3o profissional:<\/strong> Licenciado em F\u00edsica<\/p>\n<p><strong>Campo de atua\u00e7\u00e3o profissional:<\/strong> Ensino de F\u00edsica<\/p>\n<p><strong>Secret\u00e1rio do Curso:<\/strong> Jos\u00e9 Lucenildo Morais &#8211; lucenildo_10@hotmail.com<\/p>\n<p><strong>Contato:<\/strong> 83 3373 1040<\/p>\n<p><strong>Colegiado do Curso:<\/strong><\/p>\n<ul>\n<li>Altamir Souto Dias \u2013 <a href=\"mailto:asoutodias@gmail.com\">asoutodias@gmail.com<\/a><\/li>\n<li>Jo\u00e3o Hugo Baracuy da Cunha Campus \u2013 <a href=\"mailto:jhugocampos@yahoo.com.br\">jhugocampos@yahoo.com.br<\/a><\/li>\n<li>Jos\u00e9 Jamilton Rodrigues dos Santos \u2013 <a href=\"mailto:jamiltonrodrigues@gmail.com\">jamiltonrodrigues@gmail.com<\/a><\/li>\n<li>Mario C\u00e9sar Soares Xavier \u2013 <a href=\"mailto:cesar@ccts.uepb.edu.br\">cesar@ccts.uepb.edu.br<\/a><\/li>\n<\/ul>\n","protected":false},"excerpt":{"rendered":"<p>O curso de Licenciatura em F\u00edsica do Centro de Ci\u00eancias, Tecnologia e Sa\u00fade &#8211; CCTS da Universidade Estadual da Para\u00edba (RESOLU\u00c7\u00c3O UEPB\/CONSUNI\/030-2013) tem por objetivo formar professores licenciados em F\u00edsica, preparando-os para o pleno exerc\u00edcio do magist\u00e9rio na Educa\u00e7\u00e3o B\u00e1sica e suas respectivas etapas e modalidades educacionais ou para a atua\u00e7\u00e3o em espa\u00e7os n\u00e3o formais <a class=\"leiamais\" href=\"https:\/\/departamentos.uepb.edu.br\/fisicaccts\/o-curso\/\">Leia Mais&#8230;<\/a><\/p>\n","protected":false},"author":4,"featured_media":0,"parent":0,"menu_order":0,"comment_status":"closed","ping_status":"closed","template":"","meta":{"footnotes":""},"class_list":["post-9","page","type-page","status-publish","hentry"],"_links":{"self":[{"href":"https:\/\/departamentos.uepb.edu.br\/fisicaccts\/wp-json\/wp\/v2\/pages\/9","targetHints":{"allow":["GET"]}}],"collection":[{"href":"https:\/\/departamentos.uepb.edu.br\/fisicaccts\/wp-json\/wp\/v2\/pages"}],"about":[{"href":"https:\/\/departamentos.uepb.edu.br\/fisicaccts\/wp-json\/wp\/v2\/types\/page"}],"author":[{"embeddable":true,"href":"https:\/\/departamentos.uepb.edu.br\/fisicaccts\/wp-json\/wp\/v2\/users\/4"}],"replies":[{"embeddable":true,"href":"https:\/\/departamentos.uepb.edu.br\/fisicaccts\/wp-json\/wp\/v2\/comments?post=9"}],"version-history":[{"count":3,"href":"https:\/\/departamentos.uepb.edu.br\/fisicaccts\/wp-json\/wp\/v2\/pages\/9\/revisions"}],"predecessor-version":[{"id":26,"href":"https:\/\/departamentos.uepb.edu.br\/fisicaccts\/wp-json\/wp\/v2\/pages\/9\/revisions\/26"}],"wp:attachment":[{"href":"https:\/\/departamentos.uepb.edu.br\/fisicaccts\/wp-json\/wp\/v2\/media?parent=9"}],"curies":[{"name":"wp","href":"https:\/\/api.w.org\/{rel}","templated":true}]}}